{"id":2512,"date":"2023-12-25T12:23:58","date_gmt":"2023-12-25T12:23:58","guid":{"rendered":"https:\/\/marhbabikoum.inmorocco.com\/in-the-presse\/"},"modified":"2026-05-07T15:14:34","modified_gmt":"2026-05-07T15:14:34","slug":"in-the-presse","status":"publish","type":"page","link":"https:\/\/www.marhbabikoum.com\/en\/in-the-presse\/","title":{"rendered":"In the presse"},"content":{"rendered":"\t\t<div data-elementor-type=\"wp-page\" data-elementor-id=\"2512\" class=\"elementor elementor-2512 elementor-1490\">\n\t\t\t\t\t\t<div class=\"elementor-inner\">\n\t\t\t\t<div class=\"elementor-section-wrap\">\n\t\t\t\t\t\t\t\t\t<section class=\"elementor-section elementor-top-section elementor-element elementor-element-e29233e elementor-section-full_width elementor-section-height-default elementor-section-height-default\" data-id=\"e29233e\" data-element_type=\"section\" data-settings=\"{&quot;background_background&quot;:&quot;classic&quot;}\">\n\t\t\t\t\t\t<div class=\"elementor-container elementor-column-gap-default\">\n\t\t\t\t\t\t\t<div class=\"elementor-row\">\n\t\t\t\t\t<div class=\"elementor-column elementor-col-100 elementor-top-column elementor-element elementor-element-bca5c6f\" data-id=\"bca5c6f\" data-element_type=\"column\">\n\t\t\t<div class=\"elementor-column-wrap elementor-element-populated\">\n\t\t\t\t\t\t\t<div class=\"elementor-widget-wrap\">\n\t\t\t\t\t\t<div class=\"elementor-element elementor-element-b89ac12 elementor-widget elementor-widget-gva-heading-block\" data-id=\"b89ac12\" data-element_type=\"widget\" data-widget_type=\"gva-heading-block.default\">\n\t\t\t\t<div class=\"elementor-widget-container\">\n\t\t\t<div class=\"gva-element-gva-heading-block gva-element\">   <div class=\"align-center style-1 widget gsc-heading box-align-left auto-responsive\">\r\n      <div class=\"content-inner\">\r\n         \r\n                  \r\n           \r\n         \r\n                     <h2 class=\"title\">\r\n               <span>In the press<\/span>\r\n            <\/h2>\r\n                  \r\n         \r\n         \r\n      <\/div>\r\n   <\/div>\r\n<\/div>\t\t<\/div>\n\t\t\t\t<\/div>\n\t\t\t\t\t\t<\/div>\n\t\t\t\t\t<\/div>\n\t\t<\/div>\n\t\t\t\t\t\t\t\t<\/div>\n\t\t\t\t\t<\/div>\n\t\t<\/section>\n\t\t\t\t<section class=\"elementor-section elementor-top-section elementor-element elementor-element-b147a9d elementor-section-boxed elementor-section-height-default elementor-section-height-default\" data-id=\"b147a9d\" data-element_type=\"section\">\n\t\t\t\t\t\t<div class=\"elementor-container elementor-column-gap-default\">\n\t\t\t\t\t\t\t<div class=\"elementor-row\">\n\t\t\t\t\t<div class=\"elementor-column elementor-col-100 elementor-top-column elementor-element elementor-element-5d1c291\" data-id=\"5d1c291\" data-element_type=\"column\">\n\t\t\t<div class=\"elementor-column-wrap elementor-element-populated\">\n\t\t\t\t\t\t\t<div class=\"elementor-widget-wrap\">\n\t\t\t\t\t\t<div class=\"elementor-element elementor-element-bb2b0b6 elementor-widget elementor-widget-html\" data-id=\"bb2b0b6\" data-element_type=\"widget\" data-widget_type=\"html.default\">\n\t\t\t\t<div class=\"elementor-widget-container\">\n\t\t\t<!-- WuBook Javascript Library Eventually, put it inside your <head\/> tag\n-->\n<script src=\"https:\/\/wubook.net\/js\/wblib.jgz\"><\/script>\n<!-- put the following div where WuBook should be designed. Make sure to preserve the div contents (backlink) -->\n<div id=\"_baror_\" class=\"_baror____fixed\">\n  <a href=\"http:\/\/fr.wubook.net\/services\/channel-manager\/\" style=\"display: block; margin-top: 5px; text-decoration:none;border:none;background: rgba(0, 0, 0, 0); margin-top:0; z-index: 1000;\" target=\"_blank\">\n    <img decoding=\"async\" src=\"https:\/\/wubook.net\/imgs\/default\/booking_by_wu.gif\" alt=\"Syst\u00e8me de r\u00e9servation par WuBook\" title=\"WuBook\" style=\"border:none;text-decoration:none;padding: 2px;background:#fff;\">\n  <\/a>\n<\/div>\n<!-- Initialize the WuBook Object. Collect params settings. Call WuBook.design_bwidget(). Notice WuBook Object provides a lot of interesting features. -->\n<script>\n  var WuBook= new _WuBook(1531592890);\n  var wbparams= {\n    textcolorpk: '#988454',\n    fixedPosition: 1,\n    ditextcolor: '#ffffff',\n    textcolorbb: '#ffffff',\n    plusperc: 5,\n    listtypebb: '#ffffff',\n    buttoncoloras: '#1c375b',\n    iconcoloras: '#ffffff',\n    rpkgs: '',\n    avgcolor: '#988454',\n    labelcoloras: '#ffffff',\n    barbackground: 'rgba(0, 0, 0, 0)',\n    default_nights: 24,\n    textcolorcalendarbe: '#988454',\n    bordercolor: '#988454',\n    blocks: 'be,bb',\n    failback_lang: 'fr',\n    hdcode: '',\n    textcolorbuttonbe: '#ffffff',\n    avgtextcolor: '#ffffff',\n    diinputcolor: '#ffffff',\n    lang: 'fr',\n    buttoncolorbe: '#2c1412',\n    dibuttoncolor: '#008000',\n    wbgoogle: 1,\n    bgblocks: '#000000',\n    cmsgs: 'MSwyLDM=',\n    textcolornightspk: '#ffffff',\n    adchi: 1\n  };\n  WuBook.design_bwidget(\"_baror_\", wbparams);\n<\/script>\n<!-- that's all :) Thank you for using WuBook! -->\n \t\t<\/div>\n\t\t\t\t<\/div>\n\t\t\t\t\t\t<\/div>\n\t\t\t\t\t<\/div>\n\t\t<\/div>\n\t\t\t\t\t\t\t\t<\/div>\n\t\t\t\t\t<\/div>\n\t\t<\/section>\n\t\t\t\t<section class=\"elementor-section elementor-top-section elementor-element elementor-element-8efa06f elementor-section-boxed elementor-section-height-default elementor-section-height-default\" data-id=\"8efa06f\" data-element_type=\"section\">\n\t\t\t\t\t\t<div class=\"elementor-container elementor-column-gap-default\">\n\t\t\t\t\t\t\t<div class=\"elementor-row\">\n\t\t\t\t\t<div class=\"elementor-column elementor-col-100 elementor-top-column elementor-element elementor-element-3f69746\" data-id=\"3f69746\" data-element_type=\"column\">\n\t\t\t<div class=\"elementor-column-wrap elementor-element-populated\">\n\t\t\t\t\t\t\t<div class=\"elementor-widget-wrap\">\n\t\t\t\t\t\t<div class=\"elementor-element elementor-element-f6f4b0d elementor-widget elementor-widget-text-editor\" data-id=\"f6f4b0d\" data-element_type=\"widget\" data-widget_type=\"text-editor.default\">\n\t\t\t\t<div class=\"elementor-widget-container\">\n\t\t\t\t\t\t\t\t<div class=\"elementor-text-editor elementor-clearfix\">\n\t\t\t\t<ul>\n<li>\n              <a href=\"https:\/\/www.marhbabikoum.com\/presse\/1mag-mediterranee-maroc.jpg\" target=\"_blank\" rel=\"noopener\">Magazine Mediterran\u00e9e sp\u00e9cial Maroc<\/a>\n            <\/li>\n<li>\n              <a href=\"https:\/\/www.marhbabikoum.com\/presse\/2guide-lonely-planet-2009.jpg\" target=\"_blank\" rel=\"noopener\">Guide Lonely Planet 2009<\/a>\n            <\/li>\n<li>\n              <a href=\"https:\/\/www.marhbabikoum.com\/presse\/3revue-actives.jpg\" target=\"_blank\" rel=\"noopener\">Revue &#8220;actives&#8221;<\/a>\n            <\/li>\n<li>\n              <a href=\"https:\/\/www.marhbabikoum.com\/presse\/4Madame-a-Marrakech-oct2011.jpg\" target=\"_blank\" rel=\"noopener\">Madame \u00e0 Marrakech &#8211; Octobre 2011<\/a>\n            <\/li>\n<li>\n              <a href=\"https:\/\/www.marhbabikoum.com\/presse\/5Madame-a-Marrakech-nov2011.jpg\" target=\"_blank\" rel=\"noopener\">Madame \u00e0 Marrakech &#8211; Novembre 2011<\/a>\n            <\/li>\n<li>\n              <a href=\"https:\/\/www.marhbabikoum.com\/presse\/6Marrakech-pocket-nov2011.jpg\" target=\"_blank\" rel=\"noopener\">Marrakech Pocket &#8211; Novembre 2011 <\/a>\n            <\/li>\n<li>\n              <a href=\"https:\/\/www.marhbabikoum.com\/presse\/7destination-maroc-112.jpg\" target=\"_blank\" rel=\"noopener\">Destination Maroc n\u00b0112<\/a>\n            <\/li>\n<\/ul>\n\t\t\t\t\t<\/div>\n\t\t\t\t\t\t<\/div>\n\t\t\t\t<\/div>\n\t\t\t\t\t\t<\/div>\n\t\t\t\t\t<\/div>\n\t\t<\/div>\n\t\t\t\t\t\t\t\t<\/div>\n\t\t\t\t\t<\/div>\n\t\t<\/section>\n\t\t\t\t\t\t\t\t\t<\/div>\n\t\t\t<\/div>\n\t\t\t\t\t<\/div>\n\t\t","protected":false},"excerpt":{"rendered":"<p>In the press Magazine Mediterran\u00e9e sp\u00e9cial Maroc Guide Lonely Planet 2009 Revue &#8220;actives&#8221; Madame \u00e0 Marrakech &#8211; Octobre 2011 Madame \u00e0 Marrakech &#8211; Novembre 2011 Marrakech Pocket &#8211; Novembre 2011 Destination Maroc n\u00b0112<\/p>\n","protected":false},"author":1,"featured_media":0,"parent":0,"menu_order":0,"comment_status":"closed","ping_status":"closed","template":"","meta":{"footnotes":""},"yoast_head":"<!-- This site is optimized with the Yoast SEO plugin v21.9.1 - https:\/\/yoast.com\/wordpress\/plugins\/seo\/ -->\n<title>Marrakech Honored: Acclaimed Guides and Local Magazines<\/title>\n<meta name=\"description\" content=\"Discover Marrakech with Lonely Planet and the local magazines &#039;Madame \u00e0 Marrakech&#039; and &#039;Marrakech Pocket&#039;. A unique experience awaits you!\" \/>\n<meta name=\"robots\" content=\"index, follow, max-snippet:-1, max-image-preview:large, max-video-preview:-1\" \/>\n<link rel=\"canonical\" href=\"https:\/\/www.marhbabikoum.com\/en\/in-the-presse\/\" \/>\n<meta property=\"og:locale\" content=\"en_US\" \/>\n<meta property=\"og:type\" content=\"article\" \/>\n<meta property=\"og:title\" content=\"Marrakech Honored: Acclaimed Guides and Local Magazines\" \/>\n<meta property=\"og:description\" content=\"Discover Marrakech with Lonely Planet and the local magazines &#039;Madame \u00e0 Marrakech&#039; and &#039;Marrakech Pocket&#039;. A unique experience awaits you!\" \/>\n<meta property=\"og:url\" content=\"https:\/\/www.marhbabikoum.com\/en\/in-the-presse\/\" \/>\n<meta property=\"og:site_name\" content=\"Riad Marhbabikoum\" \/>\n<meta property=\"article:modified_time\" content=\"2026-05-07T15:14:34+00:00\" \/>\n<meta property=\"og:image\" content=\"https:\/\/wubook.net\/imgs\/default\/booking_by_wu.gif\" \/>\n<meta name=\"twitter:card\" content=\"summary_large_image\" \/>\n<meta name=\"twitter:label1\" content=\"Est. reading time\" \/>\n\t<meta name=\"twitter:data1\" content=\"1 minute\" \/>\n<script type=\"application\/ld+json\" class=\"yoast-schema-graph\">{\"@context\":\"https:\/\/schema.org\",\"@graph\":[{\"@type\":\"WebPage\",\"@id\":\"https:\/\/www.marhbabikoum.com\/en\/in-the-presse\/\",\"url\":\"https:\/\/www.marhbabikoum.com\/en\/in-the-presse\/\",\"name\":\"Marrakech Honored: Acclaimed Guides and Local Magazines\",\"isPartOf\":{\"@id\":\"https:\/\/www.marhbabikoum.com\/#website\"},\"datePublished\":\"2023-12-25T12:23:58+00:00\",\"dateModified\":\"2026-05-07T15:14:34+00:00\",\"description\":\"Discover Marrakech with Lonely Planet and the local magazines 'Madame \u00e0 Marrakech' and 'Marrakech Pocket'. A unique experience awaits you!\",\"breadcrumb\":{\"@id\":\"https:\/\/www.marhbabikoum.com\/en\/in-the-presse\/#breadcrumb\"},\"inLanguage\":\"en-US\",\"potentialAction\":[{\"@type\":\"ReadAction\",\"target\":[\"https:\/\/www.marhbabikoum.com\/en\/in-the-presse\/\"]}]},{\"@type\":\"BreadcrumbList\",\"@id\":\"https:\/\/www.marhbabikoum.com\/en\/in-the-presse\/#breadcrumb\",\"itemListElement\":[{\"@type\":\"ListItem\",\"position\":1,\"name\":\"Accueil\",\"item\":\"https:\/\/www.marhbabikoum.com\/en\/\"},{\"@type\":\"ListItem\",\"position\":2,\"name\":\"In the presse\"}]},{\"@type\":\"WebSite\",\"@id\":\"https:\/\/www.marhbabikoum.com\/#website\",\"url\":\"https:\/\/www.marhbabikoum.com\/\",\"name\":\"Riad Marhbabikoum\",\"description\":\"Guest House in Marrakech\",\"publisher\":{\"@id\":\"https:\/\/www.marhbabikoum.com\/#organization\"},\"alternateName\":\"Riad Marhbabikoum\",\"potentialAction\":[{\"@type\":\"SearchAction\",\"target\":{\"@type\":\"EntryPoint\",\"urlTemplate\":\"https:\/\/www.marhbabikoum.com\/?s={search_term_string}\"},\"query-input\":\"required name=search_term_string\"}],\"inLanguage\":\"en-US\"},{\"@type\":\"Organization\",\"@id\":\"https:\/\/www.marhbabikoum.com\/#organization\",\"name\":\"Riad Marhbabikoum\",\"alternateName\":\"Riad Marhbabikoum\",\"url\":\"https:\/\/www.marhbabikoum.com\/\",\"logo\":{\"@type\":\"ImageObject\",\"inLanguage\":\"en-US\",\"@id\":\"https:\/\/www.marhbabikoum.com\/#\/schema\/logo\/image\/\",\"url\":\"https:\/\/www.marhbabikoum.com\/wp-content\/uploads\/2023\/01\/Riad_Marhbabikoum-logo.png\",\"contentUrl\":\"https:\/\/www.marhbabikoum.com\/wp-content\/uploads\/2023\/01\/Riad_Marhbabikoum-logo.png\",\"width\":1000,\"height\":1000,\"caption\":\"Riad Marhbabikoum\"},\"image\":{\"@id\":\"https:\/\/www.marhbabikoum.com\/#\/schema\/logo\/image\/\"}}]}<\/script>\n<!-- \/ Yoast SEO plugin. -->","yoast_head_json":{"title":"Marrakech Honored: Acclaimed Guides and Local Magazines","description":"Discover Marrakech with Lonely Planet and the local magazines 'Madame \u00e0 Marrakech' and 'Marrakech Pocket'. A unique experience awaits you!","robots":{"index":"index","follow":"follow","max-snippet":"max-snippet:-1","max-image-preview":"max-image-preview:large","max-video-preview":"max-video-preview:-1"},"canonical":"https:\/\/www.marhbabikoum.com\/en\/in-the-presse\/","og_locale":"en_US","og_type":"article","og_title":"Marrakech Honored: Acclaimed Guides and Local Magazines","og_description":"Discover Marrakech with Lonely Planet and the local magazines 'Madame \u00e0 Marrakech' and 'Marrakech Pocket'. A unique experience awaits you!","og_url":"https:\/\/www.marhbabikoum.com\/en\/in-the-presse\/","og_site_name":"Riad Marhbabikoum","article_modified_time":"2026-05-07T15:14:34+00:00","og_image":[{"url":"https:\/\/wubook.net\/imgs\/default\/booking_by_wu.gif"}],"twitter_card":"summary_large_image","twitter_misc":{"Est. reading time":"1 minute"},"schema":{"@context":"https:\/\/schema.org","@graph":[{"@type":"WebPage","@id":"https:\/\/www.marhbabikoum.com\/en\/in-the-presse\/","url":"https:\/\/www.marhbabikoum.com\/en\/in-the-presse\/","name":"Marrakech Honored: Acclaimed Guides and Local Magazines","isPartOf":{"@id":"https:\/\/www.marhbabikoum.com\/#website"},"datePublished":"2023-12-25T12:23:58+00:00","dateModified":"2026-05-07T15:14:34+00:00","description":"Discover Marrakech with Lonely Planet and the local magazines 'Madame \u00e0 Marrakech' and 'Marrakech Pocket'. A unique experience awaits you!","breadcrumb":{"@id":"https:\/\/www.marhbabikoum.com\/en\/in-the-presse\/#breadcrumb"},"inLanguage":"en-US","potentialAction":[{"@type":"ReadAction","target":["https:\/\/www.marhbabikoum.com\/en\/in-the-presse\/"]}]},{"@type":"BreadcrumbList","@id":"https:\/\/www.marhbabikoum.com\/en\/in-the-presse\/#breadcrumb","itemListElement":[{"@type":"ListItem","position":1,"name":"Accueil","item":"https:\/\/www.marhbabikoum.com\/en\/"},{"@type":"ListItem","position":2,"name":"In the presse"}]},{"@type":"WebSite","@id":"https:\/\/www.marhbabikoum.com\/#website","url":"https:\/\/www.marhbabikoum.com\/","name":"Riad Marhbabikoum","description":"Guest House in Marrakech","publisher":{"@id":"https:\/\/www.marhbabikoum.com\/#organization"},"alternateName":"Riad Marhbabikoum","potentialAction":[{"@type":"SearchAction","target":{"@type":"EntryPoint","urlTemplate":"https:\/\/www.marhbabikoum.com\/?s={search_term_string}"},"query-input":"required name=search_term_string"}],"inLanguage":"en-US"},{"@type":"Organization","@id":"https:\/\/www.marhbabikoum.com\/#organization","name":"Riad Marhbabikoum","alternateName":"Riad Marhbabikoum","url":"https:\/\/www.marhbabikoum.com\/","logo":{"@type":"ImageObject","inLanguage":"en-US","@id":"https:\/\/www.marhbabikoum.com\/#\/schema\/logo\/image\/","url":"https:\/\/www.marhbabikoum.com\/wp-content\/uploads\/2023\/01\/Riad_Marhbabikoum-logo.png","contentUrl":"https:\/\/www.marhbabikoum.com\/wp-content\/uploads\/2023\/01\/Riad_Marhbabikoum-logo.png","width":1000,"height":1000,"caption":"Riad Marhbabikoum"},"image":{"@id":"https:\/\/www.marhbabikoum.com\/#\/schema\/logo\/image\/"}}]}},"_links":{"self":[{"href":"https:\/\/www.marhbabikoum.com\/en\/wp-json\/wp\/v2\/pages\/2512"}],"collection":[{"href":"https:\/\/www.marhbabikoum.com\/en\/wp-json\/wp\/v2\/pages"}],"about":[{"href":"https:\/\/www.marhbabikoum.com\/en\/wp-json\/wp\/v2\/types\/page"}],"author":[{"embeddable":true,"href":"https:\/\/www.marhbabikoum.com\/en\/wp-json\/wp\/v2\/users\/1"}],"replies":[{"embeddable":true,"href":"https:\/\/www.marhbabikoum.com\/en\/wp-json\/wp\/v2\/comments?post=2512"}],"version-history":[{"count":4,"href":"https:\/\/www.marhbabikoum.com\/en\/wp-json\/wp\/v2\/pages\/2512\/revisions"}],"predecessor-version":[{"id":2636,"href":"https:\/\/www.marhbabikoum.com\/en\/wp-json\/wp\/v2\/pages\/2512\/revisions\/2636"}],"wp:attachment":[{"href":"https:\/\/www.marhbabikoum.com\/en\/wp-json\/wp\/v2\/media?parent=2512"}],"curies":[{"name":"wp","href":"https:\/\/api.w.org\/{rel}","templated":true}]}}