{"id":2740,"date":"2023-12-25T12:24:49","date_gmt":"2023-12-25T12:24:49","guid":{"rendered":"https:\/\/marhbabikoum.inmorocco.com\/cgv\/"},"modified":"2026-05-07T15:15:19","modified_gmt":"2026-05-07T15:15:19","slug":"cgv","status":"publish","type":"page","link":"https:\/\/www.marhbabikoum.com\/es\/cgv\/","title":{"rendered":"CGV"},"content":{"rendered":"\t\t<div data-elementor-type=\"wp-page\" data-elementor-id=\"2740\" class=\"elementor elementor-2740 elementor-1493\">\n\t\t\t\t\t\t<div class=\"elementor-inner\">\n\t\t\t\t<div class=\"elementor-section-wrap\">\n\t\t\t\t\t\t\t\t\t<section class=\"elementor-section elementor-top-section elementor-element elementor-element-e29233e elementor-section-full_width elementor-section-height-default elementor-section-height-default\" data-id=\"e29233e\" data-element_type=\"section\" data-settings=\"{&quot;background_background&quot;:&quot;classic&quot;}\">\n\t\t\t\t\t\t<div class=\"elementor-container elementor-column-gap-default\">\n\t\t\t\t\t\t\t<div class=\"elementor-row\">\n\t\t\t\t\t<div class=\"elementor-column elementor-col-100 elementor-top-column elementor-element elementor-element-bca5c6f\" data-id=\"bca5c6f\" data-element_type=\"column\">\n\t\t\t<div class=\"elementor-column-wrap elementor-element-populated\">\n\t\t\t\t\t\t\t<div class=\"elementor-widget-wrap\">\n\t\t\t\t\t\t<div class=\"elementor-element elementor-element-b89ac12 elementor-widget elementor-widget-gva-heading-block\" data-id=\"b89ac12\" data-element_type=\"widget\" data-widget_type=\"gva-heading-block.default\">\n\t\t\t\t<div class=\"elementor-widget-container\">\n\t\t\t<div class=\"gva-element-gva-heading-block gva-element\">   <div class=\"align-center style-1 widget gsc-heading box-align-left auto-responsive\">\r\n      <div class=\"content-inner\">\r\n         \r\n                  \r\n           \r\n         \r\n                     <h2 class=\"title\">\r\n               <span>CGV<\/span>\r\n            <\/h2>\r\n                  \r\n         \r\n         \r\n      <\/div>\r\n   <\/div>\r\n<\/div>\t\t<\/div>\n\t\t\t\t<\/div>\n\t\t\t\t\t\t<\/div>\n\t\t\t\t\t<\/div>\n\t\t<\/div>\n\t\t\t\t\t\t\t\t<\/div>\n\t\t\t\t\t<\/div>\n\t\t<\/section>\n\t\t\t\t<section class=\"elementor-section elementor-top-section elementor-element elementor-element-b147a9d elementor-section-boxed elementor-section-height-default elementor-section-height-default\" data-id=\"b147a9d\" data-element_type=\"section\">\n\t\t\t\t\t\t<div class=\"elementor-container elementor-column-gap-default\">\n\t\t\t\t\t\t\t<div class=\"elementor-row\">\n\t\t\t\t\t<div class=\"elementor-column elementor-col-100 elementor-top-column elementor-element elementor-element-5d1c291\" data-id=\"5d1c291\" data-element_type=\"column\">\n\t\t\t<div class=\"elementor-column-wrap elementor-element-populated\">\n\t\t\t\t\t\t\t<div class=\"elementor-widget-wrap\">\n\t\t\t\t\t\t<div class=\"elementor-element elementor-element-bb2b0b6 elementor-widget elementor-widget-html\" data-id=\"bb2b0b6\" data-element_type=\"widget\" data-widget_type=\"html.default\">\n\t\t\t\t<div class=\"elementor-widget-container\">\n\t\t\t<!-- WuBook Javascript Library Eventually, put it inside your <head\/> tag\n-->\n<script src=\"https:\/\/wubook.net\/js\/wblib.jgz\"><\/script>\n<!-- put the following div where WuBook should be designed. Make sure to preserve the div contents (backlink) -->\n<div id=\"_baror_\" class=\"_baror____fixed\">\n  <a href=\"http:\/\/fr.wubook.net\/services\/channel-manager\/\" style=\"display: block; margin-top: 5px; text-decoration:none;border:none;background: rgba(0, 0, 0, 0); margin-top:0; z-index: 1000;\" target=\"_blank\">\n    <img decoding=\"async\" src=\"https:\/\/wubook.net\/imgs\/default\/booking_by_wu.gif\" alt=\"Sistema de reservas WuBook\" title=\"WuBook\" style=\"border:none;text-decoration:none;padding: 2px;background:#fff;\">\n  <\/a>\n<\/div>\n<!-- Initialize the WuBook Object. Collect params settings. Call WuBook.design_bwidget(). Notice WuBook Object provides a lot of interesting features. -->\n<script>\n  var WuBook= new _WuBook(1531592890);\n  var wbparams= {\n    textcolorpk: '#988454',\n    fixedPosition: 1,\n    ditextcolor: '#ffffff',\n    textcolorbb: '#ffffff',\n    plusperc: 5,\n    listtypebb: '#ffffff',\n    buttoncoloras: '#1c375b',\n    iconcoloras: '#ffffff',\n    rpkgs: '',\n    avgcolor: '#988454',\n    labelcoloras: '#ffffff',\n    barbackground: 'rgba(0, 0, 0, 0)',\n    default_nights: 24,\n    textcolorcalendarbe: '#988454',\n    bordercolor: '#988454',\n    blocks: 'be,bb',\n    failback_lang: 'fr',\n    hdcode: '',\n    textcolorbuttonbe: '#ffffff',\n    avgtextcolor: '#ffffff',\n    diinputcolor: '#ffffff',\n    lang: 'fr',\n    buttoncolorbe: '#2c1412',\n    dibuttoncolor: '#008000',\n    wbgoogle: 1,\n    bgblocks: '#000000',\n    cmsgs: 'MSwyLDM=',\n    textcolornightspk: '#ffffff',\n    adchi: 1\n  };\n  WuBook.design_bwidget(\"_baror_\", wbparams);\n<\/script>\n<!-- that's all :) Thank you for using WuBook! -->\n \t\t<\/div>\n\t\t\t\t<\/div>\n\t\t\t\t\t\t<\/div>\n\t\t\t\t\t<\/div>\n\t\t<\/div>\n\t\t\t\t\t\t\t\t<\/div>\n\t\t\t\t\t<\/div>\n\t\t<\/section>\n\t\t\t\t<section class=\"elementor-section elementor-top-section elementor-element elementor-element-8efa06f elementor-section-boxed elementor-section-height-default elementor-section-height-default\" data-id=\"8efa06f\" data-element_type=\"section\">\n\t\t\t\t\t\t<div class=\"elementor-container elementor-column-gap-default\">\n\t\t\t\t\t\t\t<div class=\"elementor-row\">\n\t\t\t\t\t<div class=\"elementor-column elementor-col-100 elementor-top-column elementor-element elementor-element-3f69746\" data-id=\"3f69746\" data-element_type=\"column\">\n\t\t\t<div class=\"elementor-column-wrap elementor-element-populated\">\n\t\t\t\t\t\t\t<div class=\"elementor-widget-wrap\">\n\t\t\t\t\t\t<div class=\"elementor-element elementor-element-2d82762 elementor-widget elementor-widget-heading\" data-id=\"2d82762\" data-element_type=\"widget\" data-widget_type=\"heading.default\">\n\t\t\t\t<div class=\"elementor-widget-container\">\n\t\t\t<h2 class=\"elementor-heading-title elementor-size-default\">TARIFS<\/h2>\t\t<\/div>\n\t\t\t\t<\/div>\n\t\t\t\t<div class=\"elementor-element elementor-element-9a1c9b6 elementor-widget elementor-widget-text-editor\" data-id=\"9a1c9b6\" data-element_type=\"widget\" data-widget_type=\"text-editor.default\">\n\t\t\t\t<div class=\"elementor-widget-container\">\n\t\t\t\t\t\t\t\t<div class=\"elementor-text-editor elementor-clearfix\">\n\t\t\t\t<p>Nos tarifs incluent le petit-d\u00e9jeuner et sont sur la base d\u2019une occupation de la chambre par 2 personnes.<\/p>\n<p>Vous pouvez demander le tarif dans la devise de votere choix dans le moteur de r\u00e9servations, la TVA est incluse, pas les taxes locales. La facturation se fait en dirhams marocains.<\/p>\n<p>Le taux de change appliqu\u00e9 est pris en ligne, selon le change en cours le jour de votre r\u00e9servation.<\/p>\n\t\t\t\t\t<\/div>\n\t\t\t\t\t\t<\/div>\n\t\t\t\t<\/div>\n\t\t\t\t<div class=\"elementor-element elementor-element-4dcf50a elementor-widget elementor-widget-heading\" data-id=\"4dcf50a\" data-element_type=\"widget\" data-widget_type=\"heading.default\">\n\t\t\t\t<div class=\"elementor-widget-container\">\n\t\t\t<h2 class=\"elementor-heading-title elementor-size-default\">TAXES LOCALES<\/h2>\t\t<\/div>\n\t\t\t\t<\/div>\n\t\t\t\t<div class=\"elementor-element elementor-element-543bb27 elementor-widget elementor-widget-text-editor\" data-id=\"543bb27\" data-element_type=\"widget\" data-widget_type=\"text-editor.default\">\n\t\t\t\t<div class=\"elementor-widget-container\">\n\t\t\t\t\t\t\t\t<div class=\"elementor-text-editor elementor-clearfix\">\n\t\t\t\t<p>Le Riad Marhbabikoum ayant le statut de maison d\u2019h\u00f4tes, il doit facturer 2 taxes de s\u00e9jour \u00e0 ses clients :<\/p>\n<ul>\n<li>La Taxe de Promotion Touristique (TPT) : 11 DHS par personne et par nuit<\/li>\n<li>La Taxe Communale (depuis janvier 2008) : 15 DHS par personne et par nuit<\/li>\n<\/ul>\n<p>Ces taxes sont revers\u00e9es \u00e0 la Commune de Marrakech et \u00e0 l\u2019Office National Marocain du Tourisme.<\/p>\n\t\t\t\t\t<\/div>\n\t\t\t\t\t\t<\/div>\n\t\t\t\t<\/div>\n\t\t\t\t<div class=\"elementor-element elementor-element-9cde387 elementor-widget elementor-widget-heading\" data-id=\"9cde387\" data-element_type=\"widget\" data-widget_type=\"heading.default\">\n\t\t\t\t<div class=\"elementor-widget-container\">\n\t\t\t<h2 class=\"elementor-heading-title elementor-size-default\">CONDITIONS DE R\u00c9SERVATION (HORS PRIVATISATION DU RIAD)<\/h2>\t\t<\/div>\n\t\t\t\t<\/div>\n\t\t\t\t<div class=\"elementor-element elementor-element-8253efd elementor-widget elementor-widget-text-editor\" data-id=\"8253efd\" data-element_type=\"widget\" data-widget_type=\"text-editor.default\">\n\t\t\t\t<div class=\"elementor-widget-container\">\n\t\t\t\t\t\t\t\t<div class=\"elementor-text-editor elementor-clearfix\">\n\t\t\t\t<ul>\n<li>Toute r\u00e9servation sera garantie et deviendra <strong>d\u00e9finitive<\/strong> \u00e0 r\u00e9ception d\u2019un ACOMPTE de 30 % de la totalit\u00e9 des nuit\u00e9es r\u00e9serv\u00e9es.<\/li>\n<li>L\u2019acompte est \u00e0 r\u00e9gler soit par carte bancaire ou virement bancaire lors de la r\u00e9servation dans un d\u00e9lai de 8 jours apr\u00e8s la demande de l\u2019acompte par mail.<\/li>\n<li>Le paiement du solde et des extras \u00e9ventuels se fait au moment du check-out au Riad en esp\u00e8ces ou par carte bancaire.<\/li>\n<li>Dans le cas d\u2019une r\u00e9servation en ligne l&#8217;acompte est \u00e0 r\u00e9gler par carte bancaire au moment de la r\u00e9servation en ligne.<\/li>\n<\/ul>\n\t\t\t\t\t<\/div>\n\t\t\t\t\t\t<\/div>\n\t\t\t\t<\/div>\n\t\t\t\t<div class=\"elementor-element elementor-element-926dff4 elementor-widget elementor-widget-heading\" data-id=\"926dff4\" data-element_type=\"widget\" data-widget_type=\"heading.default\">\n\t\t\t\t<div class=\"elementor-widget-container\">\n\t\t\t<h2 class=\"elementor-heading-title elementor-size-default\">ANNULATIONS<\/h2>\t\t<\/div>\n\t\t\t\t<\/div>\n\t\t\t\t<div class=\"elementor-element elementor-element-be407ff elementor-widget elementor-widget-text-editor\" data-id=\"be407ff\" data-element_type=\"widget\" data-widget_type=\"text-editor.default\">\n\t\t\t\t<div class=\"elementor-widget-container\">\n\t\t\t\t\t\t\t\t<div class=\"elementor-text-editor elementor-clearfix\">\n\t\t\t\t<p>Annulation possible sans frais jusqu\u2019\u00e0 10 jours avant la date d\u2019arriv\u00e9e. Au-del\u00e0 de ce d\u00e9lai, facturation d\u2019une nuit\u00e9e. En cas d&#8217;annulation ou de modification jusqu&#8217;\u00e0 10 jours avant la date d&#8217;arriv\u00e9e, l&#8217;\u00e9tablissement ne pr\u00e9l\u00e8ve pas de frais. En cas d&#8217;annulation entre 9 jours et 3 jours ,avant la date d&#8217;arriv\u00e9e, l&#8217;\u00e9tablissements vous charge la premi\u00e8re nuit, En cas d&#8217;annulation 2 jours avant la date d&#8217;arriv\u00e9e, ou de non-pr\u00e9sentation, l&#8217;\u00e9tablissement charge le 100% du montant total de la r\u00e9servation.<\/p>\n\t\t\t\t\t<\/div>\n\t\t\t\t\t\t<\/div>\n\t\t\t\t<\/div>\n\t\t\t\t<div class=\"elementor-element elementor-element-a7d5152 elementor-widget elementor-widget-heading\" data-id=\"a7d5152\" data-element_type=\"widget\" data-widget_type=\"heading.default\">\n\t\t\t\t<div class=\"elementor-widget-container\">\n\t\t\t<h2 class=\"elementor-heading-title elementor-size-default\">FORMALIT\u00c9S POUR LES VOYAGEURS INDIVIDUELS<\/h2>\t\t<\/div>\n\t\t\t\t<\/div>\n\t\t\t\t<div class=\"elementor-element elementor-element-930c828 elementor-widget elementor-widget-text-editor\" data-id=\"930c828\" data-element_type=\"widget\" data-widget_type=\"text-editor.default\">\n\t\t\t\t<div class=\"elementor-widget-container\">\n\t\t\t\t\t\t\t\t<div class=\"elementor-text-editor elementor-clearfix\">\n\t\t\t\t<ul>\n<li>Pour tout voyageur individuel, qui ne voyage pas avec un tour Operateur, le passeport en cours de validit\u00e9 (6 mois apr\u00e8s le retour) est OBLIGATOIRE y compris pour les enfants.<\/li>\n<li>Le s\u00e9jour touristique est limit\u00e9 \u00e0 3 mois.<\/li>\n<li>Certaines nationalit\u00e9s sont soumises \u00e0 l\u2019obtention d\u2019un visa, renseignez-vous aupr\u00e8s du consulat marocain de votre pays de r\u00e9sidence.<\/li>\n<li>La loi marocaine nous interdit de recevoir les ressortissants d\u2019un pays musulman non mari\u00e9s.<\/li>\n<\/ul>\n\t\t\t\t\t<\/div>\n\t\t\t\t\t\t<\/div>\n\t\t\t\t<\/div>\n\t\t\t\t\t\t<\/div>\n\t\t\t\t\t<\/div>\n\t\t<\/div>\n\t\t\t\t\t\t\t\t<\/div>\n\t\t\t\t\t<\/div>\n\t\t<\/section>\n\t\t\t\t\t\t\t\t\t<\/div>\n\t\t\t<\/div>\n\t\t\t\t\t<\/div>\n\t\t","protected":false},"excerpt":{"rendered":"<p>CGV TARIFS Nos tarifs incluent le petit-d\u00e9jeuner et sont sur la base d\u2019une occupation de la chambre par 2 personnes. Vous pouvez demander le tarif dans la devise de votere choix dans le moteur de r\u00e9servations, la TVA est incluse, pas les taxes locales. La facturation se fait en dirhams marocains. Le taux de change [&hellip;]<\/p>\n","protected":false},"author":1,"featured_media":0,"parent":0,"menu_order":0,"comment_status":"closed","ping_status":"closed","template":"","meta":{"footnotes":""},"yoast_head":"<!-- This site is optimized with the Yoast SEO plugin v21.9.1 - https:\/\/yoast.com\/wordpress\/plugins\/seo\/ -->\n<title>Pr\u00e9parez votre s\u00e9jour \u00e0 Marrakech : conseils avant la r\u00e9servation<\/title>\n<meta name=\"description\" content=\"Explorez les tarifs attractifs du Riad Marhbabikoum, plus traditionnel, pr\u00e8s de Jamaa el Fna. R\u00e9servez maintenant pour une exp\u00e9rience authentique \u00e0 Marrakech.\" \/>\n<meta name=\"robots\" content=\"index, follow, max-snippet:-1, max-image-preview:large, max-video-preview:-1\" \/>\n<link rel=\"canonical\" href=\"https:\/\/www.marhbabikoum.com\/es\/cgv\/\" \/>\n<meta property=\"og:locale\" content=\"es_ES\" \/>\n<meta property=\"og:type\" content=\"article\" \/>\n<meta property=\"og:title\" content=\"Pr\u00e9parez votre s\u00e9jour \u00e0 Marrakech : conseils avant la r\u00e9servation\" \/>\n<meta property=\"og:description\" content=\"Explorez les tarifs attractifs du Riad Marhbabikoum, plus traditionnel, pr\u00e8s de Jamaa el Fna. R\u00e9servez maintenant pour une exp\u00e9rience authentique \u00e0 Marrakech.\" \/>\n<meta property=\"og:url\" content=\"https:\/\/www.marhbabikoum.com\/es\/cgv\/\" \/>\n<meta property=\"og:site_name\" content=\"Riad Marhbabikoum\" \/>\n<meta property=\"article:modified_time\" content=\"2026-05-07T15:15:19+00:00\" \/>\n<meta property=\"og:image\" content=\"https:\/\/wubook.net\/imgs\/default\/booking_by_wu.gif\" \/>\n<meta name=\"twitter:card\" content=\"summary_large_image\" \/>\n<meta name=\"twitter:label1\" content=\"Tiempo de lectura\" \/>\n\t<meta name=\"twitter:data1\" content=\"3 minutos\" \/>\n<script type=\"application\/ld+json\" class=\"yoast-schema-graph\">{\"@context\":\"https:\/\/schema.org\",\"@graph\":[{\"@type\":\"WebPage\",\"@id\":\"https:\/\/www.marhbabikoum.com\/es\/cgv\/\",\"url\":\"https:\/\/www.marhbabikoum.com\/es\/cgv\/\",\"name\":\"Pr\u00e9parez votre s\u00e9jour \u00e0 Marrakech : conseils avant la r\u00e9servation\",\"isPartOf\":{\"@id\":\"https:\/\/www.marhbabikoum.com\/#website\"},\"datePublished\":\"2023-12-25T12:24:49+00:00\",\"dateModified\":\"2026-05-07T15:15:19+00:00\",\"description\":\"Explorez les tarifs attractifs du Riad Marhbabikoum, plus traditionnel, pr\u00e8s de Jamaa el Fna. R\u00e9servez maintenant pour une exp\u00e9rience authentique \u00e0 Marrakech.\",\"breadcrumb\":{\"@id\":\"https:\/\/www.marhbabikoum.com\/es\/cgv\/#breadcrumb\"},\"inLanguage\":\"es\",\"potentialAction\":[{\"@type\":\"ReadAction\",\"target\":[\"https:\/\/www.marhbabikoum.com\/es\/cgv\/\"]}]},{\"@type\":\"BreadcrumbList\",\"@id\":\"https:\/\/www.marhbabikoum.com\/es\/cgv\/#breadcrumb\",\"itemListElement\":[{\"@type\":\"ListItem\",\"position\":1,\"name\":\"Accueil\",\"item\":\"https:\/\/www.marhbabikoum.com\/es\/\"},{\"@type\":\"ListItem\",\"position\":2,\"name\":\"CGV\"}]},{\"@type\":\"WebSite\",\"@id\":\"https:\/\/www.marhbabikoum.com\/#website\",\"url\":\"https:\/\/www.marhbabikoum.com\/\",\"name\":\"Riad Marhbabikoum\",\"description\":\"Maison d&#039;h\u00f4tes \u00e0 Marrakech\",\"publisher\":{\"@id\":\"https:\/\/www.marhbabikoum.com\/#organization\"},\"alternateName\":\"Riad Marhbabikoum\",\"potentialAction\":[{\"@type\":\"SearchAction\",\"target\":{\"@type\":\"EntryPoint\",\"urlTemplate\":\"https:\/\/www.marhbabikoum.com\/?s={search_term_string}\"},\"query-input\":\"required name=search_term_string\"}],\"inLanguage\":\"es\"},{\"@type\":\"Organization\",\"@id\":\"https:\/\/www.marhbabikoum.com\/#organization\",\"name\":\"Riad Marhbabikoum\",\"alternateName\":\"Riad Marhbabikoum\",\"url\":\"https:\/\/www.marhbabikoum.com\/\",\"logo\":{\"@type\":\"ImageObject\",\"inLanguage\":\"es\",\"@id\":\"https:\/\/www.marhbabikoum.com\/#\/schema\/logo\/image\/\",\"url\":\"https:\/\/www.marhbabikoum.com\/wp-content\/uploads\/2023\/01\/Riad_Marhbabikoum-logo.png\",\"contentUrl\":\"https:\/\/www.marhbabikoum.com\/wp-content\/uploads\/2023\/01\/Riad_Marhbabikoum-logo.png\",\"width\":1000,\"height\":1000,\"caption\":\"Riad Marhbabikoum\"},\"image\":{\"@id\":\"https:\/\/www.marhbabikoum.com\/#\/schema\/logo\/image\/\"}}]}<\/script>\n<!-- \/ Yoast SEO plugin. -->","yoast_head_json":{"title":"Pr\u00e9parez votre s\u00e9jour \u00e0 Marrakech : conseils avant la r\u00e9servation","description":"Explorez les tarifs attractifs du Riad Marhbabikoum, plus traditionnel, pr\u00e8s de Jamaa el Fna. R\u00e9servez maintenant pour une exp\u00e9rience authentique \u00e0 Marrakech.","robots":{"index":"index","follow":"follow","max-snippet":"max-snippet:-1","max-image-preview":"max-image-preview:large","max-video-preview":"max-video-preview:-1"},"canonical":"https:\/\/www.marhbabikoum.com\/es\/cgv\/","og_locale":"es_ES","og_type":"article","og_title":"Pr\u00e9parez votre s\u00e9jour \u00e0 Marrakech : conseils avant la r\u00e9servation","og_description":"Explorez les tarifs attractifs du Riad Marhbabikoum, plus traditionnel, pr\u00e8s de Jamaa el Fna. R\u00e9servez maintenant pour une exp\u00e9rience authentique \u00e0 Marrakech.","og_url":"https:\/\/www.marhbabikoum.com\/es\/cgv\/","og_site_name":"Riad Marhbabikoum","article_modified_time":"2026-05-07T15:15:19+00:00","og_image":[{"url":"https:\/\/wubook.net\/imgs\/default\/booking_by_wu.gif"}],"twitter_card":"summary_large_image","twitter_misc":{"Tiempo de lectura":"3 minutos"},"schema":{"@context":"https:\/\/schema.org","@graph":[{"@type":"WebPage","@id":"https:\/\/www.marhbabikoum.com\/es\/cgv\/","url":"https:\/\/www.marhbabikoum.com\/es\/cgv\/","name":"Pr\u00e9parez votre s\u00e9jour \u00e0 Marrakech : conseils avant la r\u00e9servation","isPartOf":{"@id":"https:\/\/www.marhbabikoum.com\/#website"},"datePublished":"2023-12-25T12:24:49+00:00","dateModified":"2026-05-07T15:15:19+00:00","description":"Explorez les tarifs attractifs du Riad Marhbabikoum, plus traditionnel, pr\u00e8s de Jamaa el Fna. R\u00e9servez maintenant pour une exp\u00e9rience authentique \u00e0 Marrakech.","breadcrumb":{"@id":"https:\/\/www.marhbabikoum.com\/es\/cgv\/#breadcrumb"},"inLanguage":"es","potentialAction":[{"@type":"ReadAction","target":["https:\/\/www.marhbabikoum.com\/es\/cgv\/"]}]},{"@type":"BreadcrumbList","@id":"https:\/\/www.marhbabikoum.com\/es\/cgv\/#breadcrumb","itemListElement":[{"@type":"ListItem","position":1,"name":"Accueil","item":"https:\/\/www.marhbabikoum.com\/es\/"},{"@type":"ListItem","position":2,"name":"CGV"}]},{"@type":"WebSite","@id":"https:\/\/www.marhbabikoum.com\/#website","url":"https:\/\/www.marhbabikoum.com\/","name":"Riad Marhbabikoum","description":"Maison d&#039;h\u00f4tes \u00e0 Marrakech","publisher":{"@id":"https:\/\/www.marhbabikoum.com\/#organization"},"alternateName":"Riad Marhbabikoum","potentialAction":[{"@type":"SearchAction","target":{"@type":"EntryPoint","urlTemplate":"https:\/\/www.marhbabikoum.com\/?s={search_term_string}"},"query-input":"required name=search_term_string"}],"inLanguage":"es"},{"@type":"Organization","@id":"https:\/\/www.marhbabikoum.com\/#organization","name":"Riad Marhbabikoum","alternateName":"Riad Marhbabikoum","url":"https:\/\/www.marhbabikoum.com\/","logo":{"@type":"ImageObject","inLanguage":"es","@id":"https:\/\/www.marhbabikoum.com\/#\/schema\/logo\/image\/","url":"https:\/\/www.marhbabikoum.com\/wp-content\/uploads\/2023\/01\/Riad_Marhbabikoum-logo.png","contentUrl":"https:\/\/www.marhbabikoum.com\/wp-content\/uploads\/2023\/01\/Riad_Marhbabikoum-logo.png","width":1000,"height":1000,"caption":"Riad Marhbabikoum"},"image":{"@id":"https:\/\/www.marhbabikoum.com\/#\/schema\/logo\/image\/"}}]}},"_links":{"self":[{"href":"https:\/\/www.marhbabikoum.com\/es\/wp-json\/wp\/v2\/pages\/2740"}],"collection":[{"href":"https:\/\/www.marhbabikoum.com\/es\/wp-json\/wp\/v2\/pages"}],"about":[{"href":"https:\/\/www.marhbabikoum.com\/es\/wp-json\/wp\/v2\/types\/page"}],"author":[{"embeddable":true,"href":"https:\/\/www.marhbabikoum.com\/es\/wp-json\/wp\/v2\/users\/1"}],"replies":[{"embeddable":true,"href":"https:\/\/www.marhbabikoum.com\/es\/wp-json\/wp\/v2\/comments?post=2740"}],"version-history":[{"count":8,"href":"https:\/\/www.marhbabikoum.com\/es\/wp-json\/wp\/v2\/pages\/2740\/revisions"}],"predecessor-version":[{"id":5397,"href":"https:\/\/www.marhbabikoum.com\/es\/wp-json\/wp\/v2\/pages\/2740\/revisions\/5397"}],"wp:attachment":[{"href":"https:\/\/www.marhbabikoum.com\/es\/wp-json\/wp\/v2\/media?parent=2740"}],"curies":[{"name":"wp","href":"https:\/\/api.w.org\/{rel}","templated":true}]}}