{"id":2745,"date":"2023-12-25T12:21:51","date_gmt":"2023-12-25T12:21:51","guid":{"rendered":"https:\/\/marhbabikoum.inmorocco.com\/politique-environnementale\/"},"modified":"2026-05-07T14:47:06","modified_gmt":"2026-05-07T14:47:06","slug":"politique-environnementale","status":"publish","type":"page","link":"https:\/\/www.marhbabikoum.com\/es\/politique-environnementale\/","title":{"rendered":"Pol\u00edtica medioambiental"},"content":{"rendered":"\t\t<div data-elementor-type=\"wp-page\" data-elementor-id=\"2745\" class=\"elementor elementor-2745 elementor-1486\">\n\t\t\t\t\t\t<div class=\"elementor-inner\">\n\t\t\t\t<div class=\"elementor-section-wrap\">\n\t\t\t\t\t\t\t\t\t<section class=\"elementor-section elementor-top-section elementor-element elementor-element-e29233e elementor-section-full_width elementor-section-height-default elementor-section-height-default\" data-id=\"e29233e\" data-element_type=\"section\" data-settings=\"{&quot;background_background&quot;:&quot;classic&quot;}\">\n\t\t\t\t\t\t<div class=\"elementor-container elementor-column-gap-default\">\n\t\t\t\t\t\t\t<div class=\"elementor-row\">\n\t\t\t\t\t<div class=\"elementor-column elementor-col-100 elementor-top-column elementor-element elementor-element-bca5c6f\" data-id=\"bca5c6f\" data-element_type=\"column\">\n\t\t\t<div class=\"elementor-column-wrap elementor-element-populated\">\n\t\t\t\t\t\t\t<div class=\"elementor-widget-wrap\">\n\t\t\t\t\t\t<div class=\"elementor-element elementor-element-b89ac12 elementor-widget elementor-widget-gva-heading-block\" data-id=\"b89ac12\" data-element_type=\"widget\" data-widget_type=\"gva-heading-block.default\">\n\t\t\t\t<div class=\"elementor-widget-container\">\n\t\t\t<div class=\"gva-element-gva-heading-block gva-element\">   <div class=\"align-center style-1 widget gsc-heading box-align-left auto-responsive\">\r\n      <div class=\"content-inner\">\r\n         \r\n                  \r\n           \r\n         \r\n                     <h2 class=\"title\">\r\n               <span>Pol\u00edtica medioambiental<\/span>\r\n            <\/h2>\r\n                  \r\n         \r\n         \r\n      <\/div>\r\n   <\/div>\r\n<\/div>\t\t<\/div>\n\t\t\t\t<\/div>\n\t\t\t\t\t\t<\/div>\n\t\t\t\t\t<\/div>\n\t\t<\/div>\n\t\t\t\t\t\t\t\t<\/div>\n\t\t\t\t\t<\/div>\n\t\t<\/section>\n\t\t\t\t<section class=\"elementor-section elementor-top-section elementor-element elementor-element-b147a9d elementor-section-boxed elementor-section-height-default elementor-section-height-default\" data-id=\"b147a9d\" data-element_type=\"section\">\n\t\t\t\t\t\t<div class=\"elementor-container elementor-column-gap-default\">\n\t\t\t\t\t\t\t<div class=\"elementor-row\">\n\t\t\t\t\t<div class=\"elementor-column elementor-col-100 elementor-top-column elementor-element elementor-element-5d1c291\" data-id=\"5d1c291\" data-element_type=\"column\">\n\t\t\t<div class=\"elementor-column-wrap elementor-element-populated\">\n\t\t\t\t\t\t\t<div class=\"elementor-widget-wrap\">\n\t\t\t\t\t\t<div class=\"elementor-element elementor-element-bb2b0b6 elementor-widget elementor-widget-html\" data-id=\"bb2b0b6\" data-element_type=\"widget\" data-widget_type=\"html.default\">\n\t\t\t\t<div class=\"elementor-widget-container\">\n\t\t\t<!-- WuBook Javascript Library Eventually, put it inside your <head\/> tag\n-->\n<script src=\"https:\/\/wubook.net\/js\/wblib.jgz\"><\/script>\n<!-- put the following div where WuBook should be designed. Make sure to preserve the div contents (backlink) -->\n<div id=\"_baror_\" class=\"_baror____fixed\">\n  <a href=\"http:\/\/fr.wubook.net\/services\/channel-manager\/\" style=\"display: block; margin-top: 5px; text-decoration:none;border:none;background: rgba(0, 0, 0, 0); margin-top:0; z-index: 1000;\" target=\"_blank\">\n    <img decoding=\"async\" src=\"https:\/\/wubook.net\/imgs\/default\/booking_by_wu.gif\" alt=\"Sistema de reservas WuBook\" title=\"WuBook\" style=\"border:none;text-decoration:none;padding: 2px;background:#fff;\">\n  <\/a>\n<\/div>\n<!-- Initialize the WuBook Object. Collect params settings. Call WuBook.design_bwidget(). Notice WuBook Object provides a lot of interesting features. -->\n<script>\n  var WuBook= new _WuBook(1531592890);\n  var wbparams= {\n    textcolorpk: '#988454',\n    fixedPosition: 1,\n    ditextcolor: '#ffffff',\n    textcolorbb: '#ffffff',\n    plusperc: 5,\n    listtypebb: '#ffffff',\n    buttoncoloras: '#1c375b',\n    iconcoloras: '#ffffff',\n    rpkgs: '',\n    avgcolor: '#988454',\n    labelcoloras: '#ffffff',\n    barbackground: 'rgba(0, 0, 0, 0)',\n    default_nights: 24,\n    textcolorcalendarbe: '#988454',\n    bordercolor: '#988454',\n    blocks: 'be,bb',\n    failback_lang: 'fr',\n    hdcode: '',\n    textcolorbuttonbe: '#ffffff',\n    avgtextcolor: '#ffffff',\n    diinputcolor: '#ffffff',\n    lang: 'fr',\n    buttoncolorbe: '#2c1412',\n    dibuttoncolor: '#008000',\n    wbgoogle: 1,\n    bgblocks: '#000000',\n    cmsgs: 'MSwyLDM=',\n    textcolornightspk: '#ffffff',\n    adchi: 1\n  };\n  WuBook.design_bwidget(\"_baror_\", wbparams);\n<\/script>\n<!-- that's all :) Thank you for using WuBook! -->\n \t\t<\/div>\n\t\t\t\t<\/div>\n\t\t\t\t\t\t<\/div>\n\t\t\t\t\t<\/div>\n\t\t<\/div>\n\t\t\t\t\t\t\t\t<\/div>\n\t\t\t\t\t<\/div>\n\t\t<\/section>\n\t\t\t\t<section class=\"elementor-section elementor-top-section elementor-element elementor-element-8efa06f elementor-section-boxed elementor-section-height-default elementor-section-height-default\" data-id=\"8efa06f\" data-element_type=\"section\">\n\t\t\t\t\t\t<div class=\"elementor-container elementor-column-gap-default\">\n\t\t\t\t\t\t\t<div class=\"elementor-row\">\n\t\t\t\t\t<div class=\"elementor-column elementor-col-100 elementor-top-column elementor-element elementor-element-3f69746\" data-id=\"3f69746\" data-element_type=\"column\">\n\t\t\t<div class=\"elementor-column-wrap elementor-element-populated\">\n\t\t\t\t\t\t\t<div class=\"elementor-widget-wrap\">\n\t\t\t\t\t\t<div class=\"elementor-element elementor-element-6327832 elementor-widget elementor-widget-text-editor\" data-id=\"6327832\" data-element_type=\"widget\" data-widget_type=\"text-editor.default\">\n\t\t\t\t<div class=\"elementor-widget-container\">\n\t\t\t\t\t\t\t\t<div class=\"elementor-text-editor elementor-clearfix\">\n\t\t\t\t<p>En Marhbabikoum, reconocemos que nuestras actividades tienen un impacto en el mundo que nos rodea.<\/p><p>Sin embargo, nos comprometemos a minimizar los impactos negativos en el medio ambiente a trav\u00e9s de una pol\u00edtica de gesti\u00f3n reflexiva y responsable.<\/p><p>En l\u00ednea con esta pol\u00edtica, nos comprometemos en un proceso de etiquetado, en colaboraci\u00f3n con la Fundaci\u00f3n Mohammed VI para el Medio Ambiente, para obtener el sello &#8216;La Clef Verte&#8217; que premia a las estructuras hoteleras que respetan los recursos h\u00eddricos y energ\u00e9ticos y que llevan a cabo una gesti\u00f3n de residuos adecuada a los recursos locales. Obtuvimos este sello en 2012.<\/p><p><strong>Para alcanzar nuestros objetivos, nos comprometemos a: \u00a0<\/strong><\/p><ul><li>Sensibilizar a nuestros empleados, clientes, proveedores y la comunidad local sobre los aspectos medioambientales.<\/li><li>Definir objetivos y metas medioambientales y establecer un proceso de control.<\/li><li>Mejorar continuamente nuestro rendimiento medioambiental y reducir el impacto ambiental de nuestras actividades.<\/li><\/ul><p>Nos complace compartir con nuestros clientes los medios que implementamos a trav\u00e9s de esta pol\u00edtica.<\/p><p><strong>Lo que ya hemos hecho:<\/strong><\/p><ul><li>Poseer ba\u00f1os equipados con sistemas de doble descarga.<\/li><li>Controlar regularmente que ni grifos ni duchas tengan fugas.<\/li><li>Ofrecer el lavado de toallas bajo demanda.<\/li><li>Fabricar nuestro propio producto de limpieza de manera tradicional (vinagre, bicarbonato de sodio y aceite esencial de tomillo).<\/li><li>Equipar parte del establecimiento con bombillas de bajo consumo.<\/li><li>Desconectar los calentadores de agua el\u00e9ctricos cuando las habitaciones est\u00e1n desocupadas.<\/li><li>Haber renovado la casa siguiendo principios de construcci\u00f3n tradicional de tierra cruda (excluyendo las habitaciones a\u00f1adidas en la terraza), reduciendo la necesidad de aire acondicionado artificial.<\/li><li>Haber instalado una lona en el patio, limitando as\u00ed la p\u00e9rdida de calor en invierno.<\/li><li>Comprar toallas de ba\u00f1o de algod\u00f3n org\u00e1nico certificado.<\/li><li>Implementar un seguimiento diario del consumo energ\u00e9tico e h\u00eddrico.<\/li><li>Instalar aireadores en grifos y duchas que lo requieran.<\/li><li>Identificar todas las bombillas que pueden ser reemplazadas por \u00abbajo consumo\u00bb.<\/li><li>Establecer una pol\u00edtica de compra de productos de limpieza con certificaci\u00f3n ecol\u00f3gica.<\/li><li>Producir a largo plazo nuestras frutas y verduras a trav\u00e9s de la agroecolog\u00eda.<\/li><li>Ofrecer cestas a clientes y personal para evitar la proliferaci\u00f3n de bolsas de pl\u00e1stico.<\/li><li>Animar a nuestros empleados y clientes a reutilizar, reciclar y reducir sus residuos.<\/li><li>Utilizar papel reciclado cuando sea posible.<\/li><li>Realizar una jornada de concienciaci\u00f3n con los ni\u00f1os de una escuela.<\/li><\/ul><p><strong>Lo que puedes hacer:<\/strong><\/p><ul><li>Limitar tu consumo de agua y energ\u00eda no pidiendo que se lave tu toalla todos los d\u00edas.<\/li><li>Reducir tu consumo de energ\u00eda apagando los aparatos el\u00e9ctricos durante tu ausencia (luces, aire acondicionado, calefacci\u00f3n&#8230;).<\/li><li>Prefiere nuestras cestas disponibles en lugar de las bolsas de pl\u00e1stico, que son un verdadero problema en Marruecos.<\/li><\/ul>\t\t\t\t\t<\/div>\n\t\t\t\t\t\t<\/div>\n\t\t\t\t<\/div>\n\t\t\t\t\t\t<\/div>\n\t\t\t\t\t<\/div>\n\t\t<\/div>\n\t\t\t\t\t\t\t\t<\/div>\n\t\t\t\t\t<\/div>\n\t\t<\/section>\n\t\t\t\t\t\t\t\t\t<\/div>\n\t\t\t<\/div>\n\t\t\t\t\t<\/div>\n\t\t","protected":false},"excerpt":{"rendered":"<p>Pol\u00edtica medioambiental En Marhbabikoum, reconocemos que nuestras actividades tienen un impacto en el mundo que nos rodea. Sin embargo, nos comprometemos a minimizar los impactos negativos en el medio ambiente a trav\u00e9s de una pol\u00edtica de gesti\u00f3n reflexiva y responsable. En l\u00ednea con esta pol\u00edtica, nos comprometemos en un proceso de etiquetado, en colaboraci\u00f3n con [&hellip;]<\/p>\n","protected":false},"author":1,"featured_media":0,"parent":0,"menu_order":0,"comment_status":"closed","ping_status":"closed","template":"","meta":{"footnotes":""},"yoast_head":"<!-- This site is optimized with the Yoast SEO plugin v21.9.1 - https:\/\/yoast.com\/wordpress\/plugins\/seo\/ -->\n<title>Pol\u00edtica medioambiental: Riad Marhbabikoum<\/title>\n<meta name=\"description\" content=\"Compromiso medioambiental en Riad Marhbabikoum: etiqueta &#039;La Clef Verte&#039; desde 2012. Descubra nuestras acciones y comparta nuestra responsabilidad ecol\u00f3gica.\" \/>\n<meta name=\"robots\" content=\"index, follow, max-snippet:-1, max-image-preview:large, max-video-preview:-1\" \/>\n<link rel=\"canonical\" href=\"https:\/\/www.marhbabikoum.com\/es\/politique-environnementale\/\" \/>\n<meta property=\"og:locale\" content=\"es_ES\" \/>\n<meta property=\"og:type\" content=\"article\" \/>\n<meta property=\"og:title\" content=\"Pol\u00edtica medioambiental: Riad Marhbabikoum\" \/>\n<meta property=\"og:description\" content=\"Compromiso medioambiental en Riad Marhbabikoum: etiqueta &#039;La Clef Verte&#039; desde 2012. Descubra nuestras acciones y comparta nuestra responsabilidad ecol\u00f3gica.\" \/>\n<meta property=\"og:url\" content=\"https:\/\/www.marhbabikoum.com\/es\/politique-environnementale\/\" \/>\n<meta property=\"og:site_name\" content=\"Riad Marhbabikoum\" \/>\n<meta property=\"article:modified_time\" content=\"2026-05-07T14:47:06+00:00\" \/>\n<meta property=\"og:image\" content=\"https:\/\/wubook.net\/imgs\/default\/booking_by_wu.gif\" \/>\n<meta name=\"twitter:card\" content=\"summary_large_image\" \/>\n<meta name=\"twitter:label1\" content=\"Tiempo de lectura\" \/>\n\t<meta name=\"twitter:data1\" content=\"3 minutos\" \/>\n<script type=\"application\/ld+json\" class=\"yoast-schema-graph\">{\"@context\":\"https:\/\/schema.org\",\"@graph\":[{\"@type\":\"WebPage\",\"@id\":\"https:\/\/www.marhbabikoum.com\/es\/politique-environnementale\/\",\"url\":\"https:\/\/www.marhbabikoum.com\/es\/politique-environnementale\/\",\"name\":\"Pol\u00edtica medioambiental: Riad Marhbabikoum\",\"isPartOf\":{\"@id\":\"https:\/\/www.marhbabikoum.com\/#website\"},\"datePublished\":\"2023-12-25T12:21:51+00:00\",\"dateModified\":\"2026-05-07T14:47:06+00:00\",\"description\":\"Compromiso medioambiental en Riad Marhbabikoum: etiqueta 'La Clef Verte' desde 2012. Descubra nuestras acciones y comparta nuestra responsabilidad ecol\u00f3gica.\",\"breadcrumb\":{\"@id\":\"https:\/\/www.marhbabikoum.com\/es\/politique-environnementale\/#breadcrumb\"},\"inLanguage\":\"es\",\"potentialAction\":[{\"@type\":\"ReadAction\",\"target\":[\"https:\/\/www.marhbabikoum.com\/es\/politique-environnementale\/\"]}]},{\"@type\":\"BreadcrumbList\",\"@id\":\"https:\/\/www.marhbabikoum.com\/es\/politique-environnementale\/#breadcrumb\",\"itemListElement\":[{\"@type\":\"ListItem\",\"position\":1,\"name\":\"Accueil\",\"item\":\"https:\/\/www.marhbabikoum.com\/es\/\"},{\"@type\":\"ListItem\",\"position\":2,\"name\":\"Pol\u00edtica medioambiental\"}]},{\"@type\":\"WebSite\",\"@id\":\"https:\/\/www.marhbabikoum.com\/#website\",\"url\":\"https:\/\/www.marhbabikoum.com\/\",\"name\":\"Riad Marhbabikoum\",\"description\":\"Maison d&#039;h\u00f4tes \u00e0 Marrakech\",\"publisher\":{\"@id\":\"https:\/\/www.marhbabikoum.com\/#organization\"},\"alternateName\":\"Riad Marhbabikoum\",\"potentialAction\":[{\"@type\":\"SearchAction\",\"target\":{\"@type\":\"EntryPoint\",\"urlTemplate\":\"https:\/\/www.marhbabikoum.com\/?s={search_term_string}\"},\"query-input\":\"required name=search_term_string\"}],\"inLanguage\":\"es\"},{\"@type\":\"Organization\",\"@id\":\"https:\/\/www.marhbabikoum.com\/#organization\",\"name\":\"Riad Marhbabikoum\",\"alternateName\":\"Riad Marhbabikoum\",\"url\":\"https:\/\/www.marhbabikoum.com\/\",\"logo\":{\"@type\":\"ImageObject\",\"inLanguage\":\"es\",\"@id\":\"https:\/\/www.marhbabikoum.com\/#\/schema\/logo\/image\/\",\"url\":\"https:\/\/www.marhbabikoum.com\/wp-content\/uploads\/2023\/01\/Riad_Marhbabikoum-logo.png\",\"contentUrl\":\"https:\/\/www.marhbabikoum.com\/wp-content\/uploads\/2023\/01\/Riad_Marhbabikoum-logo.png\",\"width\":1000,\"height\":1000,\"caption\":\"Riad Marhbabikoum\"},\"image\":{\"@id\":\"https:\/\/www.marhbabikoum.com\/#\/schema\/logo\/image\/\"}}]}<\/script>\n<!-- \/ Yoast SEO plugin. -->","yoast_head_json":{"title":"Pol\u00edtica medioambiental: Riad Marhbabikoum","description":"Compromiso medioambiental en Riad Marhbabikoum: etiqueta 'La Clef Verte' desde 2012. Descubra nuestras acciones y comparta nuestra responsabilidad ecol\u00f3gica.","robots":{"index":"index","follow":"follow","max-snippet":"max-snippet:-1","max-image-preview":"max-image-preview:large","max-video-preview":"max-video-preview:-1"},"canonical":"https:\/\/www.marhbabikoum.com\/es\/politique-environnementale\/","og_locale":"es_ES","og_type":"article","og_title":"Pol\u00edtica medioambiental: Riad Marhbabikoum","og_description":"Compromiso medioambiental en Riad Marhbabikoum: etiqueta 'La Clef Verte' desde 2012. Descubra nuestras acciones y comparta nuestra responsabilidad ecol\u00f3gica.","og_url":"https:\/\/www.marhbabikoum.com\/es\/politique-environnementale\/","og_site_name":"Riad Marhbabikoum","article_modified_time":"2026-05-07T14:47:06+00:00","og_image":[{"url":"https:\/\/wubook.net\/imgs\/default\/booking_by_wu.gif"}],"twitter_card":"summary_large_image","twitter_misc":{"Tiempo de lectura":"3 minutos"},"schema":{"@context":"https:\/\/schema.org","@graph":[{"@type":"WebPage","@id":"https:\/\/www.marhbabikoum.com\/es\/politique-environnementale\/","url":"https:\/\/www.marhbabikoum.com\/es\/politique-environnementale\/","name":"Pol\u00edtica medioambiental: Riad Marhbabikoum","isPartOf":{"@id":"https:\/\/www.marhbabikoum.com\/#website"},"datePublished":"2023-12-25T12:21:51+00:00","dateModified":"2026-05-07T14:47:06+00:00","description":"Compromiso medioambiental en Riad Marhbabikoum: etiqueta 'La Clef Verte' desde 2012. Descubra nuestras acciones y comparta nuestra responsabilidad ecol\u00f3gica.","breadcrumb":{"@id":"https:\/\/www.marhbabikoum.com\/es\/politique-environnementale\/#breadcrumb"},"inLanguage":"es","potentialAction":[{"@type":"ReadAction","target":["https:\/\/www.marhbabikoum.com\/es\/politique-environnementale\/"]}]},{"@type":"BreadcrumbList","@id":"https:\/\/www.marhbabikoum.com\/es\/politique-environnementale\/#breadcrumb","itemListElement":[{"@type":"ListItem","position":1,"name":"Accueil","item":"https:\/\/www.marhbabikoum.com\/es\/"},{"@type":"ListItem","position":2,"name":"Pol\u00edtica medioambiental"}]},{"@type":"WebSite","@id":"https:\/\/www.marhbabikoum.com\/#website","url":"https:\/\/www.marhbabikoum.com\/","name":"Riad Marhbabikoum","description":"Maison d&#039;h\u00f4tes \u00e0 Marrakech","publisher":{"@id":"https:\/\/www.marhbabikoum.com\/#organization"},"alternateName":"Riad Marhbabikoum","potentialAction":[{"@type":"SearchAction","target":{"@type":"EntryPoint","urlTemplate":"https:\/\/www.marhbabikoum.com\/?s={search_term_string}"},"query-input":"required name=search_term_string"}],"inLanguage":"es"},{"@type":"Organization","@id":"https:\/\/www.marhbabikoum.com\/#organization","name":"Riad Marhbabikoum","alternateName":"Riad Marhbabikoum","url":"https:\/\/www.marhbabikoum.com\/","logo":{"@type":"ImageObject","inLanguage":"es","@id":"https:\/\/www.marhbabikoum.com\/#\/schema\/logo\/image\/","url":"https:\/\/www.marhbabikoum.com\/wp-content\/uploads\/2023\/01\/Riad_Marhbabikoum-logo.png","contentUrl":"https:\/\/www.marhbabikoum.com\/wp-content\/uploads\/2023\/01\/Riad_Marhbabikoum-logo.png","width":1000,"height":1000,"caption":"Riad Marhbabikoum"},"image":{"@id":"https:\/\/www.marhbabikoum.com\/#\/schema\/logo\/image\/"}}]}},"_links":{"self":[{"href":"https:\/\/www.marhbabikoum.com\/es\/wp-json\/wp\/v2\/pages\/2745"}],"collection":[{"href":"https:\/\/www.marhbabikoum.com\/es\/wp-json\/wp\/v2\/pages"}],"about":[{"href":"https:\/\/www.marhbabikoum.com\/es\/wp-json\/wp\/v2\/types\/page"}],"author":[{"embeddable":true,"href":"https:\/\/www.marhbabikoum.com\/es\/wp-json\/wp\/v2\/users\/1"}],"replies":[{"embeddable":true,"href":"https:\/\/www.marhbabikoum.com\/es\/wp-json\/wp\/v2\/comments?post=2745"}],"version-history":[{"count":5,"href":"https:\/\/www.marhbabikoum.com\/es\/wp-json\/wp\/v2\/pages\/2745\/revisions"}],"predecessor-version":[{"id":2859,"href":"https:\/\/www.marhbabikoum.com\/es\/wp-json\/wp\/v2\/pages\/2745\/revisions\/2859"}],"wp:attachment":[{"href":"https:\/\/www.marhbabikoum.com\/es\/wp-json\/wp\/v2\/media?parent=2745"}],"curies":[{"name":"wp","href":"https:\/\/api.w.org\/{rel}","templated":true}]}}