{"id":2747,"date":"2023-12-25T12:23:16","date_gmt":"2023-12-25T12:23:16","guid":{"rendered":"https:\/\/marhbabikoum.inmorocco.com\/preparez-votre-voyage\/"},"modified":"2026-05-07T14:47:01","modified_gmt":"2026-05-07T14:47:01","slug":"preparez-votre-voyage","status":"publish","type":"page","link":"https:\/\/www.marhbabikoum.com\/es\/preparez-votre-voyage\/","title":{"rendered":"Prepare su viaje"},"content":{"rendered":"\t\t<div data-elementor-type=\"wp-page\" data-elementor-id=\"2747\" class=\"elementor elementor-2747 elementor-1488\">\n\t\t\t\t\t\t<div class=\"elementor-inner\">\n\t\t\t\t<div class=\"elementor-section-wrap\">\n\t\t\t\t\t\t\t\t\t<section class=\"elementor-section elementor-top-section elementor-element elementor-element-e29233e elementor-section-full_width elementor-section-height-default elementor-section-height-default\" data-id=\"e29233e\" data-element_type=\"section\" data-settings=\"{&quot;background_background&quot;:&quot;classic&quot;}\">\n\t\t\t\t\t\t<div class=\"elementor-container elementor-column-gap-default\">\n\t\t\t\t\t\t\t<div class=\"elementor-row\">\n\t\t\t\t\t<div class=\"elementor-column elementor-col-100 elementor-top-column elementor-element elementor-element-bca5c6f\" data-id=\"bca5c6f\" data-element_type=\"column\">\n\t\t\t<div class=\"elementor-column-wrap elementor-element-populated\">\n\t\t\t\t\t\t\t<div class=\"elementor-widget-wrap\">\n\t\t\t\t\t\t<div class=\"elementor-element elementor-element-b89ac12 elementor-widget elementor-widget-gva-heading-block\" data-id=\"b89ac12\" data-element_type=\"widget\" data-widget_type=\"gva-heading-block.default\">\n\t\t\t\t<div class=\"elementor-widget-container\">\n\t\t\t<div class=\"gva-element-gva-heading-block gva-element\">   <div class=\"align-center style-1 widget gsc-heading box-align-left auto-responsive\">\r\n      <div class=\"content-inner\">\r\n         \r\n                  \r\n           \r\n         \r\n                     <h2 class=\"title\">\r\n               <span>Prepara tu viaje<\/span>\r\n            <\/h2>\r\n                  \r\n         \r\n         \r\n      <\/div>\r\n   <\/div>\r\n<\/div>\t\t<\/div>\n\t\t\t\t<\/div>\n\t\t\t\t\t\t<\/div>\n\t\t\t\t\t<\/div>\n\t\t<\/div>\n\t\t\t\t\t\t\t\t<\/div>\n\t\t\t\t\t<\/div>\n\t\t<\/section>\n\t\t\t\t<section class=\"elementor-section elementor-top-section elementor-element elementor-element-b147a9d elementor-section-boxed elementor-section-height-default elementor-section-height-default\" data-id=\"b147a9d\" data-element_type=\"section\">\n\t\t\t\t\t\t<div class=\"elementor-container elementor-column-gap-default\">\n\t\t\t\t\t\t\t<div class=\"elementor-row\">\n\t\t\t\t\t<div class=\"elementor-column elementor-col-100 elementor-top-column elementor-element elementor-element-5d1c291\" data-id=\"5d1c291\" data-element_type=\"column\">\n\t\t\t<div class=\"elementor-column-wrap elementor-element-populated\">\n\t\t\t\t\t\t\t<div class=\"elementor-widget-wrap\">\n\t\t\t\t\t\t<div class=\"elementor-element elementor-element-bb2b0b6 elementor-widget elementor-widget-html\" data-id=\"bb2b0b6\" data-element_type=\"widget\" data-widget_type=\"html.default\">\n\t\t\t\t<div class=\"elementor-widget-container\">\n\t\t\t<!-- WuBook Javascript Library Eventually, put it inside your <head\/> tag\n-->\n<script src=\"https:\/\/wubook.net\/js\/wblib.jgz\"><\/script>\n<!-- put the following div where WuBook should be designed. Make sure to preserve the div contents (backlink) -->\n<div id=\"_baror_\" class=\"_baror____fixed\">\n  <a href=\"http:\/\/fr.wubook.net\/services\/channel-manager\/\" style=\"display: block; margin-top: 5px; text-decoration:none;border:none;background: rgba(0, 0, 0, 0); margin-top:0; z-index: 1000;\" target=\"_blank\">\n    <img decoding=\"async\" src=\"https:\/\/wubook.net\/imgs\/default\/booking_by_wu.gif\" alt=\"Sistema de reservas WuBook\" title=\"WuBook\" style=\"border:none;text-decoration:none;padding: 2px;background:#fff;\">\n  <\/a>\n<\/div>\n<!-- Initialize the WuBook Object. Collect params settings. Call WuBook.design_bwidget(). Notice WuBook Object provides a lot of interesting features. -->\n<script>\n  var WuBook= new _WuBook(1531592890);\n  var wbparams= {\n    textcolorpk: '#988454',\n    fixedPosition: 1,\n    ditextcolor: '#ffffff',\n    textcolorbb: '#ffffff',\n    plusperc: 5,\n    listtypebb: '#ffffff',\n    buttoncoloras: '#1c375b',\n    iconcoloras: '#ffffff',\n    rpkgs: '',\n    avgcolor: '#988454',\n    labelcoloras: '#ffffff',\n    barbackground: 'rgba(0, 0, 0, 0)',\n    default_nights: 24,\n    textcolorcalendarbe: '#988454',\n    bordercolor: '#988454',\n    blocks: 'be,bb',\n    failback_lang: 'fr',\n    hdcode: '',\n    textcolorbuttonbe: '#ffffff',\n    avgtextcolor: '#ffffff',\n    diinputcolor: '#ffffff',\n    lang: 'fr',\n    buttoncolorbe: '#2c1412',\n    dibuttoncolor: '#008000',\n    wbgoogle: 1,\n    bgblocks: '#000000',\n    cmsgs: 'MSwyLDM=',\n    textcolornightspk: '#ffffff',\n    adchi: 1\n  };\n  WuBook.design_bwidget(\"_baror_\", wbparams);\n<\/script>\n<!-- that's all :) Thank you for using WuBook! -->\n \t\t<\/div>\n\t\t\t\t<\/div>\n\t\t\t\t\t\t<\/div>\n\t\t\t\t\t<\/div>\n\t\t<\/div>\n\t\t\t\t\t\t\t\t<\/div>\n\t\t\t\t\t<\/div>\n\t\t<\/section>\n\t\t\t\t<section class=\"elementor-section elementor-top-section elementor-element elementor-element-8efa06f elementor-section-boxed elementor-section-height-default elementor-section-height-default\" data-id=\"8efa06f\" data-element_type=\"section\">\n\t\t\t\t\t\t<div class=\"elementor-container elementor-column-gap-default\">\n\t\t\t\t\t\t\t<div class=\"elementor-row\">\n\t\t\t\t\t<div class=\"elementor-column elementor-col-100 elementor-top-column elementor-element elementor-element-3f69746\" data-id=\"3f69746\" data-element_type=\"column\">\n\t\t\t<div class=\"elementor-column-wrap elementor-element-populated\">\n\t\t\t\t\t\t\t<div class=\"elementor-widget-wrap\">\n\t\t\t\t\t\t<div class=\"elementor-element elementor-element-5415cf2 elementor-widget elementor-widget-text-editor\" data-id=\"5415cf2\" data-element_type=\"widget\" data-widget_type=\"text-editor.default\">\n\t\t\t\t<div class=\"elementor-widget-container\">\n\t\t\t\t\t\t\t\t<div class=\"elementor-text-editor elementor-clearfix\">\n\t\t\t\t<p>Vas a venir a visitarnos a Marrakech,<\/p><p>Aqu\u00ed tienes algunas &#8216;instrucciones&#8217;, o m\u00e1s bien reflexiones que a algunos les gustar\u00eda haber escuchado antes de llegar.<\/p><p>Para aquellos que prefieren descubrir todo por s\u00ed mismos para vivir la sorpresa, incluso si puede ser mala, no est\u00e1n obligados a seguir leyendo.<\/p><p><strong>La conducci\u00f3n<\/strong><br \/>En Marruecos, hay muchos medios de transporte y tipos de veh\u00edculos, todos igualmente respetados en la carretera. Se puede ver f\u00e1cilmente un carro tirado por mulas, adelantado por dos bicicletas uno al lado del otro, superadas por una motocicleta. Luego llega el coche y no es el \u00fanico en la carretera. Aqu\u00ed, no hay que dudar en hacer sonar el claxon para avisar (a burros y ciclistas) que vienes detr\u00e1s. Es recomendable evitar conducir por las carreteras de noche: muchos veh\u00edculos sin luces circulan por ellas, solo ves al burro y su carga en el \u00faltimo momento&#8230;<\/p><p><strong>Las propinas<\/strong><br \/>Siempre hay que dejar una propina: en el caf\u00e9, en el restaurante, al gu\u00eda del monumento como al gu\u00eda de visita, al guardi\u00e1n del coche. Calcula de 2 a 10 dh en el caf\u00e9, alrededor de 10 a 20 dh por persona al gu\u00eda, 2 a 5 dh al guardia de estacionamiento.<\/p><p><strong>Los mendigos<\/strong><br \/>Encontrar\u00e1s muchos en todas partes, especialmente en lugares tur\u00edsticos. No dudes en dar limosna si as\u00ed lo deseas (de hecho, es uno de los pilares de la religi\u00f3n musulmana). Sin embargo, gracias por no dar nada a los ni\u00f1os que piden: les ayudar\u00e1s a cambiar y a no correr el riesgo de caer en el dinero f\u00e1cil.<\/p><p><strong>La vestimenta y la actitud, al aire libre<\/strong><br \/>Marruecos es un pa\u00eds musulm\u00e1n y las vestimentas provocativas no son habituales. Ser\u00eda adecuado mantener cierta sobriedad: evitar escotes pronunciados, shorts cortos y minifaldas. Adem\u00e1s, aqu\u00ed no se besa en la boca frente a todos: si no puedes contenerse, simplemente intenta ser discreto.<\/p><p><strong>La religi\u00f3n, el rey y la integridad territorial<\/strong><br \/>Estos son los tres elementos de los que no se debe hablar negativamente y a los que los marroqu\u00edes est\u00e1n muy apegados. No cuestionamos estas tres instituciones.<\/p><p><strong>Estafas<\/strong><br \/>Marruecos, como muchos pa\u00edses tur\u00edsticos, es conocido por algunas de sus estafas. Marrakech, el centro tur\u00edstico del reino, lo es a\u00fan m\u00e1s. No te vamos a dar todos los casos posibles (puedes encontrar ejemplos en todas las gu\u00edas), pero te advertimos que no sigas a la primera persona que se presente. Nunca llega muy lejos, pero es un poco molesto, especialmente cuando pierdes el tiempo. Desafortunadamente, esta reputaci\u00f3n perjudica la descarada hospitalidad de los marroqu\u00edes, el 95% de los cuales no quieren atraparte en absoluto, sino s\u00f3lo mostrarte que eres bienvenido.<\/p><p><strong>Si vienes durante el Ramad\u00e1n<\/strong><br \/>Tenga en cuenta que los horarios y el ritmo de vida de todos est\u00e1n cambiando. Todos los musulmanes (y el pa\u00eds es musulm\u00e1n) ayunan desde el amanecer hasta el atardecer (ayunar significa no ingerir nada y no disfrutar: las bebidas, la comida, los cigarrillos, los placeres sensuales y carnales est\u00e1n prohibidos). Debes intentar no provocar y ser discreto si comes, fumas o bebes (lo cual, por supuesto, no est\u00e1 prohibido para los no musulmanes).<\/p><p><strong>Peque\u00f1os problemas de salud<\/strong><br \/>Es bueno tener consigo un botiqu\u00edn de primeros auxilios, por si acaso, para todas las peque\u00f1as dolencias cotidianas. En particular, planee combatir al \u201cturista\u201d: muchas personas tienen problemas digestivos despu\u00e9s de tres o cuatro d\u00edas en el lugar. Es mejor tener los medios para tratarse lo antes posible despu\u00e9s de que aparezcan los primeros s\u00edntomas. Para evitar acentuar<br \/>los riesgos: no beber agua del grifo, lavarse las manos con bastante frecuencia, no comer frutas precortadas, sorbetes que se venden en la calle, tomar bebidas sin cubitos de hielo, pelar todas las frutas, evitar las verduras crudas en los restaurantes si eres fr\u00e1gil.<\/p><p><strong>dinero y cambio<\/strong><br \/>El dirham es la moneda nacional; no se puede comprar en el extranjero. Podr\u00e1s cambiar euros a tu llegada, retirar dirhams de cajeros autom\u00e1ticos o incluso pagar en euros. Muchos lugares dicen que aceptan tarjetas de cr\u00e9dito, lo que sin embargo no siempre funciona, o que exigen pagar un 5% m\u00e1s (equivalente a la comisi\u00f3n que el comerciante paga al banco).<\/p>\t\t\t\t\t<\/div>\n\t\t\t\t\t\t<\/div>\n\t\t\t\t<\/div>\n\t\t\t\t\t\t<\/div>\n\t\t\t\t\t<\/div>\n\t\t<\/div>\n\t\t\t\t\t\t\t\t<\/div>\n\t\t\t\t\t<\/div>\n\t\t<\/section>\n\t\t\t\t\t\t\t\t\t<\/div>\n\t\t\t<\/div>\n\t\t\t\t\t<\/div>\n\t\t","protected":false},"excerpt":{"rendered":"<p>Prepara tu viaje Vas a venir a visitarnos a Marrakech, Aqu\u00ed tienes algunas &#8216;instrucciones&#8217;, o m\u00e1s bien reflexiones que a algunos les gustar\u00eda haber escuchado antes de llegar. Para aquellos que prefieren descubrir todo por s\u00ed mismos para vivir la sorpresa, incluso si puede ser mala, no est\u00e1n obligados a seguir leyendo. La conducci\u00f3nEn Marruecos, [&hellip;]<\/p>\n","protected":false},"author":1,"featured_media":0,"parent":0,"menu_order":0,"comment_status":"closed","ping_status":"closed","template":"","meta":{"footnotes":""},"yoast_head":"<!-- This site is optimized with the Yoast SEO plugin v21.9.1 - https:\/\/yoast.com\/wordpress\/plugins\/seo\/ -->\n<title>Descubre Marrakech: Consejos locales sin preocupaciones<\/title>\n<meta name=\"description\" content=\"Consejos para una escapada a Marrakech: Conducir, propinas, vestimenta, salud, dinero. Prepara tu estancia con total tranquilidad.\" \/>\n<meta name=\"robots\" content=\"index, follow, max-snippet:-1, max-image-preview:large, max-video-preview:-1\" \/>\n<link rel=\"canonical\" href=\"https:\/\/www.marhbabikoum.com\/es\/preparez-votre-voyage\/\" \/>\n<meta property=\"og:locale\" content=\"es_ES\" \/>\n<meta property=\"og:type\" content=\"article\" \/>\n<meta property=\"og:title\" content=\"Descubre Marrakech: Consejos locales sin preocupaciones\" \/>\n<meta property=\"og:description\" content=\"Consejos para una escapada a Marrakech: Conducir, propinas, vestimenta, salud, dinero. Prepara tu estancia con total tranquilidad.\" \/>\n<meta property=\"og:url\" content=\"https:\/\/www.marhbabikoum.com\/es\/preparez-votre-voyage\/\" \/>\n<meta property=\"og:site_name\" content=\"Riad Marhbabikoum\" \/>\n<meta property=\"article:modified_time\" content=\"2026-05-07T14:47:01+00:00\" \/>\n<meta property=\"og:image\" content=\"https:\/\/wubook.net\/imgs\/default\/booking_by_wu.gif\" \/>\n<meta name=\"twitter:card\" content=\"summary_large_image\" \/>\n<meta name=\"twitter:label1\" content=\"Tiempo de lectura\" \/>\n\t<meta name=\"twitter:data1\" content=\"4 minutos\" \/>\n<script type=\"application\/ld+json\" class=\"yoast-schema-graph\">{\"@context\":\"https:\/\/schema.org\",\"@graph\":[{\"@type\":\"WebPage\",\"@id\":\"https:\/\/www.marhbabikoum.com\/es\/preparez-votre-voyage\/\",\"url\":\"https:\/\/www.marhbabikoum.com\/es\/preparez-votre-voyage\/\",\"name\":\"Descubre Marrakech: Consejos locales sin preocupaciones\",\"isPartOf\":{\"@id\":\"https:\/\/www.marhbabikoum.com\/#website\"},\"datePublished\":\"2023-12-25T12:23:16+00:00\",\"dateModified\":\"2026-05-07T14:47:01+00:00\",\"description\":\"Consejos para una escapada a Marrakech: Conducir, propinas, vestimenta, salud, dinero. Prepara tu estancia con total tranquilidad.\",\"breadcrumb\":{\"@id\":\"https:\/\/www.marhbabikoum.com\/es\/preparez-votre-voyage\/#breadcrumb\"},\"inLanguage\":\"es\",\"potentialAction\":[{\"@type\":\"ReadAction\",\"target\":[\"https:\/\/www.marhbabikoum.com\/es\/preparez-votre-voyage\/\"]}]},{\"@type\":\"BreadcrumbList\",\"@id\":\"https:\/\/www.marhbabikoum.com\/es\/preparez-votre-voyage\/#breadcrumb\",\"itemListElement\":[{\"@type\":\"ListItem\",\"position\":1,\"name\":\"Accueil\",\"item\":\"https:\/\/www.marhbabikoum.com\/es\/\"},{\"@type\":\"ListItem\",\"position\":2,\"name\":\"Prepare su viaje\"}]},{\"@type\":\"WebSite\",\"@id\":\"https:\/\/www.marhbabikoum.com\/#website\",\"url\":\"https:\/\/www.marhbabikoum.com\/\",\"name\":\"Riad Marhbabikoum\",\"description\":\"Maison d&#039;h\u00f4tes \u00e0 Marrakech\",\"publisher\":{\"@id\":\"https:\/\/www.marhbabikoum.com\/#organization\"},\"alternateName\":\"Riad Marhbabikoum\",\"potentialAction\":[{\"@type\":\"SearchAction\",\"target\":{\"@type\":\"EntryPoint\",\"urlTemplate\":\"https:\/\/www.marhbabikoum.com\/?s={search_term_string}\"},\"query-input\":\"required name=search_term_string\"}],\"inLanguage\":\"es\"},{\"@type\":\"Organization\",\"@id\":\"https:\/\/www.marhbabikoum.com\/#organization\",\"name\":\"Riad Marhbabikoum\",\"alternateName\":\"Riad Marhbabikoum\",\"url\":\"https:\/\/www.marhbabikoum.com\/\",\"logo\":{\"@type\":\"ImageObject\",\"inLanguage\":\"es\",\"@id\":\"https:\/\/www.marhbabikoum.com\/#\/schema\/logo\/image\/\",\"url\":\"https:\/\/www.marhbabikoum.com\/wp-content\/uploads\/2023\/01\/Riad_Marhbabikoum-logo.png\",\"contentUrl\":\"https:\/\/www.marhbabikoum.com\/wp-content\/uploads\/2023\/01\/Riad_Marhbabikoum-logo.png\",\"width\":1000,\"height\":1000,\"caption\":\"Riad Marhbabikoum\"},\"image\":{\"@id\":\"https:\/\/www.marhbabikoum.com\/#\/schema\/logo\/image\/\"}}]}<\/script>\n<!-- \/ Yoast SEO plugin. -->","yoast_head_json":{"title":"Descubre Marrakech: Consejos locales sin preocupaciones","description":"Consejos para una escapada a Marrakech: Conducir, propinas, vestimenta, salud, dinero. Prepara tu estancia con total tranquilidad.","robots":{"index":"index","follow":"follow","max-snippet":"max-snippet:-1","max-image-preview":"max-image-preview:large","max-video-preview":"max-video-preview:-1"},"canonical":"https:\/\/www.marhbabikoum.com\/es\/preparez-votre-voyage\/","og_locale":"es_ES","og_type":"article","og_title":"Descubre Marrakech: Consejos locales sin preocupaciones","og_description":"Consejos para una escapada a Marrakech: Conducir, propinas, vestimenta, salud, dinero. Prepara tu estancia con total tranquilidad.","og_url":"https:\/\/www.marhbabikoum.com\/es\/preparez-votre-voyage\/","og_site_name":"Riad Marhbabikoum","article_modified_time":"2026-05-07T14:47:01+00:00","og_image":[{"url":"https:\/\/wubook.net\/imgs\/default\/booking_by_wu.gif"}],"twitter_card":"summary_large_image","twitter_misc":{"Tiempo de lectura":"4 minutos"},"schema":{"@context":"https:\/\/schema.org","@graph":[{"@type":"WebPage","@id":"https:\/\/www.marhbabikoum.com\/es\/preparez-votre-voyage\/","url":"https:\/\/www.marhbabikoum.com\/es\/preparez-votre-voyage\/","name":"Descubre Marrakech: Consejos locales sin preocupaciones","isPartOf":{"@id":"https:\/\/www.marhbabikoum.com\/#website"},"datePublished":"2023-12-25T12:23:16+00:00","dateModified":"2026-05-07T14:47:01+00:00","description":"Consejos para una escapada a Marrakech: Conducir, propinas, vestimenta, salud, dinero. Prepara tu estancia con total tranquilidad.","breadcrumb":{"@id":"https:\/\/www.marhbabikoum.com\/es\/preparez-votre-voyage\/#breadcrumb"},"inLanguage":"es","potentialAction":[{"@type":"ReadAction","target":["https:\/\/www.marhbabikoum.com\/es\/preparez-votre-voyage\/"]}]},{"@type":"BreadcrumbList","@id":"https:\/\/www.marhbabikoum.com\/es\/preparez-votre-voyage\/#breadcrumb","itemListElement":[{"@type":"ListItem","position":1,"name":"Accueil","item":"https:\/\/www.marhbabikoum.com\/es\/"},{"@type":"ListItem","position":2,"name":"Prepare su viaje"}]},{"@type":"WebSite","@id":"https:\/\/www.marhbabikoum.com\/#website","url":"https:\/\/www.marhbabikoum.com\/","name":"Riad Marhbabikoum","description":"Maison d&#039;h\u00f4tes \u00e0 Marrakech","publisher":{"@id":"https:\/\/www.marhbabikoum.com\/#organization"},"alternateName":"Riad Marhbabikoum","potentialAction":[{"@type":"SearchAction","target":{"@type":"EntryPoint","urlTemplate":"https:\/\/www.marhbabikoum.com\/?s={search_term_string}"},"query-input":"required name=search_term_string"}],"inLanguage":"es"},{"@type":"Organization","@id":"https:\/\/www.marhbabikoum.com\/#organization","name":"Riad Marhbabikoum","alternateName":"Riad Marhbabikoum","url":"https:\/\/www.marhbabikoum.com\/","logo":{"@type":"ImageObject","inLanguage":"es","@id":"https:\/\/www.marhbabikoum.com\/#\/schema\/logo\/image\/","url":"https:\/\/www.marhbabikoum.com\/wp-content\/uploads\/2023\/01\/Riad_Marhbabikoum-logo.png","contentUrl":"https:\/\/www.marhbabikoum.com\/wp-content\/uploads\/2023\/01\/Riad_Marhbabikoum-logo.png","width":1000,"height":1000,"caption":"Riad Marhbabikoum"},"image":{"@id":"https:\/\/www.marhbabikoum.com\/#\/schema\/logo\/image\/"}}]}},"_links":{"self":[{"href":"https:\/\/www.marhbabikoum.com\/es\/wp-json\/wp\/v2\/pages\/2747"}],"collection":[{"href":"https:\/\/www.marhbabikoum.com\/es\/wp-json\/wp\/v2\/pages"}],"about":[{"href":"https:\/\/www.marhbabikoum.com\/es\/wp-json\/wp\/v2\/types\/page"}],"author":[{"embeddable":true,"href":"https:\/\/www.marhbabikoum.com\/es\/wp-json\/wp\/v2\/users\/1"}],"replies":[{"embeddable":true,"href":"https:\/\/www.marhbabikoum.com\/es\/wp-json\/wp\/v2\/comments?post=2747"}],"version-history":[{"count":8,"href":"https:\/\/www.marhbabikoum.com\/es\/wp-json\/wp\/v2\/pages\/2747\/revisions"}],"predecessor-version":[{"id":2867,"href":"https:\/\/www.marhbabikoum.com\/es\/wp-json\/wp\/v2\/pages\/2747\/revisions\/2867"}],"wp:attachment":[{"href":"https:\/\/www.marhbabikoum.com\/es\/wp-json\/wp\/v2\/media?parent=2747"}],"curies":[{"name":"wp","href":"https:\/\/api.w.org\/{rel}","templated":true}]}}