{"id":2749,"date":"2023-12-25T12:19:35","date_gmt":"2023-12-25T12:19:35","guid":{"rendered":"https:\/\/marhbabikoum.inmorocco.com\/situation\/"},"modified":"2026-05-07T14:47:35","modified_gmt":"2026-05-07T14:47:35","slug":"situation","status":"publish","type":"page","link":"https:\/\/www.marhbabikoum.com\/es\/situation\/","title":{"rendered":"Ubicaci\u00f3n"},"content":{"rendered":"\t\t<div data-elementor-type=\"wp-page\" data-elementor-id=\"2749\" class=\"elementor elementor-2749 elementor-1477\">\n\t\t\t\t\t\t<div class=\"elementor-inner\">\n\t\t\t\t<div class=\"elementor-section-wrap\">\n\t\t\t\t\t\t\t\t\t<section class=\"elementor-section elementor-top-section elementor-element elementor-element-e29233e elementor-section-full_width elementor-section-height-default elementor-section-height-default\" data-id=\"e29233e\" data-element_type=\"section\" data-settings=\"{&quot;background_background&quot;:&quot;classic&quot;}\">\n\t\t\t\t\t\t<div class=\"elementor-container elementor-column-gap-default\">\n\t\t\t\t\t\t\t<div class=\"elementor-row\">\n\t\t\t\t\t<div class=\"elementor-column elementor-col-100 elementor-top-column elementor-element elementor-element-bca5c6f\" data-id=\"bca5c6f\" data-element_type=\"column\">\n\t\t\t<div class=\"elementor-column-wrap elementor-element-populated\">\n\t\t\t\t\t\t\t<div class=\"elementor-widget-wrap\">\n\t\t\t\t\t\t<div class=\"elementor-element elementor-element-b89ac12 elementor-widget elementor-widget-gva-heading-block\" data-id=\"b89ac12\" data-element_type=\"widget\" data-widget_type=\"gva-heading-block.default\">\n\t\t\t\t<div class=\"elementor-widget-container\">\n\t\t\t<div class=\"gva-element-gva-heading-block gva-element\">   <div class=\"align-center style-1 widget gsc-heading box-align-left auto-responsive\">\r\n      <div class=\"content-inner\">\r\n         \r\n                  \r\n           \r\n         \r\n                     <h2 class=\"title\">\r\n               <span>Situaci\u00f3n<\/span>\r\n            <\/h2>\r\n                  \r\n         \r\n         \r\n      <\/div>\r\n   <\/div>\r\n<\/div>\t\t<\/div>\n\t\t\t\t<\/div>\n\t\t\t\t\t\t<\/div>\n\t\t\t\t\t<\/div>\n\t\t<\/div>\n\t\t\t\t\t\t\t\t<\/div>\n\t\t\t\t\t<\/div>\n\t\t<\/section>\n\t\t\t\t<section class=\"elementor-section elementor-top-section elementor-element elementor-element-b147a9d elementor-section-boxed elementor-section-height-default elementor-section-height-default\" data-id=\"b147a9d\" data-element_type=\"section\">\n\t\t\t\t\t\t<div class=\"elementor-container elementor-column-gap-default\">\n\t\t\t\t\t\t\t<div class=\"elementor-row\">\n\t\t\t\t\t<div class=\"elementor-column elementor-col-100 elementor-top-column elementor-element elementor-element-5d1c291\" data-id=\"5d1c291\" data-element_type=\"column\">\n\t\t\t<div class=\"elementor-column-wrap elementor-element-populated\">\n\t\t\t\t\t\t\t<div class=\"elementor-widget-wrap\">\n\t\t\t\t\t\t<div class=\"elementor-element elementor-element-bb2b0b6 elementor-widget elementor-widget-html\" data-id=\"bb2b0b6\" data-element_type=\"widget\" data-widget_type=\"html.default\">\n\t\t\t\t<div class=\"elementor-widget-container\">\n\t\t\t<!-- WuBook Javascript Library Eventually, put it inside your <head\/> tag\n-->\n<script src=\"https:\/\/wubook.net\/js\/wblib.jgz\"><\/script>\n<!-- put the following div where WuBook should be designed. Make sure to preserve the div contents (backlink) -->\n<div id=\"_baror_\" class=\"_baror____fixed\">\n  <a href=\"http:\/\/fr.wubook.net\/services\/channel-manager\/\" style=\"display: block; margin-top: 5px; text-decoration:none;border:none;background: rgba(0, 0, 0, 0); margin-top:0; z-index: 1000;\" target=\"_blank\">\n    <img decoding=\"async\" src=\"https:\/\/wubook.net\/imgs\/default\/booking_by_wu.gif\" alt=\"Sistema de reservas WuBook\" title=\"WuBook\" style=\"border:none;text-decoration:none;padding: 2px;background:#fff;\">\n  <\/a>\n<\/div>\n<!-- Initialize the WuBook Object. Collect params settings. Call WuBook.design_bwidget(). Notice WuBook Object provides a lot of interesting features. -->\n<script>\n  var WuBook= new _WuBook(1531592890);\n  var wbparams= {\n    textcolorpk: '#988454',\n    fixedPosition: 1,\n    ditextcolor: '#ffffff',\n    textcolorbb: '#ffffff',\n    plusperc: 5,\n    listtypebb: '#ffffff',\n    buttoncoloras: '#1c375b',\n    iconcoloras: '#ffffff',\n    rpkgs: '',\n    avgcolor: '#988454',\n    labelcoloras: '#ffffff',\n    barbackground: 'rgba(0, 0, 0, 0)',\n    default_nights: 24,\n    textcolorcalendarbe: '#988454',\n    bordercolor: '#988454',\n    blocks: 'be,bb',\n    failback_lang: 'fr',\n    hdcode: '',\n    textcolorbuttonbe: '#ffffff',\n    avgtextcolor: '#ffffff',\n    diinputcolor: '#ffffff',\n    lang: 'fr',\n    buttoncolorbe: '#2c1412',\n    dibuttoncolor: '#008000',\n    wbgoogle: 1,\n    bgblocks: '#000000',\n    cmsgs: 'MSwyLDM=',\n    textcolornightspk: '#ffffff',\n    adchi: 1\n  };\n  WuBook.design_bwidget(\"_baror_\", wbparams);\n<\/script>\n<!-- that's all :) Thank you for using WuBook! -->\n \t\t<\/div>\n\t\t\t\t<\/div>\n\t\t\t\t\t\t<\/div>\n\t\t\t\t\t<\/div>\n\t\t<\/div>\n\t\t\t\t\t\t\t\t<\/div>\n\t\t\t\t\t<\/div>\n\t\t<\/section>\n\t\t\t\t<section class=\"elementor-section elementor-top-section elementor-element elementor-element-8efa06f elementor-section-boxed elementor-section-height-default elementor-section-height-default\" data-id=\"8efa06f\" data-element_type=\"section\">\n\t\t\t\t\t\t<div class=\"elementor-container elementor-column-gap-default\">\n\t\t\t\t\t\t\t<div class=\"elementor-row\">\n\t\t\t\t\t<div class=\"elementor-column elementor-col-50 elementor-top-column elementor-element elementor-element-3f69746\" data-id=\"3f69746\" data-element_type=\"column\">\n\t\t\t<div class=\"elementor-column-wrap elementor-element-populated\">\n\t\t\t\t\t\t\t<div class=\"elementor-widget-wrap\">\n\t\t\t\t\t\t<div class=\"elementor-element elementor-element-fc6ff4c elementor-widget elementor-widget-image\" data-id=\"fc6ff4c\" data-element_type=\"widget\" data-widget_type=\"image.default\">\n\t\t\t\t<div class=\"elementor-widget-container\">\n\t\t\t\t\t\t\t\t<div class=\"elementor-image\">\n\t\t\t\t\t\t\t\t\t\t\t\t<img fetchpriority=\"high\" decoding=\"async\" width=\"4165\" height=\"6434\" src=\"https:\/\/www.marhbabikoum.com\/wp-content\/uploads\/2023\/12\/situation.png\" class=\"attachment-full size-full wp-image-1533\" alt=\"\" srcset=\"https:\/\/www.marhbabikoum.com\/wp-content\/uploads\/2023\/12\/situation.png 4165w, https:\/\/www.marhbabikoum.com\/wp-content\/uploads\/2023\/12\/situation-663x1024.png 663w, https:\/\/www.marhbabikoum.com\/wp-content\/uploads\/2023\/12\/situation-768x1186.png 768w, https:\/\/www.marhbabikoum.com\/wp-content\/uploads\/2023\/12\/situation-600x927.png 600w\" sizes=\"(max-width: 4165px) 100vw, 4165px\" \/>\t\t\t\t\t\t\t\t\t\t\t\t\t\t<\/div>\n\t\t\t\t\t\t<\/div>\n\t\t\t\t<\/div>\n\t\t\t\t<section class=\"elementor-section elementor-inner-section elementor-element elementor-element-13d4dd8 elementor-section-boxed elementor-section-height-default elementor-section-height-default\" data-id=\"13d4dd8\" data-element_type=\"section\">\n\t\t\t\t\t\t<div class=\"elementor-container elementor-column-gap-default\">\n\t\t\t\t\t\t\t<div class=\"elementor-row\">\n\t\t\t\t\t<div class=\"elementor-column elementor-col-100 elementor-inner-column elementor-element elementor-element-0e5a936\" data-id=\"0e5a936\" data-element_type=\"column\">\n\t\t\t<div class=\"elementor-column-wrap elementor-element-populated\">\n\t\t\t\t\t\t\t<div class=\"elementor-widget-wrap\">\n\t\t\t\t\t\t<div class=\"elementor-element elementor-element-78e4daa elementor-button-warning elementor-align-center elementor-widget elementor-widget-button\" data-id=\"78e4daa\" data-element_type=\"widget\" data-widget_type=\"button.default\">\n\t\t\t\t<div class=\"elementor-widget-container\">\n\t\t\t\t\t<div class=\"elementor-button-wrapper\">\n\t\t\t<a class=\"elementor-button elementor-button-link elementor-size-md\" href=\"https:\/\/goo.gl\/maps\/VbWY8BrTGA62\" target=\"_blank\">\n\t\t\t\t\t\t<span class=\"elementor-button-content-wrapper\">\n\t\t\t\t\t\t<span class=\"elementor-button-text\">Google MAP<\/span>\n\t\t<\/span>\n\t\t\t\t\t<\/a>\n\t\t<\/div>\n\t\t\t\t<\/div>\n\t\t\t\t<\/div>\n\t\t\t\t\t\t<\/div>\n\t\t\t\t\t<\/div>\n\t\t<\/div>\n\t\t\t\t\t\t\t\t<\/div>\n\t\t\t\t\t<\/div>\n\t\t<\/section>\n\t\t\t\t\t\t<\/div>\n\t\t\t\t\t<\/div>\n\t\t<\/div>\n\t\t\t\t<div class=\"elementor-column elementor-col-50 elementor-top-column elementor-element elementor-element-81065e9\" data-id=\"81065e9\" data-element_type=\"column\">\n\t\t\t<div class=\"elementor-column-wrap elementor-element-populated\">\n\t\t\t\t\t\t\t<div class=\"elementor-widget-wrap\">\n\t\t\t\t\t\t<div class=\"elementor-element elementor-element-a7eb7c2 elementor-widget elementor-widget-text-editor\" data-id=\"a7eb7c2\" data-element_type=\"widget\" data-widget_type=\"text-editor.default\">\n\t\t\t\t<div class=\"elementor-widget-container\">\n\t\t\t\t\t\t\t\t<div class=\"elementor-text-editor elementor-clearfix\">\n\t\t\t\t<p>El riad Marhbabikoum est\u00e1 idealmente ubicado en la ciudad hist\u00f3rica (la medina) de Marrakech, cerca de la gran plaza Jemmaa el Fna, accesible en coche, taxi, y calesa por el estacionamiento de riad Zitoun Jdid, que est\u00e1 a 2 minutos a pie. Se encuentra en una zona tranquila y segura donde uno se siente protegido del bullicio de la medina, pero sigue estando muy cerca a pie de los lugares m\u00e1s animados, tanto de d\u00eda como de noche, de los lugares m\u00e1s famosos para visitar, de restaurantes y tiendas.<\/p><p>En coche:<\/p><ul><li>El aeropuerto de Marrakech est\u00e1 a 15 minutos en coche,<\/li><li>La estaci\u00f3n de tren de Marrakech est\u00e1 a 10 minutos en coche,<\/li><li>La ciudad moderna, el barrio de Gueliz, est\u00e1 a 10 minutos en coche,<\/li><li>El Jard\u00edn Majorelle \/ Museo Yves Saint Laurent est\u00e1 a 15 minutos en coche,<\/li><\/ul><p><strong>A pie:<\/strong><\/p><ul><li>El museo Tiskiwin 1 minuto\u00a0<\/li><li>El museo Dar Si Said est\u00e1 a 2 minutos.<\/li><li>El palacio de la Bah\u00eda est\u00e1 a 2 minutos.<\/li><li>El Mellah y la sinagoga est\u00e1n a 3 minutos.<\/li><li>La plaza Jemmaa el Fna est\u00e1 a 7 minutos.<\/li><li>La Koutoubia est\u00e1 a 7 minutos.<\/li><li>La plaza de los herreros est\u00e1 a 4 minutos. El palacio el Badia est\u00e1 a 7 minutos.<\/li><li>Los zocos est\u00e1n a 7 minutos.<\/li><li>La plaza de las especias est\u00e1 a 10 minutos.<\/li><li>La medersa Ben Youssef est\u00e1 a 15 minutos.<\/li><\/ul>\t\t\t\t\t<\/div>\n\t\t\t\t\t\t<\/div>\n\t\t\t\t<\/div>\n\t\t\t\t\t\t<\/div>\n\t\t\t\t\t<\/div>\n\t\t<\/div>\n\t\t\t\t\t\t\t\t<\/div>\n\t\t\t\t\t<\/div>\n\t\t<\/section>\n\t\t\t\t\t\t\t\t\t<\/div>\n\t\t\t<\/div>\n\t\t\t\t\t<\/div>\n\t\t","protected":false},"excerpt":{"rendered":"<p>Situaci\u00f3n Google MAP El riad Marhbabikoum est\u00e1 idealmente ubicado en la ciudad hist\u00f3rica (la medina) de Marrakech, cerca de la gran plaza Jemmaa el Fna, accesible en coche, taxi, y calesa por el estacionamiento de riad Zitoun Jdid, que est\u00e1 a 2 minutos a pie. Se encuentra en una zona tranquila y segura donde uno [&hellip;]<\/p>\n","protected":false},"author":1,"featured_media":0,"parent":0,"menu_order":0,"comment_status":"closed","ping_status":"closed","template":"","meta":{"footnotes":""},"yoast_head":"<!-- This site is optimized with the Yoast SEO plugin v21.9.1 - https:\/\/yoast.com\/wordpress\/plugins\/seo\/ -->\n<title>Ubicaci\u00f3n central del Riad Marhbabikoum en Marrakech<\/title>\n<meta name=\"description\" content=\"Disfrute de una ubicaci\u00f3n central en Marrakech con el Riad Marhbabikoum, cerca de Jemmaa el Fna y de los principales sitios hist\u00f3ricos.\" \/>\n<meta name=\"robots\" content=\"index, follow, max-snippet:-1, max-image-preview:large, max-video-preview:-1\" \/>\n<link rel=\"canonical\" href=\"https:\/\/www.marhbabikoum.com\/es\/situation\/\" \/>\n<meta property=\"og:locale\" content=\"es_ES\" \/>\n<meta property=\"og:type\" content=\"article\" \/>\n<meta property=\"og:title\" content=\"Ubicaci\u00f3n central del Riad Marhbabikoum en Marrakech\" \/>\n<meta property=\"og:description\" content=\"Disfrute de una ubicaci\u00f3n central en Marrakech con el Riad Marhbabikoum, cerca de Jemmaa el Fna y de los principales sitios hist\u00f3ricos.\" \/>\n<meta property=\"og:url\" content=\"https:\/\/www.marhbabikoum.com\/es\/situation\/\" \/>\n<meta property=\"og:site_name\" content=\"Riad Marhbabikoum\" \/>\n<meta property=\"article:modified_time\" content=\"2026-05-07T14:47:35+00:00\" \/>\n<meta property=\"og:image\" content=\"https:\/\/wubook.net\/imgs\/default\/booking_by_wu.gif\" \/>\n<meta name=\"twitter:card\" content=\"summary_large_image\" \/>\n<meta name=\"twitter:label1\" content=\"Tiempo de lectura\" \/>\n\t<meta name=\"twitter:data1\" content=\"2 minutos\" \/>\n<script type=\"application\/ld+json\" class=\"yoast-schema-graph\">{\"@context\":\"https:\/\/schema.org\",\"@graph\":[{\"@type\":\"WebPage\",\"@id\":\"https:\/\/www.marhbabikoum.com\/es\/situation\/\",\"url\":\"https:\/\/www.marhbabikoum.com\/es\/situation\/\",\"name\":\"Ubicaci\u00f3n central del Riad Marhbabikoum en Marrakech\",\"isPartOf\":{\"@id\":\"https:\/\/www.marhbabikoum.com\/#website\"},\"datePublished\":\"2023-12-25T12:19:35+00:00\",\"dateModified\":\"2026-05-07T14:47:35+00:00\",\"description\":\"Disfrute de una ubicaci\u00f3n central en Marrakech con el Riad Marhbabikoum, cerca de Jemmaa el Fna y de los principales sitios hist\u00f3ricos.\",\"breadcrumb\":{\"@id\":\"https:\/\/www.marhbabikoum.com\/es\/situation\/#breadcrumb\"},\"inLanguage\":\"es\",\"potentialAction\":[{\"@type\":\"ReadAction\",\"target\":[\"https:\/\/www.marhbabikoum.com\/es\/situation\/\"]}]},{\"@type\":\"BreadcrumbList\",\"@id\":\"https:\/\/www.marhbabikoum.com\/es\/situation\/#breadcrumb\",\"itemListElement\":[{\"@type\":\"ListItem\",\"position\":1,\"name\":\"Accueil\",\"item\":\"https:\/\/www.marhbabikoum.com\/es\/\"},{\"@type\":\"ListItem\",\"position\":2,\"name\":\"Ubicaci\u00f3n\"}]},{\"@type\":\"WebSite\",\"@id\":\"https:\/\/www.marhbabikoum.com\/#website\",\"url\":\"https:\/\/www.marhbabikoum.com\/\",\"name\":\"Riad Marhbabikoum\",\"description\":\"Maison d&#039;h\u00f4tes \u00e0 Marrakech\",\"publisher\":{\"@id\":\"https:\/\/www.marhbabikoum.com\/#organization\"},\"alternateName\":\"Riad Marhbabikoum\",\"potentialAction\":[{\"@type\":\"SearchAction\",\"target\":{\"@type\":\"EntryPoint\",\"urlTemplate\":\"https:\/\/www.marhbabikoum.com\/?s={search_term_string}\"},\"query-input\":\"required name=search_term_string\"}],\"inLanguage\":\"es\"},{\"@type\":\"Organization\",\"@id\":\"https:\/\/www.marhbabikoum.com\/#organization\",\"name\":\"Riad Marhbabikoum\",\"alternateName\":\"Riad Marhbabikoum\",\"url\":\"https:\/\/www.marhbabikoum.com\/\",\"logo\":{\"@type\":\"ImageObject\",\"inLanguage\":\"es\",\"@id\":\"https:\/\/www.marhbabikoum.com\/#\/schema\/logo\/image\/\",\"url\":\"https:\/\/www.marhbabikoum.com\/wp-content\/uploads\/2023\/01\/Riad_Marhbabikoum-logo.png\",\"contentUrl\":\"https:\/\/www.marhbabikoum.com\/wp-content\/uploads\/2023\/01\/Riad_Marhbabikoum-logo.png\",\"width\":1000,\"height\":1000,\"caption\":\"Riad Marhbabikoum\"},\"image\":{\"@id\":\"https:\/\/www.marhbabikoum.com\/#\/schema\/logo\/image\/\"}}]}<\/script>\n<!-- \/ Yoast SEO plugin. -->","yoast_head_json":{"title":"Ubicaci\u00f3n central del Riad Marhbabikoum en Marrakech","description":"Disfrute de una ubicaci\u00f3n central en Marrakech con el Riad Marhbabikoum, cerca de Jemmaa el Fna y de los principales sitios hist\u00f3ricos.","robots":{"index":"index","follow":"follow","max-snippet":"max-snippet:-1","max-image-preview":"max-image-preview:large","max-video-preview":"max-video-preview:-1"},"canonical":"https:\/\/www.marhbabikoum.com\/es\/situation\/","og_locale":"es_ES","og_type":"article","og_title":"Ubicaci\u00f3n central del Riad Marhbabikoum en Marrakech","og_description":"Disfrute de una ubicaci\u00f3n central en Marrakech con el Riad Marhbabikoum, cerca de Jemmaa el Fna y de los principales sitios hist\u00f3ricos.","og_url":"https:\/\/www.marhbabikoum.com\/es\/situation\/","og_site_name":"Riad Marhbabikoum","article_modified_time":"2026-05-07T14:47:35+00:00","og_image":[{"url":"https:\/\/wubook.net\/imgs\/default\/booking_by_wu.gif"}],"twitter_card":"summary_large_image","twitter_misc":{"Tiempo de lectura":"2 minutos"},"schema":{"@context":"https:\/\/schema.org","@graph":[{"@type":"WebPage","@id":"https:\/\/www.marhbabikoum.com\/es\/situation\/","url":"https:\/\/www.marhbabikoum.com\/es\/situation\/","name":"Ubicaci\u00f3n central del Riad Marhbabikoum en Marrakech","isPartOf":{"@id":"https:\/\/www.marhbabikoum.com\/#website"},"datePublished":"2023-12-25T12:19:35+00:00","dateModified":"2026-05-07T14:47:35+00:00","description":"Disfrute de una ubicaci\u00f3n central en Marrakech con el Riad Marhbabikoum, cerca de Jemmaa el Fna y de los principales sitios hist\u00f3ricos.","breadcrumb":{"@id":"https:\/\/www.marhbabikoum.com\/es\/situation\/#breadcrumb"},"inLanguage":"es","potentialAction":[{"@type":"ReadAction","target":["https:\/\/www.marhbabikoum.com\/es\/situation\/"]}]},{"@type":"BreadcrumbList","@id":"https:\/\/www.marhbabikoum.com\/es\/situation\/#breadcrumb","itemListElement":[{"@type":"ListItem","position":1,"name":"Accueil","item":"https:\/\/www.marhbabikoum.com\/es\/"},{"@type":"ListItem","position":2,"name":"Ubicaci\u00f3n"}]},{"@type":"WebSite","@id":"https:\/\/www.marhbabikoum.com\/#website","url":"https:\/\/www.marhbabikoum.com\/","name":"Riad Marhbabikoum","description":"Maison d&#039;h\u00f4tes \u00e0 Marrakech","publisher":{"@id":"https:\/\/www.marhbabikoum.com\/#organization"},"alternateName":"Riad Marhbabikoum","potentialAction":[{"@type":"SearchAction","target":{"@type":"EntryPoint","urlTemplate":"https:\/\/www.marhbabikoum.com\/?s={search_term_string}"},"query-input":"required name=search_term_string"}],"inLanguage":"es"},{"@type":"Organization","@id":"https:\/\/www.marhbabikoum.com\/#organization","name":"Riad Marhbabikoum","alternateName":"Riad Marhbabikoum","url":"https:\/\/www.marhbabikoum.com\/","logo":{"@type":"ImageObject","inLanguage":"es","@id":"https:\/\/www.marhbabikoum.com\/#\/schema\/logo\/image\/","url":"https:\/\/www.marhbabikoum.com\/wp-content\/uploads\/2023\/01\/Riad_Marhbabikoum-logo.png","contentUrl":"https:\/\/www.marhbabikoum.com\/wp-content\/uploads\/2023\/01\/Riad_Marhbabikoum-logo.png","width":1000,"height":1000,"caption":"Riad Marhbabikoum"},"image":{"@id":"https:\/\/www.marhbabikoum.com\/#\/schema\/logo\/image\/"}}]}},"_links":{"self":[{"href":"https:\/\/www.marhbabikoum.com\/es\/wp-json\/wp\/v2\/pages\/2749"}],"collection":[{"href":"https:\/\/www.marhbabikoum.com\/es\/wp-json\/wp\/v2\/pages"}],"about":[{"href":"https:\/\/www.marhbabikoum.com\/es\/wp-json\/wp\/v2\/types\/page"}],"author":[{"embeddable":true,"href":"https:\/\/www.marhbabikoum.com\/es\/wp-json\/wp\/v2\/users\/1"}],"replies":[{"embeddable":true,"href":"https:\/\/www.marhbabikoum.com\/es\/wp-json\/wp\/v2\/comments?post=2749"}],"version-history":[{"count":5,"href":"https:\/\/www.marhbabikoum.com\/es\/wp-json\/wp\/v2\/pages\/2749\/revisions"}],"predecessor-version":[{"id":2855,"href":"https:\/\/www.marhbabikoum.com\/es\/wp-json\/wp\/v2\/pages\/2749\/revisions\/2855"}],"wp:attachment":[{"href":"https:\/\/www.marhbabikoum.com\/es\/wp-json\/wp\/v2\/media?parent=2749"}],"curies":[{"name":"wp","href":"https:\/\/api.w.org\/{rel}","templated":true}]}}