{"id":3407,"date":"2024-01-04T13:18:09","date_gmt":"2024-01-04T13:18:09","guid":{"rendered":"https:\/\/marhbabikoum.inmorocco.com\/dormitorios2\/"},"modified":"2024-01-29T13:58:19","modified_gmt":"2024-01-29T13:58:19","slug":"habitaciones","status":"publish","type":"page","link":"https:\/\/www.marhbabikoum.com\/es\/habitaciones\/","title":{"rendered":"Habitaci\u00f3nes"},"content":{"rendered":"\t\t<div data-elementor-type=\"wp-page\" data-elementor-id=\"3407\" class=\"elementor elementor-3407 elementor-3026\">\n\t\t\t\t\t\t<div class=\"elementor-inner\">\n\t\t\t\t<div class=\"elementor-section-wrap\">\n\t\t\t\t\t\t\t\t\t<section class=\"elementor-section elementor-top-section elementor-element elementor-element-e29233e elementor-section-full_width elementor-section-height-default elementor-section-height-default\" data-id=\"e29233e\" data-element_type=\"section\" data-settings=\"{&quot;background_background&quot;:&quot;classic&quot;}\">\n\t\t\t\t\t\t<div class=\"elementor-container elementor-column-gap-default\">\n\t\t\t\t\t\t\t<div class=\"elementor-row\">\n\t\t\t\t\t<div class=\"elementor-column elementor-col-100 elementor-top-column elementor-element elementor-element-bca5c6f\" data-id=\"bca5c6f\" data-element_type=\"column\">\n\t\t\t<div class=\"elementor-column-wrap elementor-element-populated\">\n\t\t\t\t\t\t\t<div class=\"elementor-widget-wrap\">\n\t\t\t\t\t\t<div class=\"elementor-element elementor-element-b89ac12 elementor-widget elementor-widget-gva-heading-block\" data-id=\"b89ac12\" data-element_type=\"widget\" data-widget_type=\"gva-heading-block.default\">\n\t\t\t\t<div class=\"elementor-widget-container\">\n\t\t\t<div class=\"gva-element-gva-heading-block gva-element\">   <div class=\"align-center style-1 widget gsc-heading box-align-left auto-responsive\">\r\n      <div class=\"content-inner\">\r\n         \r\n                  \r\n           \r\n         \r\n                     <h2 class=\"title\">\r\n               <span>Nuestras habitaciones<\/span>\r\n            <\/h2>\r\n                  \r\n         \r\n         \r\n      <\/div>\r\n   <\/div>\r\n<\/div>\t\t<\/div>\n\t\t\t\t<\/div>\n\t\t\t\t\t\t<\/div>\n\t\t\t\t\t<\/div>\n\t\t<\/div>\n\t\t\t\t\t\t\t\t<\/div>\n\t\t\t\t\t<\/div>\n\t\t<\/section>\n\t\t<div class=\"elementor-element elementor-element-d42a546 e-flex e-con-boxed e-con e-parent\" data-id=\"d42a546\" data-element_type=\"container\" data-settings=\"{&quot;container_type&quot;:&quot;flex&quot;,&quot;content_width&quot;:&quot;boxed&quot;}\" data-core-v316-plus=\"true\">\n\t\t\t\t\t<div class=\"e-con-inner\">\n\t\t<div class=\"elementor-element elementor-element-3558474 e-con-full e-flex e-con e-child\" data-id=\"3558474\" data-element_type=\"container\" data-settings=\"{&quot;content_width&quot;:&quot;full&quot;,&quot;container_type&quot;:&quot;flex&quot;}\">\n\t\t\t\t<div class=\"elementor-element elementor-element-be63306 elementor-widget elementor-widget-image\" data-id=\"be63306\" data-element_type=\"widget\" data-widget_type=\"image.default\">\n\t\t\t\t<div class=\"elementor-widget-container\">\n\t\t\t\t\t\t\t\t<div class=\"elementor-image\">\n\t\t\t\t\t\t\t\t\t\t\t\t<img fetchpriority=\"high\" decoding=\"async\" width=\"900\" height=\"600\" src=\"https:\/\/www.marhbabikoum.com\/wp-content\/uploads\/2023\/12\/1-2-1024x683.jpg\" class=\"attachment-large size-large wp-image-803\" alt=\"\" srcset=\"https:\/\/www.marhbabikoum.com\/wp-content\/uploads\/2023\/12\/1-2-1024x683.jpg 1024w, https:\/\/www.marhbabikoum.com\/wp-content\/uploads\/2023\/12\/1-2-scaled-600x400.jpg 600w, https:\/\/www.marhbabikoum.com\/wp-content\/uploads\/2023\/12\/1-2-768x512.jpg 768w\" sizes=\"(max-width: 900px) 100vw, 900px\" \/>\t\t\t\t\t\t\t\t\t\t\t\t\t\t<\/div>\n\t\t\t\t\t\t<\/div>\n\t\t\t\t<\/div>\n\t\t\t\t<div class=\"elementor-element elementor-element-2b74e35 elementor-align-center elementor-icon-list--layout-traditional elementor-list-item-link-full_width elementor-widget elementor-widget-icon-list\" data-id=\"2b74e35\" data-element_type=\"widget\" data-widget_type=\"icon-list.default\">\n\t\t\t\t<div class=\"elementor-widget-container\">\n\t\t\t\t\t<ul class=\"elementor-icon-list-items\">\n\t\t\t\t\t\t\t<li class=\"elementor-icon-list-item\">\n\t\t\t\t\t\t\t\t\t\t\t<a href=\"https:\/\/www.marhbabikoum.com\/es\/cuarto-doble\/\">\n\n\t\t\t\t\t\t\t\t\t\t\t<span class=\"elementor-icon-list-text\">Habitaci\u00f3n doble<\/span>\n\t\t\t\t\t\t\t\t\t\t\t<\/a>\n\t\t\t\t\t\t\t\t\t<\/li>\n\t\t\t\t\t\t<\/ul>\n\t\t\t\t<\/div>\n\t\t\t\t<\/div>\n\t\t\t\t<\/div>\n\t\t<div class=\"elementor-element elementor-element-02c0159 e-con-full e-flex e-con e-child\" data-id=\"02c0159\" data-element_type=\"container\" data-settings=\"{&quot;content_width&quot;:&quot;full&quot;,&quot;container_type&quot;:&quot;flex&quot;}\">\n\t\t\t\t<div class=\"elementor-element elementor-element-fd0ab08 elementor-widget elementor-widget-image\" data-id=\"fd0ab08\" data-element_type=\"widget\" data-widget_type=\"image.default\">\n\t\t\t\t<div class=\"elementor-widget-container\">\n\t\t\t\t\t\t\t\t<div class=\"elementor-image\">\n\t\t\t\t\t\t\t\t\t\t\t\t<img decoding=\"async\" width=\"900\" height=\"601\" src=\"https:\/\/www.marhbabikoum.com\/wp-content\/uploads\/2023\/12\/7-1024x684.jpg\" class=\"attachment-large size-large wp-image-827\" alt=\"\" srcset=\"https:\/\/www.marhbabikoum.com\/wp-content\/uploads\/2023\/12\/7-1024x684.jpg 1024w, https:\/\/www.marhbabikoum.com\/wp-content\/uploads\/2023\/12\/7-scaled-600x401.jpg 600w, https:\/\/www.marhbabikoum.com\/wp-content\/uploads\/2023\/12\/7-768x513.jpg 768w\" sizes=\"(max-width: 900px) 100vw, 900px\" \/>\t\t\t\t\t\t\t\t\t\t\t\t\t\t<\/div>\n\t\t\t\t\t\t<\/div>\n\t\t\t\t<\/div>\n\t\t\t\t<div class=\"elementor-element elementor-element-1a5663c elementor-align-center elementor-icon-list--layout-traditional elementor-list-item-link-full_width elementor-widget elementor-widget-icon-list\" data-id=\"1a5663c\" data-element_type=\"widget\" data-widget_type=\"icon-list.default\">\n\t\t\t\t<div class=\"elementor-widget-container\">\n\t\t\t\t\t<ul class=\"elementor-icon-list-items\">\n\t\t\t\t\t\t\t<li class=\"elementor-icon-list-item\">\n\t\t\t\t\t\t\t\t\t\t\t<a href=\"https:\/\/www.marhbabikoum.com\/es\/suite-junior\/\">\n\n\t\t\t\t\t\t\t\t\t\t\t<span class=\"elementor-icon-list-text\">Suite junior<\/span>\n\t\t\t\t\t\t\t\t\t\t\t<\/a>\n\t\t\t\t\t\t\t\t\t<\/li>\n\t\t\t\t\t\t<\/ul>\n\t\t\t\t<\/div>\n\t\t\t\t<\/div>\n\t\t\t\t<\/div>\n\t\t<div class=\"elementor-element elementor-element-a9ae572 e-con-full e-flex e-con e-child\" data-id=\"a9ae572\" data-element_type=\"container\" data-settings=\"{&quot;content_width&quot;:&quot;full&quot;,&quot;container_type&quot;:&quot;flex&quot;}\">\n\t\t\t\t<div class=\"elementor-element elementor-element-8742a3d elementor-widget elementor-widget-image\" data-id=\"8742a3d\" data-element_type=\"widget\" data-widget_type=\"image.default\">\n\t\t\t\t<div class=\"elementor-widget-container\">\n\t\t\t\t\t\t\t\t<div class=\"elementor-image\">\n\t\t\t\t\t\t\t\t\t\t\t\t<img decoding=\"async\" width=\"900\" height=\"600\" src=\"https:\/\/www.marhbabikoum.com\/wp-content\/uploads\/2023\/12\/1-1024x683.jpg\" class=\"attachment-large size-large wp-image-801\" alt=\"\" srcset=\"https:\/\/www.marhbabikoum.com\/wp-content\/uploads\/2023\/12\/1-1024x683.jpg 1024w, https:\/\/www.marhbabikoum.com\/wp-content\/uploads\/2023\/12\/1-scaled-600x400.jpg 600w, https:\/\/www.marhbabikoum.com\/wp-content\/uploads\/2023\/12\/1-768x512.jpg 768w\" sizes=\"(max-width: 900px) 100vw, 900px\" \/>\t\t\t\t\t\t\t\t\t\t\t\t\t\t<\/div>\n\t\t\t\t\t\t<\/div>\n\t\t\t\t<\/div>\n\t\t\t\t<div class=\"elementor-element elementor-element-70ba68b elementor-align-center elementor-icon-list--layout-traditional elementor-list-item-link-full_width elementor-widget elementor-widget-icon-list\" data-id=\"70ba68b\" data-element_type=\"widget\" data-widget_type=\"icon-list.default\">\n\t\t\t\t<div class=\"elementor-widget-container\">\n\t\t\t\t\t<ul class=\"elementor-icon-list-items\">\n\t\t\t\t\t\t\t<li class=\"elementor-icon-list-item\">\n\t\t\t\t\t\t\t\t\t\t\t<a href=\"https:\/\/www.marhbabikoum.com\/es\/cuarto-familiar\/\">\n\n\t\t\t\t\t\t\t\t\t\t\t<span class=\"elementor-icon-list-text\">habitaci\u00f3n familiar<\/span>\n\t\t\t\t\t\t\t\t\t\t\t<\/a>\n\t\t\t\t\t\t\t\t\t<\/li>\n\t\t\t\t\t\t<\/ul>\n\t\t\t\t<\/div>\n\t\t\t\t<\/div>\n\t\t\t\t<\/div>\n\t\t<div class=\"elementor-element elementor-element-56db5df e-con-full e-flex e-con e-child\" data-id=\"56db5df\" data-element_type=\"container\" data-settings=\"{&quot;content_width&quot;:&quot;full&quot;,&quot;container_type&quot;:&quot;flex&quot;}\">\n\t\t\t\t<div class=\"elementor-element elementor-element-4e3ac80 elementor-widget elementor-widget-image\" data-id=\"4e3ac80\" data-element_type=\"widget\" data-widget_type=\"image.default\">\n\t\t\t\t<div class=\"elementor-widget-container\">\n\t\t\t\t\t\t\t\t<div class=\"elementor-image\">\n\t\t\t\t\t\t\t\t\t\t\t\t<img loading=\"lazy\" decoding=\"async\" width=\"900\" height=\"601\" src=\"https:\/\/www.marhbabikoum.com\/wp-content\/uploads\/2023\/12\/1-1-1024x684.jpg\" class=\"attachment-large size-large wp-image-809\" alt=\"\" srcset=\"https:\/\/www.marhbabikoum.com\/wp-content\/uploads\/2023\/12\/1-1-1024x684.jpg 1024w, https:\/\/www.marhbabikoum.com\/wp-content\/uploads\/2023\/12\/1-1-scaled-600x401.jpg 600w, https:\/\/www.marhbabikoum.com\/wp-content\/uploads\/2023\/12\/1-1-768x513.jpg 768w\" sizes=\"(max-width: 900px) 100vw, 900px\" \/>\t\t\t\t\t\t\t\t\t\t\t\t\t\t<\/div>\n\t\t\t\t\t\t<\/div>\n\t\t\t\t<\/div>\n\t\t\t\t<div class=\"elementor-element elementor-element-4c4a2ea elementor-align-center elementor-icon-list--layout-traditional elementor-list-item-link-full_width elementor-widget elementor-widget-icon-list\" data-id=\"4c4a2ea\" data-element_type=\"widget\" data-widget_type=\"icon-list.default\">\n\t\t\t\t<div class=\"elementor-widget-container\">\n\t\t\t\t\t<ul class=\"elementor-icon-list-items\">\n\t\t\t\t\t\t\t<li class=\"elementor-icon-list-item\">\n\t\t\t\t\t\t\t\t\t\t\t<a href=\"https:\/\/www.marhbabikoum.com\/es\/chambre-twin\/\">\n\n\t\t\t\t\t\t\t\t\t\t\t<span class=\"elementor-icon-list-text\">habitaci\u00f3n twin<\/span>\n\t\t\t\t\t\t\t\t\t\t\t<\/a>\n\t\t\t\t\t\t\t\t\t<\/li>\n\t\t\t\t\t\t<\/ul>\n\t\t\t\t<\/div>\n\t\t\t\t<\/div>\n\t\t\t\t<\/div>\n\t\t\t\t\t<\/div>\n\t\t\t\t<\/div>\n\t\t\t\t\t\t\t\t\t<\/div>\n\t\t\t<\/div>\n\t\t\t\t\t<\/div>\n\t\t","protected":false},"excerpt":{"rendered":"<p>Nuestras habitaciones Habitaci\u00f3n doble Suite junior habitaci\u00f3n familiar habitaci\u00f3n twin<\/p>\n","protected":false},"author":1,"featured_media":0,"parent":0,"menu_order":0,"comment_status":"closed","ping_status":"closed","template":"","meta":{"footnotes":""},"yoast_head":"<!-- This site is optimized with the Yoast SEO plugin v21.9.1 - https:\/\/yoast.com\/wordpress\/plugins\/seo\/ -->\n<title>Habitaci\u00f3n tradicional en Riad Marhbabikoum en Marrakech<\/title>\n<meta name=\"description\" content=\"Reserva tu habitaci\u00f3n ideal en Medina Marrakech: \u00a1comodidad, aire acondicionado y desayuno incluido!\" \/>\n<meta name=\"robots\" content=\"index, follow, max-snippet:-1, max-image-preview:large, max-video-preview:-1\" \/>\n<link rel=\"canonical\" href=\"https:\/\/www.marhbabikoum.com\/es\/habitaciones\/\" \/>\n<meta property=\"og:locale\" content=\"es_ES\" \/>\n<meta property=\"og:type\" content=\"article\" \/>\n<meta property=\"og:title\" content=\"Habitaci\u00f3n tradicional en Riad Marhbabikoum en Marrakech\" \/>\n<meta property=\"og:description\" content=\"Reserva tu habitaci\u00f3n ideal en Medina Marrakech: \u00a1comodidad, aire acondicionado y desayuno incluido!\" \/>\n<meta property=\"og:url\" content=\"https:\/\/www.marhbabikoum.com\/es\/habitaciones\/\" \/>\n<meta property=\"og:site_name\" content=\"Riad Marhbabikoum\" \/>\n<meta property=\"article:modified_time\" content=\"2024-01-29T13:58:19+00:00\" \/>\n<meta property=\"og:image\" content=\"https:\/\/marhbabikoum.inmorocco.com\/wp-content\/uploads\/2023\/12\/1-2-1024x683.jpg\" \/>\n<meta name=\"twitter:card\" content=\"summary_large_image\" \/>\n<meta name=\"twitter:label1\" content=\"Tiempo de lectura\" \/>\n\t<meta name=\"twitter:data1\" content=\"1 minuto\" \/>\n<script type=\"application\/ld+json\" class=\"yoast-schema-graph\">{\"@context\":\"https:\/\/schema.org\",\"@graph\":[{\"@type\":\"WebPage\",\"@id\":\"https:\/\/www.marhbabikoum.com\/es\/habitaciones\/\",\"url\":\"https:\/\/www.marhbabikoum.com\/es\/habitaciones\/\",\"name\":\"Habitaci\u00f3n tradicional en Riad Marhbabikoum en Marrakech\",\"isPartOf\":{\"@id\":\"https:\/\/www.marhbabikoum.com\/#website\"},\"datePublished\":\"2024-01-04T13:18:09+00:00\",\"dateModified\":\"2024-01-29T13:58:19+00:00\",\"description\":\"Reserva tu habitaci\u00f3n ideal en Medina Marrakech: \u00a1comodidad, aire acondicionado y desayuno incluido!\",\"breadcrumb\":{\"@id\":\"https:\/\/www.marhbabikoum.com\/es\/habitaciones\/#breadcrumb\"},\"inLanguage\":\"es\",\"potentialAction\":[{\"@type\":\"ReadAction\",\"target\":[\"https:\/\/www.marhbabikoum.com\/es\/habitaciones\/\"]}]},{\"@type\":\"BreadcrumbList\",\"@id\":\"https:\/\/www.marhbabikoum.com\/es\/habitaciones\/#breadcrumb\",\"itemListElement\":[{\"@type\":\"ListItem\",\"position\":1,\"name\":\"Accueil\",\"item\":\"https:\/\/www.marhbabikoum.com\/es\/\"},{\"@type\":\"ListItem\",\"position\":2,\"name\":\"Habitaci\u00f3nes\"}]},{\"@type\":\"WebSite\",\"@id\":\"https:\/\/www.marhbabikoum.com\/#website\",\"url\":\"https:\/\/www.marhbabikoum.com\/\",\"name\":\"Riad Marhbabikoum\",\"description\":\"Maison d&#039;h\u00f4tes \u00e0 Marrakech\",\"publisher\":{\"@id\":\"https:\/\/www.marhbabikoum.com\/#organization\"},\"alternateName\":\"Riad Marhbabikoum\",\"potentialAction\":[{\"@type\":\"SearchAction\",\"target\":{\"@type\":\"EntryPoint\",\"urlTemplate\":\"https:\/\/www.marhbabikoum.com\/?s={search_term_string}\"},\"query-input\":\"required name=search_term_string\"}],\"inLanguage\":\"es\"},{\"@type\":\"Organization\",\"@id\":\"https:\/\/www.marhbabikoum.com\/#organization\",\"name\":\"Riad Marhbabikoum\",\"alternateName\":\"Riad Marhbabikoum\",\"url\":\"https:\/\/www.marhbabikoum.com\/\",\"logo\":{\"@type\":\"ImageObject\",\"inLanguage\":\"es\",\"@id\":\"https:\/\/www.marhbabikoum.com\/#\/schema\/logo\/image\/\",\"url\":\"https:\/\/www.marhbabikoum.com\/wp-content\/uploads\/2023\/01\/Riad_Marhbabikoum-logo.png\",\"contentUrl\":\"https:\/\/www.marhbabikoum.com\/wp-content\/uploads\/2023\/01\/Riad_Marhbabikoum-logo.png\",\"width\":1000,\"height\":1000,\"caption\":\"Riad Marhbabikoum\"},\"image\":{\"@id\":\"https:\/\/www.marhbabikoum.com\/#\/schema\/logo\/image\/\"}}]}<\/script>\n<!-- \/ Yoast SEO plugin. -->","yoast_head_json":{"title":"Habitaci\u00f3n tradicional en Riad Marhbabikoum en Marrakech","description":"Reserva tu habitaci\u00f3n ideal en Medina Marrakech: \u00a1comodidad, aire acondicionado y desayuno incluido!","robots":{"index":"index","follow":"follow","max-snippet":"max-snippet:-1","max-image-preview":"max-image-preview:large","max-video-preview":"max-video-preview:-1"},"canonical":"https:\/\/www.marhbabikoum.com\/es\/habitaciones\/","og_locale":"es_ES","og_type":"article","og_title":"Habitaci\u00f3n tradicional en Riad Marhbabikoum en Marrakech","og_description":"Reserva tu habitaci\u00f3n ideal en Medina Marrakech: \u00a1comodidad, aire acondicionado y desayuno incluido!","og_url":"https:\/\/www.marhbabikoum.com\/es\/habitaciones\/","og_site_name":"Riad Marhbabikoum","article_modified_time":"2024-01-29T13:58:19+00:00","og_image":[{"url":"https:\/\/marhbabikoum.inmorocco.com\/wp-content\/uploads\/2023\/12\/1-2-1024x683.jpg"}],"twitter_card":"summary_large_image","twitter_misc":{"Tiempo de lectura":"1 minuto"},"schema":{"@context":"https:\/\/schema.org","@graph":[{"@type":"WebPage","@id":"https:\/\/www.marhbabikoum.com\/es\/habitaciones\/","url":"https:\/\/www.marhbabikoum.com\/es\/habitaciones\/","name":"Habitaci\u00f3n tradicional en Riad Marhbabikoum en Marrakech","isPartOf":{"@id":"https:\/\/www.marhbabikoum.com\/#website"},"datePublished":"2024-01-04T13:18:09+00:00","dateModified":"2024-01-29T13:58:19+00:00","description":"Reserva tu habitaci\u00f3n ideal en Medina Marrakech: \u00a1comodidad, aire acondicionado y desayuno incluido!","breadcrumb":{"@id":"https:\/\/www.marhbabikoum.com\/es\/habitaciones\/#breadcrumb"},"inLanguage":"es","potentialAction":[{"@type":"ReadAction","target":["https:\/\/www.marhbabikoum.com\/es\/habitaciones\/"]}]},{"@type":"BreadcrumbList","@id":"https:\/\/www.marhbabikoum.com\/es\/habitaciones\/#breadcrumb","itemListElement":[{"@type":"ListItem","position":1,"name":"Accueil","item":"https:\/\/www.marhbabikoum.com\/es\/"},{"@type":"ListItem","position":2,"name":"Habitaci\u00f3nes"}]},{"@type":"WebSite","@id":"https:\/\/www.marhbabikoum.com\/#website","url":"https:\/\/www.marhbabikoum.com\/","name":"Riad Marhbabikoum","description":"Maison d&#039;h\u00f4tes \u00e0 Marrakech","publisher":{"@id":"https:\/\/www.marhbabikoum.com\/#organization"},"alternateName":"Riad Marhbabikoum","potentialAction":[{"@type":"SearchAction","target":{"@type":"EntryPoint","urlTemplate":"https:\/\/www.marhbabikoum.com\/?s={search_term_string}"},"query-input":"required name=search_term_string"}],"inLanguage":"es"},{"@type":"Organization","@id":"https:\/\/www.marhbabikoum.com\/#organization","name":"Riad Marhbabikoum","alternateName":"Riad Marhbabikoum","url":"https:\/\/www.marhbabikoum.com\/","logo":{"@type":"ImageObject","inLanguage":"es","@id":"https:\/\/www.marhbabikoum.com\/#\/schema\/logo\/image\/","url":"https:\/\/www.marhbabikoum.com\/wp-content\/uploads\/2023\/01\/Riad_Marhbabikoum-logo.png","contentUrl":"https:\/\/www.marhbabikoum.com\/wp-content\/uploads\/2023\/01\/Riad_Marhbabikoum-logo.png","width":1000,"height":1000,"caption":"Riad Marhbabikoum"},"image":{"@id":"https:\/\/www.marhbabikoum.com\/#\/schema\/logo\/image\/"}}]}},"_links":{"self":[{"href":"https:\/\/www.marhbabikoum.com\/es\/wp-json\/wp\/v2\/pages\/3407"}],"collection":[{"href":"https:\/\/www.marhbabikoum.com\/es\/wp-json\/wp\/v2\/pages"}],"about":[{"href":"https:\/\/www.marhbabikoum.com\/es\/wp-json\/wp\/v2\/types\/page"}],"author":[{"embeddable":true,"href":"https:\/\/www.marhbabikoum.com\/es\/wp-json\/wp\/v2\/users\/1"}],"replies":[{"embeddable":true,"href":"https:\/\/www.marhbabikoum.com\/es\/wp-json\/wp\/v2\/comments?post=3407"}],"version-history":[{"count":15,"href":"https:\/\/www.marhbabikoum.com\/es\/wp-json\/wp\/v2\/pages\/3407\/revisions"}],"predecessor-version":[{"id":4800,"href":"https:\/\/www.marhbabikoum.com\/es\/wp-json\/wp\/v2\/pages\/3407\/revisions\/4800"}],"wp:attachment":[{"href":"https:\/\/www.marhbabikoum.com\/es\/wp-json\/wp\/v2\/media?parent=3407"}],"curies":[{"name":"wp","href":"https:\/\/api.w.org\/{rel}","templated":true}]}}