{"id":3749,"date":"2024-01-08T13:50:37","date_gmt":"2024-01-08T13:50:37","guid":{"rendered":"https:\/\/marhbabikoum.inmorocco.com\/bienestar\/"},"modified":"2026-05-07T14:33:35","modified_gmt":"2026-05-07T14:33:35","slug":"bienestar","status":"publish","type":"page","link":"https:\/\/www.marhbabikoum.com\/es\/bienestar\/","title":{"rendered":"Bienestar"},"content":{"rendered":"\t\t<div data-elementor-type=\"wp-page\" data-elementor-id=\"3749\" class=\"elementor elementor-3749 elementor-3638\">\n\t\t\t\t\t\t<div class=\"elementor-inner\">\n\t\t\t\t<div class=\"elementor-section-wrap\">\n\t\t\t\t\t\t\t\t\t<section class=\"elementor-section elementor-top-section elementor-element elementor-element-2fee724 elementor-section-boxed elementor-section-height-default elementor-section-height-default\" data-id=\"2fee724\" data-element_type=\"section\" data-settings=\"{&quot;background_background&quot;:&quot;classic&quot;}\">\n\t\t\t\t\t\t<div class=\"elementor-container elementor-column-gap-default\">\n\t\t\t\t\t\t\t<div class=\"elementor-row\">\n\t\t\t\t\t<div class=\"elementor-column elementor-col-100 elementor-top-column elementor-element elementor-element-c7f3372\" data-id=\"c7f3372\" data-element_type=\"column\">\n\t\t\t<div class=\"elementor-column-wrap elementor-element-populated\">\n\t\t\t\t\t\t\t<div class=\"elementor-widget-wrap\">\n\t\t\t\t\t\t<div class=\"elementor-element elementor-element-0b1d17c elementor-widget elementor-widget-gva-heading-block\" data-id=\"0b1d17c\" data-element_type=\"widget\" data-widget_type=\"gva-heading-block.default\">\n\t\t\t\t<div class=\"elementor-widget-container\">\n\t\t\t<div class=\"gva-element-gva-heading-block gva-element\">   <div class=\"align-center style-1 widget gsc-heading box-align-center auto-responsive\">\r\n      <div class=\"content-inner\">\r\n         \r\n                  \r\n           \r\n         \r\n                     <h2 class=\"title\">\r\n               <span>Fin de semana de bienestar<\/span>\r\n            <\/h2>\r\n                  \r\n         \r\n         \r\n      <\/div>\r\n   <\/div>\r\n<\/div>\t\t<\/div>\n\t\t\t\t<\/div>\n\t\t\t\t\t\t<\/div>\n\t\t\t\t\t<\/div>\n\t\t<\/div>\n\t\t\t\t\t\t\t\t<\/div>\n\t\t\t\t\t<\/div>\n\t\t<\/section>\n\t\t\t\t<section class=\"elementor-section elementor-top-section elementor-element elementor-element-1117152 elementor-section-boxed elementor-section-height-default elementor-section-height-default\" data-id=\"1117152\" data-element_type=\"section\">\n\t\t\t\t\t\t<div class=\"elementor-container elementor-column-gap-default\">\n\t\t\t\t\t\t\t<div class=\"elementor-row\">\n\t\t\t\t\t<div class=\"elementor-column elementor-col-100 elementor-top-column elementor-element elementor-element-916d17b\" data-id=\"916d17b\" data-element_type=\"column\">\n\t\t\t<div class=\"elementor-column-wrap elementor-element-populated\">\n\t\t\t\t\t\t\t<div class=\"elementor-widget-wrap\">\n\t\t\t\t\t\t<div class=\"elementor-element elementor-element-e672687 elementor-widget elementor-widget-text-editor\" data-id=\"e672687\" data-element_type=\"widget\" data-widget_type=\"text-editor.default\">\n\t\t\t\t<div class=\"elementor-widget-container\">\n\t\t\t\t\t\t\t\t<div class=\"elementor-text-editor elementor-clearfix\">\n\t\t\t\t<p>\n            <strong>\u00a1Pr\u00f3ximas estancias: \u00a1cont\u00e1ctanos!<\/strong>\n          <\/p>\n<p>\u00a1Solo cuidar de uno mismo, disfrutar del momento presente y regenerarse!<\/p>\n<p>Sin complicaciones, \u00a1sus anfitriones se encargan de usted y de todo! <\/p>\n<p>Adem\u00e1s, te encuentras en el coraz\u00f3n de la medina, en el barrio de los palacios y museos, y cerca de los zocos y de la famosa plaza Jemma el Fna.<\/p>\n<p>\u00a1Reserva tus boletos para un gran fin de semana (o m\u00e1s, por supuesto!) : danos tus fechas, \u00a1nosotros nos encargamos del resto!<\/p>\n<p>3 noches en media pensi\u00f3n en el riad en habitaciones dobles (posible habitaci\u00f3n individual con suplemento) <\/p>\n<p>4 tratamientos individuales de bienestar: Tratamiento energ\u00e9tico \/ Reflexolog\u00eda podal \/ Reiki \/ Masaje ayurv\u00e9dico<\/p>\n<p>3 momentos de bienestar en grupo (dependiendo del tama\u00f1o de su grupo): Yoga \/ QI gong \/ Hammam \u2013 exfoliaci\u00f3n \u2013 masaje<\/p>\n<p>Comida tradicional marroqu\u00ed: men\u00fas espec\u00edficamente adaptados para una estancia de bienestar con todas las frutas y verduras de temporada de Marrakech y su regi\u00f3n!<\/p>\n<p>Tarifa de 490\u20ac por persona en habitaciones dobles &#8211; suplemento individual de 90\u20ac<\/p>\n<p>Cont\u00e1ctanos para m\u00e1s detalles! (m\u00ednimo de 4 personas registradas para validar el fin de semana)<\/p>\n<p>\n            <strong>IN THE MOOD FOR A GIRLS&#8217; WEEKEND<\/strong>\n          <\/p>\n<p>Deja que te cuiden, V\u00e9ronique se encarga de todo&#8230;<\/p>\n<p>Compras, hammam, masajes, peque\u00f1os restaurantes agradables, buenas direcciones de artesanos, objetos de decoraci\u00f3n, productos cosm\u00e9ticos tradicionales, piscina, aprender a hacer un tajine, y quiz\u00e1s un poco de cultura en medio del relax; el programa se establecer\u00e1 seg\u00fan tus deseos.<\/p>\n\t\t\t\t\t<\/div>\n\t\t\t\t\t\t<\/div>\n\t\t\t\t<\/div>\n\t\t\t\t<div class=\"elementor-element elementor-element-b291eb8 elementor-widget elementor-widget-gva-gallery\" data-id=\"b291eb8\" data-element_type=\"widget\" data-widget_type=\"gva-gallery.default\">\n\t\t\t\t<div class=\"elementor-widget-container\">\n\t\t\t<div class=\"gva-element-gva-gallery gva-element\">  \r\n<div class=\"gva-gallery-grid clearfix \">\r\n\t<div class=\"gva-content-items\"> \r\n\t  \t<div class=\"lg-block-grid-3 md-block-grid-3 sm-block-grid-2 xs-block-grid-1 xx-block-grid-1\">\r\n\t\t \t<div class=\"item\"><div class=\"gallery-one__single\"><div class=\"gallery-one__image\"><img decoding=\"async\" src=\"https:\/\/www.marhbabikoum.com\/wp-content\/uploads\/2023\/12\/solarium-chapeau-B98I2172-550x660.jpg\" alt=\"\" \/><\/div><a class=\"gallery-one__photo photo-gallery\" href=\"https:\/\/www.marhbabikoum.com\/wp-content\/uploads\/2023\/12\/solarium-chapeau-B98I2172-scaled.jpg\" data-elementor-lightbox-slideshow=\"gallery-1bp6\"><\/a><div class=\"gallery-one__content\"><div class=\"gallery-one__content-inner\"><span class=\"gallery-one__icon\"><i class=\"fas fa-plus\"><\/i><\/span><\/div><\/div><\/div><\/div><div class=\"item\"><div class=\"gallery-one__single\"><div class=\"gallery-one__image\"><img decoding=\"async\" src=\"https:\/\/www.marhbabikoum.com\/wp-content\/uploads\/2024\/01\/washbasin-in-bathroom-bath-accessories-household-hotel-cleaning-concept-1024x683-1-550x660.jpg\" alt=\"\" \/><\/div><a class=\"gallery-one__photo photo-gallery\" href=\"https:\/\/www.marhbabikoum.com\/wp-content\/uploads\/2024\/01\/washbasin-in-bathroom-bath-accessories-household-hotel-cleaning-concept-1024x683-1.jpg\" data-elementor-lightbox-slideshow=\"gallery-1bp6\"><\/a><div class=\"gallery-one__content\"><div class=\"gallery-one__content-inner\"><span class=\"gallery-one__icon\"><i class=\"fas fa-plus\"><\/i><\/span><\/div><\/div><\/div><\/div><div class=\"item\"><div class=\"gallery-one__single\"><div class=\"gallery-one__image\"><img decoding=\"async\" src=\"https:\/\/www.marhbabikoum.com\/wp-content\/uploads\/2023\/12\/jpg-550x660.jpeg\" alt=\"\" \/><\/div><a class=\"gallery-one__photo photo-gallery\" href=\"https:\/\/www.marhbabikoum.com\/wp-content\/uploads\/2023\/12\/jpg.jpeg\" data-elementor-lightbox-slideshow=\"gallery-1bp6\"><\/a><div class=\"gallery-one__content\"><div class=\"gallery-one__content-inner\"><span class=\"gallery-one__icon\"><i class=\"fas fa-plus\"><\/i><\/span><\/div><\/div><\/div><\/div>\t  \t<\/div>\r\n\t<\/div>\r\n<\/div>\r\n<\/div>\t\t<\/div>\n\t\t\t\t<\/div>\n\t\t\t\t\t\t<\/div>\n\t\t\t\t\t<\/div>\n\t\t<\/div>\n\t\t\t\t\t\t\t\t<\/div>\n\t\t\t\t\t<\/div>\n\t\t<\/section>\n\t\t\t\t\t\t\t\t\t<\/div>\n\t\t\t<\/div>\n\t\t\t\t\t<\/div>\n\t\t","protected":false},"excerpt":{"rendered":"<p>Fin de semana de bienestar \u00a1Pr\u00f3ximas estancias: \u00a1cont\u00e1ctanos! \u00a1Solo cuidar de uno mismo, disfrutar del momento presente y regenerarse! Sin complicaciones, \u00a1sus anfitriones se encargan de usted y de todo! Adem\u00e1s, te encuentras en el coraz\u00f3n de la medina, en el barrio de los palacios y museos, y cerca de los zocos y de la [&hellip;]<\/p>\n","protected":false},"author":1,"featured_media":0,"parent":0,"menu_order":0,"comment_status":"closed","ping_status":"closed","template":"","meta":{"footnotes":""},"yoast_head":"<!-- This site is optimized with the Yoast SEO plugin v21.9.1 - https:\/\/yoast.com\/wordpress\/plugins\/seo\/ -->\n<title>Relajaci\u00f3n y bienestar en Marrakech<\/title>\n<meta name=\"description\" content=\"Descubra Marrakech con nuestra oferta de bienestar Riad en el coraz\u00f3n de la Medina, cerca de Jamaa el Fenna, hammam, masajes, comida tradicional. \u00a1Reservar ahora!\" \/>\n<meta name=\"robots\" content=\"index, follow, max-snippet:-1, max-image-preview:large, max-video-preview:-1\" \/>\n<link rel=\"canonical\" href=\"https:\/\/www.marhbabikoum.com\/es\/bienestar\/\" \/>\n<meta property=\"og:locale\" content=\"es_ES\" \/>\n<meta property=\"og:type\" content=\"article\" \/>\n<meta property=\"og:title\" content=\"Relajaci\u00f3n y bienestar en Marrakech\" \/>\n<meta property=\"og:description\" content=\"Descubra Marrakech con nuestra oferta de bienestar Riad en el coraz\u00f3n de la Medina, cerca de Jamaa el Fenna, hammam, masajes, comida tradicional. \u00a1Reservar ahora!\" \/>\n<meta property=\"og:url\" content=\"https:\/\/www.marhbabikoum.com\/es\/bienestar\/\" \/>\n<meta property=\"og:site_name\" content=\"Riad Marhbabikoum\" \/>\n<meta property=\"article:modified_time\" content=\"2026-05-07T14:33:35+00:00\" \/>\n<meta property=\"og:image\" content=\"https:\/\/marhbabikoum.inmorocco.com\/wp-content\/uploads\/2023\/12\/solarium-chapeau-B98I2172-550x660.jpg\" \/>\n<meta name=\"twitter:card\" content=\"summary_large_image\" \/>\n<meta name=\"twitter:label1\" content=\"Tiempo de lectura\" \/>\n\t<meta name=\"twitter:data1\" content=\"2 minutos\" \/>\n<script type=\"application\/ld+json\" class=\"yoast-schema-graph\">{\"@context\":\"https:\/\/schema.org\",\"@graph\":[{\"@type\":\"WebPage\",\"@id\":\"https:\/\/www.marhbabikoum.com\/es\/bienestar\/\",\"url\":\"https:\/\/www.marhbabikoum.com\/es\/bienestar\/\",\"name\":\"Relajaci\u00f3n y bienestar en Marrakech\",\"isPartOf\":{\"@id\":\"https:\/\/www.marhbabikoum.com\/#website\"},\"datePublished\":\"2024-01-08T13:50:37+00:00\",\"dateModified\":\"2026-05-07T14:33:35+00:00\",\"description\":\"Descubra Marrakech con nuestra oferta de bienestar Riad en el coraz\u00f3n de la Medina, cerca de Jamaa el Fenna, hammam, masajes, comida tradicional. \u00a1Reservar ahora!\",\"breadcrumb\":{\"@id\":\"https:\/\/www.marhbabikoum.com\/es\/bienestar\/#breadcrumb\"},\"inLanguage\":\"es\",\"potentialAction\":[{\"@type\":\"ReadAction\",\"target\":[\"https:\/\/www.marhbabikoum.com\/es\/bienestar\/\"]}]},{\"@type\":\"BreadcrumbList\",\"@id\":\"https:\/\/www.marhbabikoum.com\/es\/bienestar\/#breadcrumb\",\"itemListElement\":[{\"@type\":\"ListItem\",\"position\":1,\"name\":\"Accueil\",\"item\":\"https:\/\/www.marhbabikoum.com\/es\/\"},{\"@type\":\"ListItem\",\"position\":2,\"name\":\"Bienestar\"}]},{\"@type\":\"WebSite\",\"@id\":\"https:\/\/www.marhbabikoum.com\/#website\",\"url\":\"https:\/\/www.marhbabikoum.com\/\",\"name\":\"Riad Marhbabikoum\",\"description\":\"Maison d&#039;h\u00f4tes \u00e0 Marrakech\",\"publisher\":{\"@id\":\"https:\/\/www.marhbabikoum.com\/#organization\"},\"alternateName\":\"Riad Marhbabikoum\",\"potentialAction\":[{\"@type\":\"SearchAction\",\"target\":{\"@type\":\"EntryPoint\",\"urlTemplate\":\"https:\/\/www.marhbabikoum.com\/?s={search_term_string}\"},\"query-input\":\"required name=search_term_string\"}],\"inLanguage\":\"es\"},{\"@type\":\"Organization\",\"@id\":\"https:\/\/www.marhbabikoum.com\/#organization\",\"name\":\"Riad Marhbabikoum\",\"alternateName\":\"Riad Marhbabikoum\",\"url\":\"https:\/\/www.marhbabikoum.com\/\",\"logo\":{\"@type\":\"ImageObject\",\"inLanguage\":\"es\",\"@id\":\"https:\/\/www.marhbabikoum.com\/#\/schema\/logo\/image\/\",\"url\":\"https:\/\/www.marhbabikoum.com\/wp-content\/uploads\/2023\/01\/Riad_Marhbabikoum-logo.png\",\"contentUrl\":\"https:\/\/www.marhbabikoum.com\/wp-content\/uploads\/2023\/01\/Riad_Marhbabikoum-logo.png\",\"width\":1000,\"height\":1000,\"caption\":\"Riad Marhbabikoum\"},\"image\":{\"@id\":\"https:\/\/www.marhbabikoum.com\/#\/schema\/logo\/image\/\"}}]}<\/script>\n<!-- \/ Yoast SEO plugin. -->","yoast_head_json":{"title":"Relajaci\u00f3n y bienestar en Marrakech","description":"Descubra Marrakech con nuestra oferta de bienestar Riad en el coraz\u00f3n de la Medina, cerca de Jamaa el Fenna, hammam, masajes, comida tradicional. \u00a1Reservar ahora!","robots":{"index":"index","follow":"follow","max-snippet":"max-snippet:-1","max-image-preview":"max-image-preview:large","max-video-preview":"max-video-preview:-1"},"canonical":"https:\/\/www.marhbabikoum.com\/es\/bienestar\/","og_locale":"es_ES","og_type":"article","og_title":"Relajaci\u00f3n y bienestar en Marrakech","og_description":"Descubra Marrakech con nuestra oferta de bienestar Riad en el coraz\u00f3n de la Medina, cerca de Jamaa el Fenna, hammam, masajes, comida tradicional. \u00a1Reservar ahora!","og_url":"https:\/\/www.marhbabikoum.com\/es\/bienestar\/","og_site_name":"Riad Marhbabikoum","article_modified_time":"2026-05-07T14:33:35+00:00","og_image":[{"url":"https:\/\/marhbabikoum.inmorocco.com\/wp-content\/uploads\/2023\/12\/solarium-chapeau-B98I2172-550x660.jpg"}],"twitter_card":"summary_large_image","twitter_misc":{"Tiempo de lectura":"2 minutos"},"schema":{"@context":"https:\/\/schema.org","@graph":[{"@type":"WebPage","@id":"https:\/\/www.marhbabikoum.com\/es\/bienestar\/","url":"https:\/\/www.marhbabikoum.com\/es\/bienestar\/","name":"Relajaci\u00f3n y bienestar en Marrakech","isPartOf":{"@id":"https:\/\/www.marhbabikoum.com\/#website"},"datePublished":"2024-01-08T13:50:37+00:00","dateModified":"2026-05-07T14:33:35+00:00","description":"Descubra Marrakech con nuestra oferta de bienestar Riad en el coraz\u00f3n de la Medina, cerca de Jamaa el Fenna, hammam, masajes, comida tradicional. \u00a1Reservar ahora!","breadcrumb":{"@id":"https:\/\/www.marhbabikoum.com\/es\/bienestar\/#breadcrumb"},"inLanguage":"es","potentialAction":[{"@type":"ReadAction","target":["https:\/\/www.marhbabikoum.com\/es\/bienestar\/"]}]},{"@type":"BreadcrumbList","@id":"https:\/\/www.marhbabikoum.com\/es\/bienestar\/#breadcrumb","itemListElement":[{"@type":"ListItem","position":1,"name":"Accueil","item":"https:\/\/www.marhbabikoum.com\/es\/"},{"@type":"ListItem","position":2,"name":"Bienestar"}]},{"@type":"WebSite","@id":"https:\/\/www.marhbabikoum.com\/#website","url":"https:\/\/www.marhbabikoum.com\/","name":"Riad Marhbabikoum","description":"Maison d&#039;h\u00f4tes \u00e0 Marrakech","publisher":{"@id":"https:\/\/www.marhbabikoum.com\/#organization"},"alternateName":"Riad Marhbabikoum","potentialAction":[{"@type":"SearchAction","target":{"@type":"EntryPoint","urlTemplate":"https:\/\/www.marhbabikoum.com\/?s={search_term_string}"},"query-input":"required name=search_term_string"}],"inLanguage":"es"},{"@type":"Organization","@id":"https:\/\/www.marhbabikoum.com\/#organization","name":"Riad Marhbabikoum","alternateName":"Riad Marhbabikoum","url":"https:\/\/www.marhbabikoum.com\/","logo":{"@type":"ImageObject","inLanguage":"es","@id":"https:\/\/www.marhbabikoum.com\/#\/schema\/logo\/image\/","url":"https:\/\/www.marhbabikoum.com\/wp-content\/uploads\/2023\/01\/Riad_Marhbabikoum-logo.png","contentUrl":"https:\/\/www.marhbabikoum.com\/wp-content\/uploads\/2023\/01\/Riad_Marhbabikoum-logo.png","width":1000,"height":1000,"caption":"Riad Marhbabikoum"},"image":{"@id":"https:\/\/www.marhbabikoum.com\/#\/schema\/logo\/image\/"}}]}},"_links":{"self":[{"href":"https:\/\/www.marhbabikoum.com\/es\/wp-json\/wp\/v2\/pages\/3749"}],"collection":[{"href":"https:\/\/www.marhbabikoum.com\/es\/wp-json\/wp\/v2\/pages"}],"about":[{"href":"https:\/\/www.marhbabikoum.com\/es\/wp-json\/wp\/v2\/types\/page"}],"author":[{"embeddable":true,"href":"https:\/\/www.marhbabikoum.com\/es\/wp-json\/wp\/v2\/users\/1"}],"replies":[{"embeddable":true,"href":"https:\/\/www.marhbabikoum.com\/es\/wp-json\/wp\/v2\/comments?post=3749"}],"version-history":[{"count":7,"href":"https:\/\/www.marhbabikoum.com\/es\/wp-json\/wp\/v2\/pages\/3749\/revisions"}],"predecessor-version":[{"id":3943,"href":"https:\/\/www.marhbabikoum.com\/es\/wp-json\/wp\/v2\/pages\/3749\/revisions\/3943"}],"wp:attachment":[{"href":"https:\/\/www.marhbabikoum.com\/es\/wp-json\/wp\/v2\/media?parent=3749"}],"curies":[{"name":"wp","href":"https:\/\/api.w.org\/{rel}","templated":true}]}}