{"id":3754,"date":"2024-01-08T14:20:26","date_gmt":"2024-01-08T14:20:26","guid":{"rendered":"https:\/\/marhbabikoum.inmorocco.com\/circuitos-a-medida\/"},"modified":"2026-05-07T14:33:43","modified_gmt":"2026-05-07T14:33:43","slug":"tours-a-medida","status":"publish","type":"page","link":"https:\/\/www.marhbabikoum.com\/es\/tours-a-medida\/","title":{"rendered":"Tours a medida"},"content":{"rendered":"\t\t<div data-elementor-type=\"wp-page\" data-elementor-id=\"3754\" class=\"elementor elementor-3754 elementor-3668\">\n\t\t\t\t\t\t<div class=\"elementor-inner\">\n\t\t\t\t<div class=\"elementor-section-wrap\">\n\t\t\t\t\t\t\t\t\t<section class=\"elementor-section elementor-top-section elementor-element elementor-element-2fee724 elementor-section-boxed elementor-section-height-default elementor-section-height-default\" data-id=\"2fee724\" data-element_type=\"section\" data-settings=\"{&quot;background_background&quot;:&quot;classic&quot;}\">\n\t\t\t\t\t\t<div class=\"elementor-container elementor-column-gap-default\">\n\t\t\t\t\t\t\t<div class=\"elementor-row\">\n\t\t\t\t\t<div class=\"elementor-column elementor-col-100 elementor-top-column elementor-element elementor-element-c7f3372\" data-id=\"c7f3372\" data-element_type=\"column\">\n\t\t\t<div class=\"elementor-column-wrap elementor-element-populated\">\n\t\t\t\t\t\t\t<div class=\"elementor-widget-wrap\">\n\t\t\t\t\t\t<div class=\"elementor-element elementor-element-0b1d17c elementor-widget elementor-widget-gva-heading-block\" data-id=\"0b1d17c\" data-element_type=\"widget\" data-widget_type=\"gva-heading-block.default\">\n\t\t\t\t<div class=\"elementor-widget-container\">\n\t\t\t<div class=\"gva-element-gva-heading-block gva-element\">   <div class=\"align-center style-1 widget gsc-heading box-align-center auto-responsive\">\r\n      <div class=\"content-inner\">\r\n         \r\n                  \r\n           \r\n         \r\n                     <h2 class=\"title\">\r\n               <span>Tours a medida<\/span>\r\n            <\/h2>\r\n                  \r\n         \r\n         \r\n      <\/div>\r\n   <\/div>\r\n<\/div>\t\t<\/div>\n\t\t\t\t<\/div>\n\t\t\t\t\t\t<\/div>\n\t\t\t\t\t<\/div>\n\t\t<\/div>\n\t\t\t\t\t\t\t\t<\/div>\n\t\t\t\t\t<\/div>\n\t\t<\/section>\n\t\t\t\t<section class=\"elementor-section elementor-top-section elementor-element elementor-element-e19ee82 elementor-section-boxed elementor-section-height-default elementor-section-height-default\" data-id=\"e19ee82\" data-element_type=\"section\">\n\t\t\t\t\t\t<div class=\"elementor-container elementor-column-gap-default\">\n\t\t\t\t\t\t\t<div class=\"elementor-row\">\n\t\t\t\t\t<div class=\"elementor-column elementor-col-100 elementor-top-column elementor-element elementor-element-30d8f52\" data-id=\"30d8f52\" data-element_type=\"column\">\n\t\t\t<div class=\"elementor-column-wrap elementor-element-populated\">\n\t\t\t\t\t\t\t<div class=\"elementor-widget-wrap\">\n\t\t\t\t\t\t<div class=\"elementor-element elementor-element-dde9441 elementor-widget elementor-widget-text-editor\" data-id=\"dde9441\" data-element_type=\"widget\" data-widget_type=\"text-editor.default\">\n\t\t\t\t<div class=\"elementor-widget-container\">\n\t\t\t\t\t\t\t\t<div class=\"elementor-text-editor elementor-clearfix\">\n\t\t\t\t<p><span style=\"text-decoration: underline; color: #0000ff;\"><em><strong><a style=\"color: #0000ff; text-decoration: underline;\" href=\"http:\/\/www.morocco-private-guide.com\/\">http:\/\/www.morocco-private-guide.com\/<\/a><\/strong><\/em><\/span><\/p><p>Lejos de las f\u00f3rmulas cl\u00e1sicas organizadas, nuestra concepci\u00f3n del viaje se materializa a trav\u00e9s de nuestra convicci\u00f3n de que el visitante de Marruecos, y en particular el del sur marroqu\u00ed, merece vivir lo diferente y lo ins\u00f3lito.<\/p><p>Al acercarse a la poblaci\u00f3n local, para compartir sus comidas, degustar su t\u00e9, entender su vida cotidiana, percibir\u00e1 el calor de la acogida y la hospitalidad emblem\u00e1ticas del sur marroqu\u00ed.<\/p><p>Sea cual sea su estancia o su circuito, ponemos a su disposici\u00f3n una red de socios profesionales en todos los \u00e1mbitos (todos nuestros socios son seleccionados con el objetivo de respetar el medio ambiente y el desarrollo sostenible en Marruecos).<\/p><p>\u00a0<\/p>\t\t\t\t\t<\/div>\n\t\t\t\t\t\t<\/div>\n\t\t\t\t<\/div>\n\t\t\t\t<div class=\"elementor-element elementor-element-4c54081 elementor-widget elementor-widget-gva-gallery\" data-id=\"4c54081\" data-element_type=\"widget\" data-widget_type=\"gva-gallery.default\">\n\t\t\t\t<div class=\"elementor-widget-container\">\n\t\t\t<div class=\"gva-element-gva-gallery gva-element\">  \r\n<div class=\"gva-gallery-grid clearfix \">\r\n\t<div class=\"gva-content-items\"> \r\n\t  \t<div class=\"lg-block-grid-3 md-block-grid-3 sm-block-grid-2 xs-block-grid-1 xx-block-grid-1\">\r\n\t\t \t<div class=\"item\"><div class=\"gallery-one__single\"><div class=\"gallery-one__image\"><img decoding=\"async\" src=\"https:\/\/www.marhbabikoum.com\/wp-content\/uploads\/2022\/12\/essaouira-port-in-morocco-shot-after-sunset-at-blue-hour-ruslan-kalnitsky-350x200.jpg\" alt=\"\" \/><\/div><a class=\"gallery-one__photo photo-gallery\" href=\"https:\/\/www.marhbabikoum.com\/wp-content\/uploads\/2022\/12\/essaouira-port-in-morocco-shot-after-sunset-at-blue-hour-ruslan-kalnitsky.jpg\" data-elementor-lightbox-slideshow=\"gallery-4k07\"><\/a><div class=\"gallery-one__content\"><div class=\"gallery-one__content-inner\"><span class=\"gallery-one__icon\"><i class=\"fas fa-plus\"><\/i><\/span><\/div><\/div><\/div><\/div><div class=\"item\"><div class=\"gallery-one__single\"><div class=\"gallery-one__image\"><img decoding=\"async\" src=\"https:\/\/www.marhbabikoum.com\/wp-content\/uploads\/2022\/12\/ef-350x200.jpg\" alt=\"\" \/><\/div><a class=\"gallery-one__photo photo-gallery\" href=\"https:\/\/www.marhbabikoum.com\/wp-content\/uploads\/2022\/12\/ef.jpg\" data-elementor-lightbox-slideshow=\"gallery-4k07\"><\/a><div class=\"gallery-one__content\"><div class=\"gallery-one__content-inner\"><span class=\"gallery-one__icon\"><i class=\"fas fa-plus\"><\/i><\/span><\/div><\/div><\/div><\/div><div class=\"item\"><div class=\"gallery-one__single\"><div class=\"gallery-one__image\"><img decoding=\"async\" src=\"https:\/\/www.marhbabikoum.com\/wp-content\/uploads\/2022\/12\/Cascades_dOuzoud_012-350x200.jpg\" alt=\"\" \/><\/div><a class=\"gallery-one__photo photo-gallery\" href=\"https:\/\/www.marhbabikoum.com\/wp-content\/uploads\/2022\/12\/Cascades_dOuzoud_012.jpg\" data-elementor-lightbox-slideshow=\"gallery-4k07\"><\/a><div class=\"gallery-one__content\"><div class=\"gallery-one__content-inner\"><span class=\"gallery-one__icon\"><i class=\"fas fa-plus\"><\/i><\/span><\/div><\/div><\/div><\/div>\t  \t<\/div>\r\n\t<\/div>\r\n<\/div>\r\n<\/div>\t\t<\/div>\n\t\t\t\t<\/div>\n\t\t\t\t\t\t<\/div>\n\t\t\t\t\t<\/div>\n\t\t<\/div>\n\t\t\t\t\t\t\t\t<\/div>\n\t\t\t\t\t<\/div>\n\t\t<\/section>\n\t\t\t\t\t\t\t\t\t<\/div>\n\t\t\t<\/div>\n\t\t\t\t\t<\/div>\n\t\t","protected":false},"excerpt":{"rendered":"<p>Tours a medida http:\/\/www.morocco-private-guide.com\/ Lejos de las f\u00f3rmulas cl\u00e1sicas organizadas, nuestra concepci\u00f3n del viaje se materializa a trav\u00e9s de nuestra convicci\u00f3n de que el visitante de Marruecos, y en particular el del sur marroqu\u00ed, merece vivir lo diferente y lo ins\u00f3lito. Al acercarse a la poblaci\u00f3n local, para compartir sus comidas, degustar su t\u00e9, entender [&hellip;]<\/p>\n","protected":false},"author":1,"featured_media":0,"parent":0,"menu_order":0,"comment_status":"closed","ping_status":"closed","template":"","meta":{"footnotes":""},"yoast_head":"<!-- This site is optimized with the Yoast SEO plugin v21.9.1 - https:\/\/yoast.com\/wordpress\/plugins\/seo\/ -->\n<title>Tours personalizados en el sur de Marruecos: Riad Marhbabikoum<\/title>\n<meta name=\"description\" content=\"Descubra el aut\u00e9ntico Marruecos con nuestros tours a medida. \u00a1Reserve en Riad Marhbabikoum para vivir una experiencia \u00fanica!\" \/>\n<meta name=\"robots\" content=\"index, follow, max-snippet:-1, max-image-preview:large, max-video-preview:-1\" \/>\n<link rel=\"canonical\" href=\"https:\/\/www.marhbabikoum.com\/es\/tours-a-medida\/\" \/>\n<meta property=\"og:locale\" content=\"es_ES\" \/>\n<meta property=\"og:type\" content=\"article\" \/>\n<meta property=\"og:title\" content=\"Tours personalizados en el sur de Marruecos: Riad Marhbabikoum\" \/>\n<meta property=\"og:description\" content=\"Descubra el aut\u00e9ntico Marruecos con nuestros tours a medida. \u00a1Reserve en Riad Marhbabikoum para vivir una experiencia \u00fanica!\" \/>\n<meta property=\"og:url\" content=\"https:\/\/www.marhbabikoum.com\/es\/tours-a-medida\/\" \/>\n<meta property=\"og:site_name\" content=\"Riad Marhbabikoum\" \/>\n<meta property=\"article:modified_time\" content=\"2026-05-07T14:33:43+00:00\" \/>\n<meta property=\"og:image\" content=\"https:\/\/www.marhbabikoum.com\/wp-content\/uploads\/2022\/12\/essaouira-port-in-morocco-shot-after-sunset-at-blue-hour-ruslan-kalnitsky-350x200.jpg\" \/>\n<meta name=\"twitter:card\" content=\"summary_large_image\" \/>\n<meta name=\"twitter:label1\" content=\"Tiempo de lectura\" \/>\n\t<meta name=\"twitter:data1\" content=\"2 minutos\" \/>\n<script type=\"application\/ld+json\" class=\"yoast-schema-graph\">{\"@context\":\"https:\/\/schema.org\",\"@graph\":[{\"@type\":\"WebPage\",\"@id\":\"https:\/\/www.marhbabikoum.com\/es\/tours-a-medida\/\",\"url\":\"https:\/\/www.marhbabikoum.com\/es\/tours-a-medida\/\",\"name\":\"Tours personalizados en el sur de Marruecos: Riad Marhbabikoum\",\"isPartOf\":{\"@id\":\"https:\/\/www.marhbabikoum.com\/#website\"},\"datePublished\":\"2024-01-08T14:20:26+00:00\",\"dateModified\":\"2026-05-07T14:33:43+00:00\",\"description\":\"Descubra el aut\u00e9ntico Marruecos con nuestros tours a medida. \u00a1Reserve en Riad Marhbabikoum para vivir una experiencia \u00fanica!\",\"breadcrumb\":{\"@id\":\"https:\/\/www.marhbabikoum.com\/es\/tours-a-medida\/#breadcrumb\"},\"inLanguage\":\"es\",\"potentialAction\":[{\"@type\":\"ReadAction\",\"target\":[\"https:\/\/www.marhbabikoum.com\/es\/tours-a-medida\/\"]}]},{\"@type\":\"BreadcrumbList\",\"@id\":\"https:\/\/www.marhbabikoum.com\/es\/tours-a-medida\/#breadcrumb\",\"itemListElement\":[{\"@type\":\"ListItem\",\"position\":1,\"name\":\"Accueil\",\"item\":\"https:\/\/www.marhbabikoum.com\/es\/\"},{\"@type\":\"ListItem\",\"position\":2,\"name\":\"Tours a medida\"}]},{\"@type\":\"WebSite\",\"@id\":\"https:\/\/www.marhbabikoum.com\/#website\",\"url\":\"https:\/\/www.marhbabikoum.com\/\",\"name\":\"Riad Marhbabikoum\",\"description\":\"Maison d&#039;h\u00f4tes \u00e0 Marrakech\",\"publisher\":{\"@id\":\"https:\/\/www.marhbabikoum.com\/#organization\"},\"alternateName\":\"Riad Marhbabikoum\",\"potentialAction\":[{\"@type\":\"SearchAction\",\"target\":{\"@type\":\"EntryPoint\",\"urlTemplate\":\"https:\/\/www.marhbabikoum.com\/?s={search_term_string}\"},\"query-input\":\"required name=search_term_string\"}],\"inLanguage\":\"es\"},{\"@type\":\"Organization\",\"@id\":\"https:\/\/www.marhbabikoum.com\/#organization\",\"name\":\"Riad Marhbabikoum\",\"alternateName\":\"Riad Marhbabikoum\",\"url\":\"https:\/\/www.marhbabikoum.com\/\",\"logo\":{\"@type\":\"ImageObject\",\"inLanguage\":\"es\",\"@id\":\"https:\/\/www.marhbabikoum.com\/#\/schema\/logo\/image\/\",\"url\":\"https:\/\/www.marhbabikoum.com\/wp-content\/uploads\/2023\/01\/Riad_Marhbabikoum-logo.png\",\"contentUrl\":\"https:\/\/www.marhbabikoum.com\/wp-content\/uploads\/2023\/01\/Riad_Marhbabikoum-logo.png\",\"width\":1000,\"height\":1000,\"caption\":\"Riad Marhbabikoum\"},\"image\":{\"@id\":\"https:\/\/www.marhbabikoum.com\/#\/schema\/logo\/image\/\"}}]}<\/script>\n<!-- \/ Yoast SEO plugin. -->","yoast_head_json":{"title":"Tours personalizados en el sur de Marruecos: Riad Marhbabikoum","description":"Descubra el aut\u00e9ntico Marruecos con nuestros tours a medida. \u00a1Reserve en Riad Marhbabikoum para vivir una experiencia \u00fanica!","robots":{"index":"index","follow":"follow","max-snippet":"max-snippet:-1","max-image-preview":"max-image-preview:large","max-video-preview":"max-video-preview:-1"},"canonical":"https:\/\/www.marhbabikoum.com\/es\/tours-a-medida\/","og_locale":"es_ES","og_type":"article","og_title":"Tours personalizados en el sur de Marruecos: Riad Marhbabikoum","og_description":"Descubra el aut\u00e9ntico Marruecos con nuestros tours a medida. \u00a1Reserve en Riad Marhbabikoum para vivir una experiencia \u00fanica!","og_url":"https:\/\/www.marhbabikoum.com\/es\/tours-a-medida\/","og_site_name":"Riad Marhbabikoum","article_modified_time":"2026-05-07T14:33:43+00:00","og_image":[{"url":"https:\/\/www.marhbabikoum.com\/wp-content\/uploads\/2022\/12\/essaouira-port-in-morocco-shot-after-sunset-at-blue-hour-ruslan-kalnitsky-350x200.jpg"}],"twitter_card":"summary_large_image","twitter_misc":{"Tiempo de lectura":"2 minutos"},"schema":{"@context":"https:\/\/schema.org","@graph":[{"@type":"WebPage","@id":"https:\/\/www.marhbabikoum.com\/es\/tours-a-medida\/","url":"https:\/\/www.marhbabikoum.com\/es\/tours-a-medida\/","name":"Tours personalizados en el sur de Marruecos: Riad Marhbabikoum","isPartOf":{"@id":"https:\/\/www.marhbabikoum.com\/#website"},"datePublished":"2024-01-08T14:20:26+00:00","dateModified":"2026-05-07T14:33:43+00:00","description":"Descubra el aut\u00e9ntico Marruecos con nuestros tours a medida. \u00a1Reserve en Riad Marhbabikoum para vivir una experiencia \u00fanica!","breadcrumb":{"@id":"https:\/\/www.marhbabikoum.com\/es\/tours-a-medida\/#breadcrumb"},"inLanguage":"es","potentialAction":[{"@type":"ReadAction","target":["https:\/\/www.marhbabikoum.com\/es\/tours-a-medida\/"]}]},{"@type":"BreadcrumbList","@id":"https:\/\/www.marhbabikoum.com\/es\/tours-a-medida\/#breadcrumb","itemListElement":[{"@type":"ListItem","position":1,"name":"Accueil","item":"https:\/\/www.marhbabikoum.com\/es\/"},{"@type":"ListItem","position":2,"name":"Tours a medida"}]},{"@type":"WebSite","@id":"https:\/\/www.marhbabikoum.com\/#website","url":"https:\/\/www.marhbabikoum.com\/","name":"Riad Marhbabikoum","description":"Maison d&#039;h\u00f4tes \u00e0 Marrakech","publisher":{"@id":"https:\/\/www.marhbabikoum.com\/#organization"},"alternateName":"Riad Marhbabikoum","potentialAction":[{"@type":"SearchAction","target":{"@type":"EntryPoint","urlTemplate":"https:\/\/www.marhbabikoum.com\/?s={search_term_string}"},"query-input":"required name=search_term_string"}],"inLanguage":"es"},{"@type":"Organization","@id":"https:\/\/www.marhbabikoum.com\/#organization","name":"Riad Marhbabikoum","alternateName":"Riad Marhbabikoum","url":"https:\/\/www.marhbabikoum.com\/","logo":{"@type":"ImageObject","inLanguage":"es","@id":"https:\/\/www.marhbabikoum.com\/#\/schema\/logo\/image\/","url":"https:\/\/www.marhbabikoum.com\/wp-content\/uploads\/2023\/01\/Riad_Marhbabikoum-logo.png","contentUrl":"https:\/\/www.marhbabikoum.com\/wp-content\/uploads\/2023\/01\/Riad_Marhbabikoum-logo.png","width":1000,"height":1000,"caption":"Riad Marhbabikoum"},"image":{"@id":"https:\/\/www.marhbabikoum.com\/#\/schema\/logo\/image\/"}}]}},"_links":{"self":[{"href":"https:\/\/www.marhbabikoum.com\/es\/wp-json\/wp\/v2\/pages\/3754"}],"collection":[{"href":"https:\/\/www.marhbabikoum.com\/es\/wp-json\/wp\/v2\/pages"}],"about":[{"href":"https:\/\/www.marhbabikoum.com\/es\/wp-json\/wp\/v2\/types\/page"}],"author":[{"embeddable":true,"href":"https:\/\/www.marhbabikoum.com\/es\/wp-json\/wp\/v2\/users\/1"}],"replies":[{"embeddable":true,"href":"https:\/\/www.marhbabikoum.com\/es\/wp-json\/wp\/v2\/comments?post=3754"}],"version-history":[{"count":10,"href":"https:\/\/www.marhbabikoum.com\/es\/wp-json\/wp\/v2\/pages\/3754\/revisions"}],"predecessor-version":[{"id":5249,"href":"https:\/\/www.marhbabikoum.com\/es\/wp-json\/wp\/v2\/pages\/3754\/revisions\/5249"}],"wp:attachment":[{"href":"https:\/\/www.marhbabikoum.com\/es\/wp-json\/wp\/v2\/media?parent=3754"}],"curies":[{"name":"wp","href":"https:\/\/api.w.org\/{rel}","templated":true}]}}