{"id":3762,"date":"2024-01-08T13:57:58","date_gmt":"2024-01-08T13:57:58","guid":{"rendered":"https:\/\/marhbabikoum.inmorocco.com\/restauracion\/"},"modified":"2026-05-07T14:33:29","modified_gmt":"2026-05-07T14:33:29","slug":"restauracion","status":"publish","type":"page","link":"https:\/\/www.marhbabikoum.com\/es\/restauracion\/","title":{"rendered":"Restauraci\u00f3n"},"content":{"rendered":"\t\t<div data-elementor-type=\"wp-page\" data-elementor-id=\"3762\" class=\"elementor elementor-3762 elementor-3648\">\n\t\t\t\t\t\t<div class=\"elementor-inner\">\n\t\t\t\t<div class=\"elementor-section-wrap\">\n\t\t\t\t\t\t\t\t\t<section class=\"elementor-section elementor-top-section elementor-element elementor-element-2fee724 elementor-section-boxed elementor-section-height-default elementor-section-height-default\" data-id=\"2fee724\" data-element_type=\"section\" data-settings=\"{&quot;background_background&quot;:&quot;classic&quot;}\">\n\t\t\t\t\t\t<div class=\"elementor-container elementor-column-gap-default\">\n\t\t\t\t\t\t\t<div class=\"elementor-row\">\n\t\t\t\t\t<div class=\"elementor-column elementor-col-100 elementor-top-column elementor-element elementor-element-c7f3372\" data-id=\"c7f3372\" data-element_type=\"column\">\n\t\t\t<div class=\"elementor-column-wrap elementor-element-populated\">\n\t\t\t\t\t\t\t<div class=\"elementor-widget-wrap\">\n\t\t\t\t\t\t<div class=\"elementor-element elementor-element-0b1d17c elementor-widget elementor-widget-gva-heading-block\" data-id=\"0b1d17c\" data-element_type=\"widget\" data-widget_type=\"gva-heading-block.default\">\n\t\t\t\t<div class=\"elementor-widget-container\">\n\t\t\t<div class=\"gva-element-gva-heading-block gva-element\">   <div class=\"align-center style-1 widget gsc-heading box-align-center auto-responsive\">\r\n      <div class=\"content-inner\">\r\n         \r\n                  \r\n           \r\n         \r\n                     <h2 class=\"title\">\r\n               <span>Restauraci\u00f3n<\/span>\r\n            <\/h2>\r\n                  \r\n         \r\n         \r\n      <\/div>\r\n   <\/div>\r\n<\/div>\t\t<\/div>\n\t\t\t\t<\/div>\n\t\t\t\t\t\t<\/div>\n\t\t\t\t\t<\/div>\n\t\t<\/div>\n\t\t\t\t\t\t\t\t<\/div>\n\t\t\t\t\t<\/div>\n\t\t<\/section>\n\t\t\t\t<section class=\"elementor-section elementor-top-section elementor-element elementor-element-e19ee82 elementor-section-boxed elementor-section-height-default elementor-section-height-default\" data-id=\"e19ee82\" data-element_type=\"section\">\n\t\t\t\t\t\t<div class=\"elementor-container elementor-column-gap-default\">\n\t\t\t\t\t\t\t<div class=\"elementor-row\">\n\t\t\t\t\t<div class=\"elementor-column elementor-col-100 elementor-top-column elementor-element elementor-element-30d8f52\" data-id=\"30d8f52\" data-element_type=\"column\">\n\t\t\t<div class=\"elementor-column-wrap elementor-element-populated\">\n\t\t\t\t\t\t\t<div class=\"elementor-widget-wrap\">\n\t\t\t\t\t\t<div class=\"elementor-element elementor-element-6238665 elementor-widget elementor-widget-heading\" data-id=\"6238665\" data-element_type=\"widget\" data-widget_type=\"heading.default\">\n\t\t\t\t<div class=\"elementor-widget-container\">\n\t\t\t<h2 class=\"elementor-heading-title elementor-size-default\">Para tus papilas gustativas<\/h2>\t\t<\/div>\n\t\t\t\t<\/div>\n\t\t\t\t<div class=\"elementor-element elementor-element-9ef1e6e elementor-widget elementor-widget-text-editor\" data-id=\"9ef1e6e\" data-element_type=\"widget\" data-widget_type=\"text-editor.default\">\n\t\t\t\t<div class=\"elementor-widget-container\">\n\t\t\t\t\t\t\t\t<div class=\"elementor-text-editor elementor-clearfix\">\n\t\t\t\t<p>Nuestros clientes son nuestros mejores embajadores; todos dicen que es absolutamente necesario probar la cocina del ryad. \u00a1As\u00ed que los esperamos, d\u00e9jense aconsejar seg\u00fan los productos del mercado! \u00a1Fatiha es golosa y una muy buena cocinera!<\/p>\n<p>La comida tradicional marroqu\u00ed cuesta 20 euros por persona, sin incluir las bebidas. \u00a1Atenci\u00f3n, hay que hacer el pedido por la ma\u00f1ana antes de las 10h!<\/p>\n<p>Un &#8216;tentempi\u00e9&#8217; a media tarde, un t\u00e9 de menta en cualquier momento, una comida tradicional familiar marroqu\u00ed, una comida gastron\u00f3mica marroqu\u00ed con pastilla tradicional; \u00a1Fatiha estar\u00e1 encantada de prepararles una de sus especialidades!<\/p>\n\t\t\t\t\t<\/div>\n\t\t\t\t\t\t<\/div>\n\t\t\t\t<\/div>\n\t\t\t\t<div class=\"elementor-element elementor-element-4c54081 elementor-widget elementor-widget-gva-gallery\" data-id=\"4c54081\" data-element_type=\"widget\" data-widget_type=\"gva-gallery.default\">\n\t\t\t\t<div class=\"elementor-widget-container\">\n\t\t\t<div class=\"gva-element-gva-gallery gva-element\">  \r\n<div class=\"gva-gallery-grid clearfix \">\r\n\t<div class=\"gva-content-items\"> \r\n\t  \t<div class=\"lg-block-grid-3 md-block-grid-3 sm-block-grid-2 xs-block-grid-1 xx-block-grid-1\">\r\n\t\t \t<div class=\"item\"><div class=\"gallery-one__single\"><div class=\"gallery-one__image\"><img decoding=\"async\" src=\"https:\/\/www.marhbabikoum.com\/wp-content\/uploads\/2023\/12\/la-salade-marocaine-B98I2298-550x660.jpg\" alt=\"\" \/><\/div><a class=\"gallery-one__photo photo-gallery\" href=\"https:\/\/www.marhbabikoum.com\/wp-content\/uploads\/2023\/12\/la-salade-marocaine-B98I2298-scaled.jpg\" data-elementor-lightbox-slideshow=\"gallery-ho3p\"><\/a><div class=\"gallery-one__content\"><div class=\"gallery-one__content-inner\"><span class=\"gallery-one__icon\"><i class=\"fas fa-plus\"><\/i><\/span><\/div><\/div><\/div><\/div><div class=\"item\"><div class=\"gallery-one__single\"><div class=\"gallery-one__image\"><img decoding=\"async\" src=\"https:\/\/www.marhbabikoum.com\/wp-content\/uploads\/2023\/12\/diner-dessert-B98I2300-550x660.jpg\" alt=\"\" \/><\/div><a class=\"gallery-one__photo photo-gallery\" href=\"https:\/\/www.marhbabikoum.com\/wp-content\/uploads\/2023\/12\/diner-dessert-B98I2300-scaled.jpg\" data-elementor-lightbox-slideshow=\"gallery-ho3p\"><\/a><div class=\"gallery-one__content\"><div class=\"gallery-one__content-inner\"><span class=\"gallery-one__icon\"><i class=\"fas fa-plus\"><\/i><\/span><\/div><\/div><\/div><\/div><div class=\"item\"><div class=\"gallery-one__single\"><div class=\"gallery-one__image\"><img decoding=\"async\" src=\"https:\/\/www.marhbabikoum.com\/wp-content\/uploads\/2023\/12\/restauration-550x660.jpg\" alt=\"\" \/><\/div><a class=\"gallery-one__photo photo-gallery\" href=\"https:\/\/www.marhbabikoum.com\/wp-content\/uploads\/2023\/12\/restauration-scaled.jpg\" data-elementor-lightbox-slideshow=\"gallery-ho3p\"><\/a><div class=\"gallery-one__content\"><div class=\"gallery-one__content-inner\"><span class=\"gallery-one__icon\"><i class=\"fas fa-plus\"><\/i><\/span><\/div><\/div><\/div><\/div>\t  \t<\/div>\r\n\t<\/div>\r\n<\/div>\r\n<\/div>\t\t<\/div>\n\t\t\t\t<\/div>\n\t\t\t\t\t\t<\/div>\n\t\t\t\t\t<\/div>\n\t\t<\/div>\n\t\t\t\t\t\t\t\t<\/div>\n\t\t\t\t\t<\/div>\n\t\t<\/section>\n\t\t\t\t\t\t\t\t\t<\/div>\n\t\t\t<\/div>\n\t\t\t\t\t<\/div>\n\t\t","protected":false},"excerpt":{"rendered":"<p>Restauraci\u00f3n Para tus papilas gustativas Nuestros clientes son nuestros mejores embajadores; todos dicen que es absolutamente necesario probar la cocina del ryad. \u00a1As\u00ed que los esperamos, d\u00e9jense aconsejar seg\u00fan los productos del mercado! \u00a1Fatiha es golosa y una muy buena cocinera! La comida tradicional marroqu\u00ed cuesta 20 euros por persona, sin incluir las bebidas. \u00a1Atenci\u00f3n, [&hellip;]<\/p>\n","protected":false},"author":1,"featured_media":0,"parent":0,"menu_order":0,"comment_status":"closed","ping_status":"closed","template":"","meta":{"footnotes":""},"yoast_head":"<!-- This site is optimized with the Yoast SEO plugin v21.9.1 - https:\/\/yoast.com\/wordpress\/plugins\/seo\/ -->\n<title>Gastronom\u00eda en Ryad Marhbabikoum: Catering en Marrakech<\/title>\n<meta name=\"description\" content=\"Gastronom\u00eda en Ryad Marhbabikoum: Sabores aut\u00e9nticos en Marrakech. \u00a1Descubre nuestras delicias, la cocina gourmet que seduce a nuestros hu\u00e9spedes!\" \/>\n<meta name=\"robots\" content=\"index, follow, max-snippet:-1, max-image-preview:large, max-video-preview:-1\" \/>\n<link rel=\"canonical\" href=\"https:\/\/www.marhbabikoum.com\/es\/restauracion\/\" \/>\n<meta property=\"og:locale\" content=\"es_ES\" \/>\n<meta property=\"og:type\" content=\"article\" \/>\n<meta property=\"og:title\" content=\"Gastronom\u00eda en Ryad Marhbabikoum: Catering en Marrakech\" \/>\n<meta property=\"og:description\" content=\"Gastronom\u00eda en Ryad Marhbabikoum: Sabores aut\u00e9nticos en Marrakech. \u00a1Descubre nuestras delicias, la cocina gourmet que seduce a nuestros hu\u00e9spedes!\" \/>\n<meta property=\"og:url\" content=\"https:\/\/www.marhbabikoum.com\/es\/restauracion\/\" \/>\n<meta property=\"og:site_name\" content=\"Riad Marhbabikoum\" \/>\n<meta property=\"article:modified_time\" content=\"2026-05-07T14:33:29+00:00\" \/>\n<meta property=\"og:image\" content=\"https:\/\/marhbabikoum.inmorocco.com\/wp-content\/uploads\/2023\/12\/la-salade-marocaine-B98I2298-550x660.jpg\" \/>\n<meta name=\"twitter:card\" content=\"summary_large_image\" \/>\n<meta name=\"twitter:label1\" content=\"Tiempo de lectura\" \/>\n\t<meta name=\"twitter:data1\" content=\"2 minutos\" \/>\n<script type=\"application\/ld+json\" class=\"yoast-schema-graph\">{\"@context\":\"https:\/\/schema.org\",\"@graph\":[{\"@type\":\"WebPage\",\"@id\":\"https:\/\/www.marhbabikoum.com\/es\/restauracion\/\",\"url\":\"https:\/\/www.marhbabikoum.com\/es\/restauracion\/\",\"name\":\"Gastronom\u00eda en Ryad Marhbabikoum: Catering en Marrakech\",\"isPartOf\":{\"@id\":\"https:\/\/www.marhbabikoum.com\/#website\"},\"datePublished\":\"2024-01-08T13:57:58+00:00\",\"dateModified\":\"2026-05-07T14:33:29+00:00\",\"description\":\"Gastronom\u00eda en Ryad Marhbabikoum: Sabores aut\u00e9nticos en Marrakech. \u00a1Descubre nuestras delicias, la cocina gourmet que seduce a nuestros hu\u00e9spedes!\",\"breadcrumb\":{\"@id\":\"https:\/\/www.marhbabikoum.com\/es\/restauracion\/#breadcrumb\"},\"inLanguage\":\"es\",\"potentialAction\":[{\"@type\":\"ReadAction\",\"target\":[\"https:\/\/www.marhbabikoum.com\/es\/restauracion\/\"]}]},{\"@type\":\"BreadcrumbList\",\"@id\":\"https:\/\/www.marhbabikoum.com\/es\/restauracion\/#breadcrumb\",\"itemListElement\":[{\"@type\":\"ListItem\",\"position\":1,\"name\":\"Accueil\",\"item\":\"https:\/\/www.marhbabikoum.com\/es\/\"},{\"@type\":\"ListItem\",\"position\":2,\"name\":\"Restauraci\u00f3n\"}]},{\"@type\":\"WebSite\",\"@id\":\"https:\/\/www.marhbabikoum.com\/#website\",\"url\":\"https:\/\/www.marhbabikoum.com\/\",\"name\":\"Riad Marhbabikoum\",\"description\":\"Maison d&#039;h\u00f4tes \u00e0 Marrakech\",\"publisher\":{\"@id\":\"https:\/\/www.marhbabikoum.com\/#organization\"},\"alternateName\":\"Riad Marhbabikoum\",\"potentialAction\":[{\"@type\":\"SearchAction\",\"target\":{\"@type\":\"EntryPoint\",\"urlTemplate\":\"https:\/\/www.marhbabikoum.com\/?s={search_term_string}\"},\"query-input\":\"required name=search_term_string\"}],\"inLanguage\":\"es\"},{\"@type\":\"Organization\",\"@id\":\"https:\/\/www.marhbabikoum.com\/#organization\",\"name\":\"Riad Marhbabikoum\",\"alternateName\":\"Riad Marhbabikoum\",\"url\":\"https:\/\/www.marhbabikoum.com\/\",\"logo\":{\"@type\":\"ImageObject\",\"inLanguage\":\"es\",\"@id\":\"https:\/\/www.marhbabikoum.com\/#\/schema\/logo\/image\/\",\"url\":\"https:\/\/www.marhbabikoum.com\/wp-content\/uploads\/2023\/01\/Riad_Marhbabikoum-logo.png\",\"contentUrl\":\"https:\/\/www.marhbabikoum.com\/wp-content\/uploads\/2023\/01\/Riad_Marhbabikoum-logo.png\",\"width\":1000,\"height\":1000,\"caption\":\"Riad Marhbabikoum\"},\"image\":{\"@id\":\"https:\/\/www.marhbabikoum.com\/#\/schema\/logo\/image\/\"}}]}<\/script>\n<!-- \/ Yoast SEO plugin. -->","yoast_head_json":{"title":"Gastronom\u00eda en Ryad Marhbabikoum: Catering en Marrakech","description":"Gastronom\u00eda en Ryad Marhbabikoum: Sabores aut\u00e9nticos en Marrakech. \u00a1Descubre nuestras delicias, la cocina gourmet que seduce a nuestros hu\u00e9spedes!","robots":{"index":"index","follow":"follow","max-snippet":"max-snippet:-1","max-image-preview":"max-image-preview:large","max-video-preview":"max-video-preview:-1"},"canonical":"https:\/\/www.marhbabikoum.com\/es\/restauracion\/","og_locale":"es_ES","og_type":"article","og_title":"Gastronom\u00eda en Ryad Marhbabikoum: Catering en Marrakech","og_description":"Gastronom\u00eda en Ryad Marhbabikoum: Sabores aut\u00e9nticos en Marrakech. \u00a1Descubre nuestras delicias, la cocina gourmet que seduce a nuestros hu\u00e9spedes!","og_url":"https:\/\/www.marhbabikoum.com\/es\/restauracion\/","og_site_name":"Riad Marhbabikoum","article_modified_time":"2026-05-07T14:33:29+00:00","og_image":[{"url":"https:\/\/marhbabikoum.inmorocco.com\/wp-content\/uploads\/2023\/12\/la-salade-marocaine-B98I2298-550x660.jpg"}],"twitter_card":"summary_large_image","twitter_misc":{"Tiempo de lectura":"2 minutos"},"schema":{"@context":"https:\/\/schema.org","@graph":[{"@type":"WebPage","@id":"https:\/\/www.marhbabikoum.com\/es\/restauracion\/","url":"https:\/\/www.marhbabikoum.com\/es\/restauracion\/","name":"Gastronom\u00eda en Ryad Marhbabikoum: Catering en Marrakech","isPartOf":{"@id":"https:\/\/www.marhbabikoum.com\/#website"},"datePublished":"2024-01-08T13:57:58+00:00","dateModified":"2026-05-07T14:33:29+00:00","description":"Gastronom\u00eda en Ryad Marhbabikoum: Sabores aut\u00e9nticos en Marrakech. \u00a1Descubre nuestras delicias, la cocina gourmet que seduce a nuestros hu\u00e9spedes!","breadcrumb":{"@id":"https:\/\/www.marhbabikoum.com\/es\/restauracion\/#breadcrumb"},"inLanguage":"es","potentialAction":[{"@type":"ReadAction","target":["https:\/\/www.marhbabikoum.com\/es\/restauracion\/"]}]},{"@type":"BreadcrumbList","@id":"https:\/\/www.marhbabikoum.com\/es\/restauracion\/#breadcrumb","itemListElement":[{"@type":"ListItem","position":1,"name":"Accueil","item":"https:\/\/www.marhbabikoum.com\/es\/"},{"@type":"ListItem","position":2,"name":"Restauraci\u00f3n"}]},{"@type":"WebSite","@id":"https:\/\/www.marhbabikoum.com\/#website","url":"https:\/\/www.marhbabikoum.com\/","name":"Riad Marhbabikoum","description":"Maison d&#039;h\u00f4tes \u00e0 Marrakech","publisher":{"@id":"https:\/\/www.marhbabikoum.com\/#organization"},"alternateName":"Riad Marhbabikoum","potentialAction":[{"@type":"SearchAction","target":{"@type":"EntryPoint","urlTemplate":"https:\/\/www.marhbabikoum.com\/?s={search_term_string}"},"query-input":"required name=search_term_string"}],"inLanguage":"es"},{"@type":"Organization","@id":"https:\/\/www.marhbabikoum.com\/#organization","name":"Riad Marhbabikoum","alternateName":"Riad Marhbabikoum","url":"https:\/\/www.marhbabikoum.com\/","logo":{"@type":"ImageObject","inLanguage":"es","@id":"https:\/\/www.marhbabikoum.com\/#\/schema\/logo\/image\/","url":"https:\/\/www.marhbabikoum.com\/wp-content\/uploads\/2023\/01\/Riad_Marhbabikoum-logo.png","contentUrl":"https:\/\/www.marhbabikoum.com\/wp-content\/uploads\/2023\/01\/Riad_Marhbabikoum-logo.png","width":1000,"height":1000,"caption":"Riad Marhbabikoum"},"image":{"@id":"https:\/\/www.marhbabikoum.com\/#\/schema\/logo\/image\/"}}]}},"_links":{"self":[{"href":"https:\/\/www.marhbabikoum.com\/es\/wp-json\/wp\/v2\/pages\/3762"}],"collection":[{"href":"https:\/\/www.marhbabikoum.com\/es\/wp-json\/wp\/v2\/pages"}],"about":[{"href":"https:\/\/www.marhbabikoum.com\/es\/wp-json\/wp\/v2\/types\/page"}],"author":[{"embeddable":true,"href":"https:\/\/www.marhbabikoum.com\/es\/wp-json\/wp\/v2\/users\/1"}],"replies":[{"embeddable":true,"href":"https:\/\/www.marhbabikoum.com\/es\/wp-json\/wp\/v2\/comments?post=3762"}],"version-history":[{"count":6,"href":"https:\/\/www.marhbabikoum.com\/es\/wp-json\/wp\/v2\/pages\/3762\/revisions"}],"predecessor-version":[{"id":3768,"href":"https:\/\/www.marhbabikoum.com\/es\/wp-json\/wp\/v2\/pages\/3762\/revisions\/3768"}],"wp:attachment":[{"href":"https:\/\/www.marhbabikoum.com\/es\/wp-json\/wp\/v2\/media?parent=3762"}],"curies":[{"name":"wp","href":"https:\/\/api.w.org\/{rel}","templated":true}]}}