{"id":3769,"date":"2024-01-08T14:30:04","date_gmt":"2024-01-08T14:30:04","guid":{"rendered":"https:\/\/marhbabikoum.inmorocco.com\/visita-a-marrakech\/"},"modified":"2026-05-07T14:33:39","modified_gmt":"2026-05-07T14:33:39","slug":"visita-a-marrakech","status":"publish","type":"page","link":"https:\/\/www.marhbabikoum.com\/es\/visita-a-marrakech\/","title":{"rendered":"Visita a Marrakech"},"content":{"rendered":"\t\t<div data-elementor-type=\"wp-page\" data-elementor-id=\"3769\" class=\"elementor elementor-3769 elementor-3674\">\n\t\t\t\t\t\t<div class=\"elementor-inner\">\n\t\t\t\t<div class=\"elementor-section-wrap\">\n\t\t\t\t\t\t\t\t\t<section class=\"elementor-section elementor-top-section elementor-element elementor-element-2fee724 elementor-section-boxed elementor-section-height-default elementor-section-height-default\" data-id=\"2fee724\" data-element_type=\"section\" data-settings=\"{&quot;background_background&quot;:&quot;classic&quot;}\">\n\t\t\t\t\t\t<div class=\"elementor-container elementor-column-gap-default\">\n\t\t\t\t\t\t\t<div class=\"elementor-row\">\n\t\t\t\t\t<div class=\"elementor-column elementor-col-100 elementor-top-column elementor-element elementor-element-c7f3372\" data-id=\"c7f3372\" data-element_type=\"column\">\n\t\t\t<div class=\"elementor-column-wrap elementor-element-populated\">\n\t\t\t\t\t\t\t<div class=\"elementor-widget-wrap\">\n\t\t\t\t\t\t<div class=\"elementor-element elementor-element-0b1d17c elementor-widget elementor-widget-gva-heading-block\" data-id=\"0b1d17c\" data-element_type=\"widget\" data-widget_type=\"gva-heading-block.default\">\n\t\t\t\t<div class=\"elementor-widget-container\">\n\t\t\t<div class=\"gva-element-gva-heading-block gva-element\">   <div class=\"align-center style-1 widget gsc-heading box-align-center auto-responsive\">\r\n      <div class=\"content-inner\">\r\n         \r\n                  \r\n           \r\n         \r\n                     <h2 class=\"title\">\r\n               <span>Visita Marrakesh<\/span>\r\n            <\/h2>\r\n                  \r\n         \r\n         \r\n      <\/div>\r\n   <\/div>\r\n<\/div>\t\t<\/div>\n\t\t\t\t<\/div>\n\t\t\t\t\t\t<\/div>\n\t\t\t\t\t<\/div>\n\t\t<\/div>\n\t\t\t\t\t\t\t\t<\/div>\n\t\t\t\t\t<\/div>\n\t\t<\/section>\n\t\t\t\t<section class=\"elementor-section elementor-top-section elementor-element elementor-element-e19ee82 elementor-section-boxed elementor-section-height-default elementor-section-height-default\" data-id=\"e19ee82\" data-element_type=\"section\">\n\t\t\t\t\t\t<div class=\"elementor-container elementor-column-gap-default\">\n\t\t\t\t\t\t\t<div class=\"elementor-row\">\n\t\t\t\t\t<div class=\"elementor-column elementor-col-100 elementor-top-column elementor-element elementor-element-c3cefd6\" data-id=\"c3cefd6\" data-element_type=\"column\">\n\t\t\t<div class=\"elementor-column-wrap elementor-element-populated\">\n\t\t\t\t\t\t\t<div class=\"elementor-widget-wrap\">\n\t\t\t\t\t\t<div class=\"elementor-element elementor-element-b34b830 elementor-widget elementor-widget-text-editor\" data-id=\"b34b830\" data-element_type=\"widget\" data-widget_type=\"text-editor.default\">\n\t\t\t\t<div class=\"elementor-widget-container\">\n\t\t\t\t\t\t\t\t<div class=\"elementor-text-editor elementor-clearfix\">\n\t\t\t\t<h4>Visita a Marrakech \/ Clases de la\u00fad, clases de cocina<\/h4>\n<p>\u00bfQuieres tener una iniciaci\u00f3n al la\u00fad, este instrumento tradicional ar\u00e1bigo-andalus\u00ed?<\/p>\n<p>\u00bfQuieres aprender a preparar un plato marroqu\u00ed?<\/p>\n<p>Si quieres aprender algo tradicional marroqu\u00ed, \u00a1haznos una solicitud espec\u00edfica!<\/p>\n<p>\u00bfPor qu\u00e9 no descubrir de manera m\u00e1s profunda esta medina de Marrakech? \u00bfQuieres conocer barrios a los que no te atreves a ir solo(a), aprender cosas sobre la cultura, las costumbres y la arquitectura de Marrakech? Te gustar\u00eda saber m\u00e1s pero no sabes d\u00f3nde encontrar un buen gu\u00eda tur\u00edstico,<\/p>\n<p>Quieres hacer una visita privada de la ciudad, \u00a1he dise\u00f1ado un programa a medida para ti!<\/p>\n<p>En una ma\u00f1ana corta, de 9 a 11:30, una visita cultural, guiada por un gu\u00eda acompa\u00f1ante nacional que habla perfectamente franc\u00e9s.<\/p>\n<p>Eliges un barrio de la medina de Marrakech.<\/p>\n<p>El gu\u00eda ofrece explicaciones sobre la arquitectura, la cultura, los usos y costumbres, la historia y la geograf\u00eda, la religi\u00f3n y su pr\u00e1ctica, seg\u00fan los deseos del grupo y, por supuesto, las preguntas.<\/p>\n<p>Te ofrecemos:<\/p>\n<ul>\n<li>Descubrir m\u00e1s a fondo el barrio de los palacios y los <a href=\"http:\/\/riadamarrakech.com\/\">riads<\/a> de Zitoune.<\/li>\n<li>Aventurarse en el mellah (antiguo barrio jud\u00edo) y la casbah.<\/li>\n<li>La artesan\u00eda oficio por oficio, la organizaci\u00f3n de los zocos y los fondouks.<\/li>\n<li>El barrio de Mouassine y la zaou\u00efa de Sidi Bel Abbes.<\/li>\n<li>Los fondouks, los nuevos museos, la plaza de los esclavos y la plaza de las especias.<\/li>\n<li>Los jardines de la medina, Jemma el Fna y Derb Dabachi.<\/li>\n<li>Bab Doukkala, Bab Laksour, <a href=\"http:\/\/riadlessourcesberberes.com\/\">Riad<\/a> Laarous.<\/li>\n<li>Los curtidores, Bab el Khemis y la medersa.<\/li>\n<\/ul>\n\t\t\t\t\t<\/div>\n\t\t\t\t\t\t<\/div>\n\t\t\t\t<\/div>\n\t\t\t\t<div class=\"elementor-element elementor-element-4c54081 elementor-widget elementor-widget-gva-gallery\" data-id=\"4c54081\" data-element_type=\"widget\" data-widget_type=\"gva-gallery.default\">\n\t\t\t\t<div class=\"elementor-widget-container\">\n\t\t\t<div class=\"gva-element-gva-gallery gva-element\">  \r\n<div class=\"gva-gallery-grid clearfix \">\r\n\t<div class=\"gva-content-items\"> \r\n\t  \t<div class=\"lg-block-grid-3 md-block-grid-3 sm-block-grid-2 xs-block-grid-1 xx-block-grid-1\">\r\n\t\t \t<div class=\"item\"><div class=\"gallery-one__single\"><div class=\"gallery-one__image\"><img decoding=\"async\" src=\"https:\/\/www.marhbabikoum.com\/wp-content\/uploads\/2023\/12\/marrakech10-550x660.jpg\" alt=\"\" \/><\/div><a class=\"gallery-one__photo photo-gallery\" href=\"https:\/\/www.marhbabikoum.com\/wp-content\/uploads\/2023\/12\/marrakech10.jpg\" data-elementor-lightbox-slideshow=\"gallery-ceva\"><\/a><div class=\"gallery-one__content\"><div class=\"gallery-one__content-inner\"><span class=\"gallery-one__icon\"><i class=\"fas fa-plus\"><\/i><\/span><\/div><\/div><\/div><\/div><div class=\"item\"><div class=\"gallery-one__single\"><div class=\"gallery-one__image\"><img decoding=\"async\" src=\"https:\/\/www.marhbabikoum.com\/wp-content\/uploads\/2023\/12\/marrakech-550x660.jpeg\" alt=\"\" \/><\/div><a class=\"gallery-one__photo photo-gallery\" href=\"https:\/\/www.marhbabikoum.com\/wp-content\/uploads\/2023\/12\/marrakech.jpeg\" data-elementor-lightbox-slideshow=\"gallery-ceva\"><\/a><div class=\"gallery-one__content\"><div class=\"gallery-one__content-inner\"><span class=\"gallery-one__icon\"><i class=\"fas fa-plus\"><\/i><\/span><\/div><\/div><\/div><\/div><div class=\"item\"><div class=\"gallery-one__single\"><div class=\"gallery-one__image\"><img decoding=\"async\" src=\"https:\/\/www.marhbabikoum.com\/wp-content\/uploads\/2023\/12\/visiter-medina-marrakech-550x660.jpg\" alt=\"\" \/><\/div><a class=\"gallery-one__photo photo-gallery\" href=\"https:\/\/www.marhbabikoum.com\/wp-content\/uploads\/2023\/12\/visiter-medina-marrakech.jpg\" data-elementor-lightbox-slideshow=\"gallery-ceva\"><\/a><div class=\"gallery-one__content\"><div class=\"gallery-one__content-inner\"><span class=\"gallery-one__icon\"><i class=\"fas fa-plus\"><\/i><\/span><\/div><\/div><\/div><\/div>\t  \t<\/div>\r\n\t<\/div>\r\n<\/div>\r\n<\/div>\t\t<\/div>\n\t\t\t\t<\/div>\n\t\t\t\t\t\t<\/div>\n\t\t\t\t\t<\/div>\n\t\t<\/div>\n\t\t\t\t\t\t\t\t<\/div>\n\t\t\t\t\t<\/div>\n\t\t<\/section>\n\t\t\t\t\t\t\t\t\t<\/div>\n\t\t\t<\/div>\n\t\t\t\t\t<\/div>\n\t\t","protected":false},"excerpt":{"rendered":"<p>Visita Marrakesh Visita a Marrakech \/ Clases de la\u00fad, clases de cocina \u00bfQuieres tener una iniciaci\u00f3n al la\u00fad, este instrumento tradicional ar\u00e1bigo-andalus\u00ed? \u00bfQuieres aprender a preparar un plato marroqu\u00ed? Si quieres aprender algo tradicional marroqu\u00ed, \u00a1haznos una solicitud espec\u00edfica! \u00bfPor qu\u00e9 no descubrir de manera m\u00e1s profunda esta medina de Marrakech? \u00bfQuieres conocer barrios a [&hellip;]<\/p>\n","protected":false},"author":1,"featured_media":0,"parent":0,"menu_order":0,"comment_status":"closed","ping_status":"closed","template":"","meta":{"footnotes":""},"yoast_head":"<!-- This site is optimized with the Yoast SEO plugin v21.9.1 - https:\/\/yoast.com\/wordpress\/plugins\/seo\/ -->\n<title>Tours \u00fanicos en Marrakech: La\u00fad, Cocina, Medina, Cultura<\/title>\n<meta name=\"description\" content=\"Descubre Marrakech en profundidad: clases de la\u00fad, cocina, visitas guiadas. Explora la Medina con experiencias \u00fanicas. \u00a1Reserva tu programa a medida!\" \/>\n<meta name=\"robots\" content=\"index, follow, max-snippet:-1, max-image-preview:large, max-video-preview:-1\" \/>\n<link rel=\"canonical\" href=\"https:\/\/www.marhbabikoum.com\/es\/visita-a-marrakech\/\" \/>\n<meta property=\"og:locale\" content=\"es_ES\" \/>\n<meta property=\"og:type\" content=\"article\" \/>\n<meta property=\"og:title\" content=\"Tours \u00fanicos en Marrakech: La\u00fad, Cocina, Medina, Cultura\" \/>\n<meta property=\"og:description\" content=\"Descubre Marrakech en profundidad: clases de la\u00fad, cocina, visitas guiadas. Explora la Medina con experiencias \u00fanicas. \u00a1Reserva tu programa a medida!\" \/>\n<meta property=\"og:url\" content=\"https:\/\/www.marhbabikoum.com\/es\/visita-a-marrakech\/\" \/>\n<meta property=\"og:site_name\" content=\"Riad Marhbabikoum\" \/>\n<meta property=\"article:modified_time\" content=\"2026-05-07T14:33:39+00:00\" \/>\n<meta property=\"og:image\" content=\"https:\/\/marhbabikoum.inmorocco.com\/wp-content\/uploads\/2023\/12\/marrakech10-550x660.jpg\" \/>\n<meta name=\"twitter:card\" content=\"summary_large_image\" \/>\n<meta name=\"twitter:label1\" content=\"Tiempo de lectura\" \/>\n\t<meta name=\"twitter:data1\" content=\"2 minutos\" \/>\n<script type=\"application\/ld+json\" class=\"yoast-schema-graph\">{\"@context\":\"https:\/\/schema.org\",\"@graph\":[{\"@type\":\"WebPage\",\"@id\":\"https:\/\/www.marhbabikoum.com\/es\/visita-a-marrakech\/\",\"url\":\"https:\/\/www.marhbabikoum.com\/es\/visita-a-marrakech\/\",\"name\":\"Tours \u00fanicos en Marrakech: La\u00fad, Cocina, Medina, Cultura\",\"isPartOf\":{\"@id\":\"https:\/\/www.marhbabikoum.com\/#website\"},\"datePublished\":\"2024-01-08T14:30:04+00:00\",\"dateModified\":\"2026-05-07T14:33:39+00:00\",\"description\":\"Descubre Marrakech en profundidad: clases de la\u00fad, cocina, visitas guiadas. Explora la Medina con experiencias \u00fanicas. \u00a1Reserva tu programa a medida!\",\"breadcrumb\":{\"@id\":\"https:\/\/www.marhbabikoum.com\/es\/visita-a-marrakech\/#breadcrumb\"},\"inLanguage\":\"es\",\"potentialAction\":[{\"@type\":\"ReadAction\",\"target\":[\"https:\/\/www.marhbabikoum.com\/es\/visita-a-marrakech\/\"]}]},{\"@type\":\"BreadcrumbList\",\"@id\":\"https:\/\/www.marhbabikoum.com\/es\/visita-a-marrakech\/#breadcrumb\",\"itemListElement\":[{\"@type\":\"ListItem\",\"position\":1,\"name\":\"Accueil\",\"item\":\"https:\/\/www.marhbabikoum.com\/es\/\"},{\"@type\":\"ListItem\",\"position\":2,\"name\":\"Visita a Marrakech\"}]},{\"@type\":\"WebSite\",\"@id\":\"https:\/\/www.marhbabikoum.com\/#website\",\"url\":\"https:\/\/www.marhbabikoum.com\/\",\"name\":\"Riad Marhbabikoum\",\"description\":\"Maison d&#039;h\u00f4tes \u00e0 Marrakech\",\"publisher\":{\"@id\":\"https:\/\/www.marhbabikoum.com\/#organization\"},\"alternateName\":\"Riad Marhbabikoum\",\"potentialAction\":[{\"@type\":\"SearchAction\",\"target\":{\"@type\":\"EntryPoint\",\"urlTemplate\":\"https:\/\/www.marhbabikoum.com\/?s={search_term_string}\"},\"query-input\":\"required name=search_term_string\"}],\"inLanguage\":\"es\"},{\"@type\":\"Organization\",\"@id\":\"https:\/\/www.marhbabikoum.com\/#organization\",\"name\":\"Riad Marhbabikoum\",\"alternateName\":\"Riad Marhbabikoum\",\"url\":\"https:\/\/www.marhbabikoum.com\/\",\"logo\":{\"@type\":\"ImageObject\",\"inLanguage\":\"es\",\"@id\":\"https:\/\/www.marhbabikoum.com\/#\/schema\/logo\/image\/\",\"url\":\"https:\/\/www.marhbabikoum.com\/wp-content\/uploads\/2023\/01\/Riad_Marhbabikoum-logo.png\",\"contentUrl\":\"https:\/\/www.marhbabikoum.com\/wp-content\/uploads\/2023\/01\/Riad_Marhbabikoum-logo.png\",\"width\":1000,\"height\":1000,\"caption\":\"Riad Marhbabikoum\"},\"image\":{\"@id\":\"https:\/\/www.marhbabikoum.com\/#\/schema\/logo\/image\/\"}}]}<\/script>\n<!-- \/ Yoast SEO plugin. -->","yoast_head_json":{"title":"Tours \u00fanicos en Marrakech: La\u00fad, Cocina, Medina, Cultura","description":"Descubre Marrakech en profundidad: clases de la\u00fad, cocina, visitas guiadas. Explora la Medina con experiencias \u00fanicas. \u00a1Reserva tu programa a medida!","robots":{"index":"index","follow":"follow","max-snippet":"max-snippet:-1","max-image-preview":"max-image-preview:large","max-video-preview":"max-video-preview:-1"},"canonical":"https:\/\/www.marhbabikoum.com\/es\/visita-a-marrakech\/","og_locale":"es_ES","og_type":"article","og_title":"Tours \u00fanicos en Marrakech: La\u00fad, Cocina, Medina, Cultura","og_description":"Descubre Marrakech en profundidad: clases de la\u00fad, cocina, visitas guiadas. Explora la Medina con experiencias \u00fanicas. \u00a1Reserva tu programa a medida!","og_url":"https:\/\/www.marhbabikoum.com\/es\/visita-a-marrakech\/","og_site_name":"Riad Marhbabikoum","article_modified_time":"2026-05-07T14:33:39+00:00","og_image":[{"url":"https:\/\/marhbabikoum.inmorocco.com\/wp-content\/uploads\/2023\/12\/marrakech10-550x660.jpg"}],"twitter_card":"summary_large_image","twitter_misc":{"Tiempo de lectura":"2 minutos"},"schema":{"@context":"https:\/\/schema.org","@graph":[{"@type":"WebPage","@id":"https:\/\/www.marhbabikoum.com\/es\/visita-a-marrakech\/","url":"https:\/\/www.marhbabikoum.com\/es\/visita-a-marrakech\/","name":"Tours \u00fanicos en Marrakech: La\u00fad, Cocina, Medina, Cultura","isPartOf":{"@id":"https:\/\/www.marhbabikoum.com\/#website"},"datePublished":"2024-01-08T14:30:04+00:00","dateModified":"2026-05-07T14:33:39+00:00","description":"Descubre Marrakech en profundidad: clases de la\u00fad, cocina, visitas guiadas. Explora la Medina con experiencias \u00fanicas. \u00a1Reserva tu programa a medida!","breadcrumb":{"@id":"https:\/\/www.marhbabikoum.com\/es\/visita-a-marrakech\/#breadcrumb"},"inLanguage":"es","potentialAction":[{"@type":"ReadAction","target":["https:\/\/www.marhbabikoum.com\/es\/visita-a-marrakech\/"]}]},{"@type":"BreadcrumbList","@id":"https:\/\/www.marhbabikoum.com\/es\/visita-a-marrakech\/#breadcrumb","itemListElement":[{"@type":"ListItem","position":1,"name":"Accueil","item":"https:\/\/www.marhbabikoum.com\/es\/"},{"@type":"ListItem","position":2,"name":"Visita a Marrakech"}]},{"@type":"WebSite","@id":"https:\/\/www.marhbabikoum.com\/#website","url":"https:\/\/www.marhbabikoum.com\/","name":"Riad Marhbabikoum","description":"Maison d&#039;h\u00f4tes \u00e0 Marrakech","publisher":{"@id":"https:\/\/www.marhbabikoum.com\/#organization"},"alternateName":"Riad Marhbabikoum","potentialAction":[{"@type":"SearchAction","target":{"@type":"EntryPoint","urlTemplate":"https:\/\/www.marhbabikoum.com\/?s={search_term_string}"},"query-input":"required name=search_term_string"}],"inLanguage":"es"},{"@type":"Organization","@id":"https:\/\/www.marhbabikoum.com\/#organization","name":"Riad Marhbabikoum","alternateName":"Riad Marhbabikoum","url":"https:\/\/www.marhbabikoum.com\/","logo":{"@type":"ImageObject","inLanguage":"es","@id":"https:\/\/www.marhbabikoum.com\/#\/schema\/logo\/image\/","url":"https:\/\/www.marhbabikoum.com\/wp-content\/uploads\/2023\/01\/Riad_Marhbabikoum-logo.png","contentUrl":"https:\/\/www.marhbabikoum.com\/wp-content\/uploads\/2023\/01\/Riad_Marhbabikoum-logo.png","width":1000,"height":1000,"caption":"Riad Marhbabikoum"},"image":{"@id":"https:\/\/www.marhbabikoum.com\/#\/schema\/logo\/image\/"}}]}},"_links":{"self":[{"href":"https:\/\/www.marhbabikoum.com\/es\/wp-json\/wp\/v2\/pages\/3769"}],"collection":[{"href":"https:\/\/www.marhbabikoum.com\/es\/wp-json\/wp\/v2\/pages"}],"about":[{"href":"https:\/\/www.marhbabikoum.com\/es\/wp-json\/wp\/v2\/types\/page"}],"author":[{"embeddable":true,"href":"https:\/\/www.marhbabikoum.com\/es\/wp-json\/wp\/v2\/users\/1"}],"replies":[{"embeddable":true,"href":"https:\/\/www.marhbabikoum.com\/es\/wp-json\/wp\/v2\/comments?post=3769"}],"version-history":[{"count":4,"href":"https:\/\/www.marhbabikoum.com\/es\/wp-json\/wp\/v2\/pages\/3769\/revisions"}],"predecessor-version":[{"id":3773,"href":"https:\/\/www.marhbabikoum.com\/es\/wp-json\/wp\/v2\/pages\/3769\/revisions\/3773"}],"wp:attachment":[{"href":"https:\/\/www.marhbabikoum.com\/es\/wp-json\/wp\/v2\/media?parent=3769"}],"curies":[{"name":"wp","href":"https:\/\/api.w.org\/{rel}","templated":true}]}}